{"id":113340,"date":"2022-10-12T14:31:19","date_gmt":"2022-10-12T12:31:19","guid":{"rendered":"http:\/\/dev.claret.cat\/producte\/lultima-llico\/"},"modified":"2023-01-28T10:26:44","modified_gmt":"2023-01-28T09:26:44","slug":"lultima-llico-9788418022326","status":"publish","type":"product","link":"https:\/\/www.claret.cat\/es\/libro\/lultima-llico-9788418022326\/","title":{"rendered":"L&#8217;\u00daLTIMA LLI\u00c7\u00d3"},"content":{"rendered":"<p>Un simple gest t\u00e9 prou poder per canviar-te la vida de cap a peus. El mestre Noguchi, autor que ens va meravellar amb La llei del mirall, torna amb una \u00faltima lli\u00e7\u00f3 de vida. Si en la seva anterior obra ens va parlar de la import\u00e0ncia del perd\u00f3, aqu\u00ed ho fa de l&#8217;agra\u00efment.<br \/>El protagonista d&#8217;aquesta hist\u00f2ria va tocar el cel i l&#8217;infern en poc temps de difer\u00e8ncia i es va haver de refer a partir de la seva ess\u00e8ncia com a \u00e9sser. En aquest instant troba alg\u00fa que passa i es decideix a explicar-li els secrets de la felicitat que ha anar recollint al llarg del trajecte.<br \/>Si no hi ha res per sempre, tampoc la nostra tristesa i la nostra pena no duraran eternament. Per\u00f2, al mateix temps, cada moment de felicitat que experimentem \u00e9s un tresor que durar\u00e0 per l\u2019eternitat. Descobreix la m\u00e0gia que oculta l&#8217;agra\u00efment.<\/p>\n","protected":false},"excerpt":{"rendered":"<p>NOGUCHI, YOSHINORI<\/p>\n","protected":false},"featured_media":113341,"template":"","meta":{"_acf_changed":false,"om_disable_all_campaigns":false,"rs_blank_template":"","rs_page_bg_color":"","slide_template_v7":"","inline_featured_image":false,"_monsterinsights_skip_tracking":false,"_monsterinsights_sitenote_active":false,"_monsterinsights_sitenote_note":"","_monsterinsights_sitenote_category":0},"product_brand":[],"product_cat":[127],"product_tag":[],"class_list":{"0":"post-113340","1":"product","2":"type-product","3":"status-publish","4":"has-post-thumbnail","6":"product_cat-novella-contemporania","8":"first","9":"instock","10":"taxable","11":"shipping-taxable","12":"purchasable","13":"product-type-simple"},"acf":{"editorial":[{"ID":6222,"post_author":"3","post_date":"2022-07-28 17:47:31","post_date_gmt":"2022-07-28 15:47:31","post_content":"","post_title":"Editorial Comanegra","post_excerpt":"","post_status":"publish","comment_status":"closed","ping_status":"closed","post_password":"","post_name":"editorial-comanegra","to_ping":"","pinged":"","post_modified":"2022-07-28 17:47:31","post_modified_gmt":"2022-07-28 15:47:31","post_content_filtered":"","post_parent":0,"guid":"http:\/\/dev.claret.cat\/editorial\/editorial-comanegra\/","menu_order":0,"post_type":"editorial","post_mime_type":"","comment_count":"0","filter":"raw"}],"autor":"NOGUCHI, YOSHINORI","codart":"841802232","libros-coleccion":"EMOCIONS","ediciones":"1","encuadernacion":"R\u00fastica","fecha_de_publicacion":"01\/03\/2020","novedad":"1","paginas":"93","subtitulo":"","orden":"0","portada":"0","idioma":"cat","autores-libros":[{"ID":171607,"post_author":"3","post_date":"2022-10-14 22:44:46","post_date_gmt":"2022-10-14 20:44:46","post_content":"","post_title":"YOSHINORI NOGUCHI","post_excerpt":"","post_status":"publish","comment_status":"closed","ping_status":"closed","post_password":"","post_name":"yoshinori-noguchi","to_ping":"","pinged":"","post_modified":"2022-10-14 22:44:46","post_modified_gmt":"2022-10-14 20:44:46","post_content_filtered":"","post_parent":0,"guid":"http:\/\/dev.claret.cat\/autor\/yoshinori-noguchi\/","menu_order":0,"post_type":"autor","post_mime_type":"","comment_count":"0","filter":"raw"}]},"aioseo_notices":[],"_links":{"self":[{"href":"https:\/\/www.claret.cat\/es\/wp-json\/wp\/v2\/product\/113340","targetHints":{"allow":["GET"]}}],"collection":[{"href":"https:\/\/www.claret.cat\/es\/wp-json\/wp\/v2\/product"}],"about":[{"href":"https:\/\/www.claret.cat\/es\/wp-json\/wp\/v2\/types\/product"}],"wp:featuredmedia":[{"embeddable":true,"href":"https:\/\/www.claret.cat\/es\/wp-json\/wp\/v2\/media\/113341"}],"wp:attachment":[{"href":"https:\/\/www.claret.cat\/es\/wp-json\/wp\/v2\/media?parent=113340"}],"wp:term":[{"taxonomy":"product_brand","embeddable":true,"href":"https:\/\/www.claret.cat\/es\/wp-json\/wp\/v2\/product_brand?post=113340"},{"taxonomy":"product_cat","embeddable":true,"href":"https:\/\/www.claret.cat\/es\/wp-json\/wp\/v2\/product_cat?post=113340"},{"taxonomy":"product_tag","embeddable":true,"href":"https:\/\/www.claret.cat\/es\/wp-json\/wp\/v2\/product_tag?post=113340"}],"curies":[{"name":"wp","href":"https:\/\/api.w.org\/{rel}","templated":true}]}}