{"id":113343,"date":"2022-10-12T14:31:21","date_gmt":"2022-10-12T12:31:21","guid":{"rendered":"http:\/\/dev.claret.cat\/producte\/la-educacion-en-la-amistad-durante-la-adolescencia\/"},"modified":"2026-01-19T12:11:18","modified_gmt":"2026-01-19T11:11:18","slug":"la-educacion-en-la-amistad-durante-la-adolescencia-9788431333478","status":"publish","type":"product","link":"https:\/\/www.claret.cat\/es\/libro\/la-educacion-en-la-amistad-durante-la-adolescencia-9788431333478\/","title":{"rendered":"LA EDUCACI\u00d3N EN LA AMISTAD DURANTE LA ADOLESCENCIA"},"content":{"rendered":"<p>La amistad es una relaci\u00f3n que envuelve la vida de todo ser humano. En la adolescencia se descubre de forma especial ese tipo de relaci\u00f3n y se va madurando juntamente con la persona. Es importante tener en cuenta que la amistad est\u00e1 llena de elementos que son necesarios para que se pueda entablar ese tipo de relaci\u00f3n de la forma m\u00e1s aut\u00e9ntica posible. Aunque la amistad se da de forma espont\u00e1nea, la carencia de ciertos factores puede dificultar la relaci\u00f3n o incluso anularla. En este trabajo se hablar\u00e1 de lo que es la amistad y su importancia en la adolescencia media, enfocado sobre todo a alumnas del Instituto Rosedal M\u00e9xico, a fin de poder iluminar a los formadores en su labor en el acompa\u00f1amiento y educaci\u00f3n en la amistad.<\/p>\n","protected":false},"excerpt":{"rendered":"<p>RONCHI, ANA PAULA<\/p>\n","protected":false},"featured_media":113344,"template":"","meta":{"_acf_changed":false,"om_disable_all_campaigns":false,"rs_blank_template":"","rs_page_bg_color":"","slide_template_v7":"","inline_featured_image":false,"_monsterinsights_skip_tracking":false,"_monsterinsights_sitenote_active":false,"_monsterinsights_sitenote_note":"","_monsterinsights_sitenote_category":0},"product_brand":[],"product_cat":[100,550],"product_tag":[],"class_list":{"0":"post-113343","1":"product","2":"type-product","3":"status-publish","4":"has-post-thumbnail","6":"product_cat-escola-de-pares","7":"product_cat-escuela-de-padres-3_infantil-juvenil-spa-spa","9":"first","10":"instock","11":"taxable","12":"shipping-taxable","13":"purchasable","14":"product-type-simple"},"acf":{"editorial":[{"ID":6251,"post_author":"3","post_date":"2022-07-28 17:48:11","post_date_gmt":"2022-07-28 15:48:11","post_content":"","post_title":"EUNSA. EDICIONES UNIVERSIDAD DE NAVARRA","post_excerpt":"","post_status":"publish","comment_status":"closed","ping_status":"closed","post_password":"","post_name":"eunsa-ediciones-universidad-de-navarra","to_ping":"","pinged":"","post_modified":"2022-07-28 17:48:11","post_modified_gmt":"2022-07-28 15:48:11","post_content_filtered":"","post_parent":0,"guid":"http:\/\/dev.claret.cat\/editorial\/eunsa-ediciones-universidad-de-navarra\/","menu_order":0,"post_type":"editorial","post_mime_type":"","comment_count":"0","filter":"raw"}],"autor":"RONCHI, ANA PAULA","codart":"843133347","libros-coleccion":"Cuadernos y programas especializados. In","ediciones":"1","encuadernacion":"R\u00fastica","fecha_de_publicacion":"01\/03\/2020","novedad":"1","paginas":"78","subtitulo":"","orden":"0","portada":"0","idioma":"spa","autores-libros":[{"ID":150128,"post_author":"3","post_date":"2022-10-14 14:30:27","post_date_gmt":"2022-10-14 12:30:27","post_content":"","post_title":"ANA PAULA RONCHI","post_excerpt":"","post_status":"publish","comment_status":"closed","ping_status":"closed","post_password":"","post_name":"ana-paula-ronchi","to_ping":"","pinged":"","post_modified":"2022-10-14 14:30:27","post_modified_gmt":"2022-10-14 12:30:27","post_content_filtered":"","post_parent":0,"guid":"http:\/\/dev.claret.cat\/autor\/ana-paula-ronchi\/","menu_order":0,"post_type":"autor","post_mime_type":"","comment_count":"0","filter":"raw"}],"booktrailer":"","resenas":""},"aioseo_notices":[],"_links":{"self":[{"href":"https:\/\/www.claret.cat\/es\/wp-json\/wp\/v2\/product\/113343","targetHints":{"allow":["GET"]}}],"collection":[{"href":"https:\/\/www.claret.cat\/es\/wp-json\/wp\/v2\/product"}],"about":[{"href":"https:\/\/www.claret.cat\/es\/wp-json\/wp\/v2\/types\/product"}],"wp:featuredmedia":[{"embeddable":true,"href":"https:\/\/www.claret.cat\/es\/wp-json\/wp\/v2\/media\/113344"}],"wp:attachment":[{"href":"https:\/\/www.claret.cat\/es\/wp-json\/wp\/v2\/media?parent=113343"}],"wp:term":[{"taxonomy":"product_brand","embeddable":true,"href":"https:\/\/www.claret.cat\/es\/wp-json\/wp\/v2\/product_brand?post=113343"},{"taxonomy":"product_cat","embeddable":true,"href":"https:\/\/www.claret.cat\/es\/wp-json\/wp\/v2\/product_cat?post=113343"},{"taxonomy":"product_tag","embeddable":true,"href":"https:\/\/www.claret.cat\/es\/wp-json\/wp\/v2\/product_tag?post=113343"}],"curies":[{"name":"wp","href":"https:\/\/api.w.org\/{rel}","templated":true}]}}