{"id":113349,"date":"2022-10-12T14:31:27","date_gmt":"2022-10-12T12:31:27","guid":{"rendered":"http:\/\/dev.claret.cat\/producte\/la-ultima-leccion\/"},"modified":"2023-04-19T17:31:59","modified_gmt":"2023-04-19T15:31:59","slug":"la-ultima-leccion-9788418022333","status":"publish","type":"product","link":"https:\/\/www.claret.cat\/es\/libro\/la-ultima-leccion-9788418022333\/","title":{"rendered":"LA \u00daLTIMA LECCI\u00d3N"},"content":{"rendered":"<p>Un simple gesto tiene la fuerza suficiente para variar tu existencia totalmente. El maestro Noguchi, autor que nos maravill\u00f3 con La ley del espejo, nos muestra una \u00faltima lecci\u00f3n de vida. Si en su anterior obra nos habl\u00f3 de la importancia del perd\u00f3n, ahora nos descubre el agradecimiento.<br \/>El protagonista de esta historia toc\u00f3 el cielo y el infierno en poco tiempo y tuvo que recomponerse a partir de su esencia como ser. Encuentra entonces a alguien que pasa y se decide a revelarle los secretos de la felicidad que ha ido recogiendo a lo largo de su trayecto.<br \/>Si nada es eterno, tampoco nuestra tristeza ni nuestra pena durar\u00e1n eternamente. Pero al mismo tiempo, cada instante de felicidad que experimentamos es un tesoro que vivir\u00e1 para siempre.<\/p>\n","protected":false},"excerpt":{"rendered":"<p>NOGUCHI, YOSHINORI<\/p>\n","protected":false},"featured_media":113350,"template":"","meta":{"_acf_changed":false,"om_disable_all_campaigns":false,"rs_blank_template":"","rs_page_bg_color":"","slide_template_v7":"","inline_featured_image":false,"_monsterinsights_skip_tracking":false,"_monsterinsights_sitenote_active":false,"_monsterinsights_sitenote_note":"","_monsterinsights_sitenote_category":0},"product_brand":[],"product_cat":[127,357],"product_tag":[],"class_list":{"0":"post-113349","1":"product","2":"type-product","3":"status-publish","4":"has-post-thumbnail","6":"product_cat-novella-contemporania","7":"product_cat-novela-contemporanea","9":"first","10":"instock","11":"taxable","12":"shipping-taxable","13":"purchasable","14":"product-type-simple"},"acf":{"editorial":[{"ID":6222,"post_author":"3","post_date":"2022-07-28 17:47:31","post_date_gmt":"2022-07-28 15:47:31","post_content":"","post_title":"Editorial Comanegra","post_excerpt":"","post_status":"publish","comment_status":"closed","ping_status":"closed","post_password":"","post_name":"editorial-comanegra","to_ping":"","pinged":"","post_modified":"2022-07-28 17:47:31","post_modified_gmt":"2022-07-28 15:47:31","post_content_filtered":"","post_parent":0,"guid":"http:\/\/dev.claret.cat\/editorial\/editorial-comanegra\/","menu_order":0,"post_type":"editorial","post_mime_type":"","comment_count":"0","filter":"raw"}],"autor":"NOGUCHI, YOSHINORI","codart":"841802233","libros-coleccion":"Emociones","ediciones":"1","encuadernacion":"R\u00fastica","fecha_de_publicacion":"01\/03\/2020","novedad":"1","paginas":"95","subtitulo":"","orden":"0","portada":"0","idioma":"spa","autores-libros":[{"ID":171607,"post_author":"3","post_date":"2022-10-14 22:44:46","post_date_gmt":"2022-10-14 20:44:46","post_content":"","post_title":"YOSHINORI NOGUCHI","post_excerpt":"","post_status":"publish","comment_status":"closed","ping_status":"closed","post_password":"","post_name":"yoshinori-noguchi","to_ping":"","pinged":"","post_modified":"2022-10-14 22:44:46","post_modified_gmt":"2022-10-14 20:44:46","post_content_filtered":"","post_parent":0,"guid":"http:\/\/dev.claret.cat\/autor\/yoshinori-noguchi\/","menu_order":0,"post_type":"autor","post_mime_type":"","comment_count":"0","filter":"raw"}]},"aioseo_notices":[],"_links":{"self":[{"href":"https:\/\/www.claret.cat\/es\/wp-json\/wp\/v2\/product\/113349","targetHints":{"allow":["GET"]}}],"collection":[{"href":"https:\/\/www.claret.cat\/es\/wp-json\/wp\/v2\/product"}],"about":[{"href":"https:\/\/www.claret.cat\/es\/wp-json\/wp\/v2\/types\/product"}],"wp:featuredmedia":[{"embeddable":true,"href":"https:\/\/www.claret.cat\/es\/wp-json\/wp\/v2\/media\/113350"}],"wp:attachment":[{"href":"https:\/\/www.claret.cat\/es\/wp-json\/wp\/v2\/media?parent=113349"}],"wp:term":[{"taxonomy":"product_brand","embeddable":true,"href":"https:\/\/www.claret.cat\/es\/wp-json\/wp\/v2\/product_brand?post=113349"},{"taxonomy":"product_cat","embeddable":true,"href":"https:\/\/www.claret.cat\/es\/wp-json\/wp\/v2\/product_cat?post=113349"},{"taxonomy":"product_tag","embeddable":true,"href":"https:\/\/www.claret.cat\/es\/wp-json\/wp\/v2\/product_tag?post=113349"}],"curies":[{"name":"wp","href":"https:\/\/api.w.org\/{rel}","templated":true}]}}