{"id":113358,"date":"2022-10-12T14:31:35","date_gmt":"2022-10-12T12:31:35","guid":{"rendered":"http:\/\/dev.claret.cat\/producte\/benedicto-xvi-una-historia-de-la-iglesia-2\/"},"modified":"2024-05-23T20:56:14","modified_gmt":"2024-05-23T18:56:14","slug":"benedicto-xvi-una-historia-de-la-iglesia-2-9788470576645","status":"publish","type":"product","link":"https:\/\/www.claret.cat\/es\/libro\/benedicto-xvi-una-historia-de-la-iglesia-2-9788470576645\/","title":{"rendered":"BENEDICTO XVI. UNA HISTORIA DE LA IGLESIA &#8211; 2"},"content":{"rendered":"<p>En estas p\u00e1ginas ofrecemos los numerosos textos que el papa alem\u00e1n ofreci\u00f3 durante su pontificado sobre distintas figuras de la historia de la Iglesia, las cuales nos ofrecen el marco interpretativo para leer convenientemente la Biblia en la Iglesia. En este volumen aparecen los autores correspondientes a las edades media, moderna y contempor\u00e1nea.<\/p>\n","protected":false},"excerpt":{"rendered":"<p>BLANCO SARTO, PABLO; TORRES MORENO, EDUARDO<\/p>\n","protected":false},"featured_media":349621,"template":"","meta":{"_acf_changed":false,"om_disable_all_campaigns":false,"rs_blank_template":"","rs_page_bg_color":"","slide_template_v7":"","inline_featured_image":false,"_monsterinsights_skip_tracking":false,"_monsterinsights_sitenote_active":false,"_monsterinsights_sitenote_note":"","_monsterinsights_sitenote_category":0},"product_brand":[],"product_cat":[283,511,95,545],"product_tag":[],"class_list":{"0":"post-113358","1":"product","2":"type-product","3":"status-publish","4":"has-post-thumbnail","6":"product_cat-eclesiologia-teologia","7":"product_cat-eclesiologia-teologia-1_espiritualidad","8":"product_cat-santoral","9":"product_cat-santoral-1_espiritualidad-spa","11":"first","12":"instock","13":"taxable","14":"shipping-taxable","15":"purchasable","16":"product-type-simple"},"acf":{"editorial":[{"ID":6173,"post_author":"3","post_date":"2022-07-28 17:46:28","post_date_gmt":"2022-07-28 15:46:28","post_content":"","post_title":"Cristiandad","post_excerpt":"","post_status":"publish","comment_status":"closed","ping_status":"closed","post_password":"","post_name":"cristiandad","to_ping":"","pinged":"","post_modified":"2022-07-28 17:46:28","post_modified_gmt":"2022-07-28 15:46:28","post_content_filtered":"","post_parent":0,"guid":"http:\/\/dev.claret.cat\/editorial\/cristiandad\/","menu_order":0,"post_type":"editorial","post_mime_type":"","comment_count":"0","filter":"raw"}],"autores-libros":[{"ID":5911,"post_author":"3","post_date":"2022-07-28 17:34:08","post_date_gmt":"2022-07-28 15:34:08","post_content":"","post_title":"PABLO BLANCO SARTO","post_excerpt":"","post_status":"publish","comment_status":"closed","ping_status":"closed","post_password":"","post_name":"pablo-blanco-sarto","to_ping":"","pinged":"","post_modified":"2022-07-28 17:34:08","post_modified_gmt":"2022-07-28 15:34:08","post_content_filtered":"","post_parent":0,"guid":"http:\/\/dev.claret.cat\/autor\/pablo-blanco-sarto\/","menu_order":0,"post_type":"autor","post_mime_type":"","comment_count":"0","filter":"raw"},{"ID":154614,"post_author":"3","post_date":"2022-10-14 15:06:13","post_date_gmt":"2022-10-14 13:06:13","post_content":"","post_title":"EDUARDO TORRES MORENO","post_excerpt":"","post_status":"publish","comment_status":"closed","ping_status":"closed","post_password":"","post_name":"eduardo-torres-moreno","to_ping":"","pinged":"","post_modified":"2022-10-14 15:06:13","post_modified_gmt":"2022-10-14 13:06:13","post_content_filtered":"","post_parent":0,"guid":"http:\/\/dev.claret.cat\/autor\/eduardo-torres-moreno\/","menu_order":0,"post_type":"autor","post_mime_type":"","comment_count":"0","filter":"raw"}],"autor":"BLANCO SARTO, PABLO; TORRES MORENO, EDUARDO","codart":"847057664","libros-coleccion":"FONDO GENERAL","ediciones":"1","encuadernacion":"R\u00fastica","fecha_de_publicacion":"09\/03\/2020","novedad":"1","paginas":"310","subtitulo":"GRANDES FIGURAS DEL CRISTIANISMO","orden":"0","portada":"0","idioma":"spa"},"aioseo_notices":[],"_links":{"self":[{"href":"https:\/\/www.claret.cat\/es\/wp-json\/wp\/v2\/product\/113358","targetHints":{"allow":["GET"]}}],"collection":[{"href":"https:\/\/www.claret.cat\/es\/wp-json\/wp\/v2\/product"}],"about":[{"href":"https:\/\/www.claret.cat\/es\/wp-json\/wp\/v2\/types\/product"}],"wp:featuredmedia":[{"embeddable":true,"href":"https:\/\/www.claret.cat\/es\/wp-json\/wp\/v2\/media\/349621"}],"wp:attachment":[{"href":"https:\/\/www.claret.cat\/es\/wp-json\/wp\/v2\/media?parent=113358"}],"wp:term":[{"taxonomy":"product_brand","embeddable":true,"href":"https:\/\/www.claret.cat\/es\/wp-json\/wp\/v2\/product_brand?post=113358"},{"taxonomy":"product_cat","embeddable":true,"href":"https:\/\/www.claret.cat\/es\/wp-json\/wp\/v2\/product_cat?post=113358"},{"taxonomy":"product_tag","embeddable":true,"href":"https:\/\/www.claret.cat\/es\/wp-json\/wp\/v2\/product_tag?post=113358"}],"curies":[{"name":"wp","href":"https:\/\/api.w.org\/{rel}","templated":true}]}}