{"id":113397,"date":"2022-10-12T14:32:11","date_gmt":"2022-10-12T12:32:11","guid":{"rendered":"http:\/\/dev.claret.cat\/producte\/los-dias-eternos\/"},"modified":"2024-05-24T04:40:06","modified_gmt":"2024-05-24T02:40:06","slug":"los-dias-eternos-9788432152283","status":"publish","type":"product","link":"https:\/\/www.claret.cat\/es\/libro\/los-dias-eternos-9788432152283\/","title":{"rendered":"LOS D\u00cdAS ETERNOS"},"content":{"rendered":"<p>El poemario, Premio Adon\u00e1is 2019, es un fiel reflejo del desarrollo existencial de cualquier individuo, en el que se entrelazan memoria y temporalidad, intensidad expresiva y espontaneidad, conocimiento amplio de la literatura y sabidur\u00eda po\u00e9tica.<\/p>\n","protected":false},"excerpt":{"rendered":"<p>HIGUERUELO, MAR\u00cdA ELENA<\/p>\n","protected":false},"featured_media":344372,"template":"","meta":{"_acf_changed":false,"om_disable_all_campaigns":false,"rs_blank_template":"","rs_page_bg_color":"","slide_template_v7":"","inline_featured_image":false,"_monsterinsights_skip_tracking":false,"_monsterinsights_sitenote_active":false,"_monsterinsights_sitenote_note":"","_monsterinsights_sitenote_category":0},"product_brand":[],"product_cat":[121,340],"product_tag":[],"class_list":{"0":"post-113397","1":"product","2":"type-product","3":"status-publish","4":"has-post-thumbnail","6":"product_cat-poesia","7":"product_cat-poesia-5_otras","9":"first","10":"instock","11":"taxable","12":"shipping-taxable","13":"purchasable","14":"product-type-simple"},"acf":{"editorial":[{"ID":6348,"post_author":"3","post_date":"2022-07-28 17:50:16","post_date_gmt":"2022-07-28 15:50:16","post_content":"","post_title":"Rialp","post_excerpt":"","post_status":"publish","comment_status":"closed","ping_status":"closed","post_password":"","post_name":"rialp","to_ping":"","pinged":"","post_modified":"2022-07-28 17:50:16","post_modified_gmt":"2022-07-28 15:50:16","post_content_filtered":"","post_parent":0,"guid":"http:\/\/dev.claret.cat\/editorial\/rialp\/","menu_order":0,"post_type":"editorial","post_mime_type":"","comment_count":"0","filter":"raw"}],"autor":"HIGUERUELO, MAR\u00cdA ELENA","codart":"843215228","libros-coleccion":"Poes\u00eda. Adonais","ediciones":"1","encuadernacion":"R\u00fastica","fecha_de_publicacion":"09\/03\/2020","novedad":"1","paginas":"84","subtitulo":"","orden":"0","portada":"0","idioma":"spa","autores-libros":[{"ID":163605,"post_author":"3","post_date":"2022-10-14 17:40:22","post_date_gmt":"2022-10-14 15:40:22","post_content":"","post_title":"MAR\u00cdA ELENA HIGUERUELO","post_excerpt":"","post_status":"publish","comment_status":"closed","ping_status":"closed","post_password":"","post_name":"maria-elena-higueruelo","to_ping":"","pinged":"","post_modified":"2022-10-14 17:40:22","post_modified_gmt":"2022-10-14 15:40:22","post_content_filtered":"","post_parent":0,"guid":"http:\/\/dev.claret.cat\/autor\/maria-elena-higueruelo\/","menu_order":0,"post_type":"autor","post_mime_type":"","comment_count":"0","filter":"raw"}]},"aioseo_notices":[],"_links":{"self":[{"href":"https:\/\/www.claret.cat\/es\/wp-json\/wp\/v2\/product\/113397","targetHints":{"allow":["GET"]}}],"collection":[{"href":"https:\/\/www.claret.cat\/es\/wp-json\/wp\/v2\/product"}],"about":[{"href":"https:\/\/www.claret.cat\/es\/wp-json\/wp\/v2\/types\/product"}],"wp:featuredmedia":[{"embeddable":true,"href":"https:\/\/www.claret.cat\/es\/wp-json\/wp\/v2\/media\/344372"}],"wp:attachment":[{"href":"https:\/\/www.claret.cat\/es\/wp-json\/wp\/v2\/media?parent=113397"}],"wp:term":[{"taxonomy":"product_brand","embeddable":true,"href":"https:\/\/www.claret.cat\/es\/wp-json\/wp\/v2\/product_brand?post=113397"},{"taxonomy":"product_cat","embeddable":true,"href":"https:\/\/www.claret.cat\/es\/wp-json\/wp\/v2\/product_cat?post=113397"},{"taxonomy":"product_tag","embeddable":true,"href":"https:\/\/www.claret.cat\/es\/wp-json\/wp\/v2\/product_tag?post=113397"}],"curies":[{"name":"wp","href":"https:\/\/api.w.org\/{rel}","templated":true}]}}