{"id":113586,"date":"2022-10-12T14:35:01","date_gmt":"2022-10-12T12:35:01","guid":{"rendered":"http:\/\/dev.claret.cat\/producte\/imperios\/"},"modified":"2023-01-28T08:04:38","modified_gmt":"2023-01-28T07:04:38","slug":"imperios-9788418164064","status":"publish","type":"product","link":"https:\/\/www.claret.cat\/es\/libro\/imperios-9788418164064\/","title":{"rendered":"IMPERIOS"},"content":{"rendered":"<p>\u00bfQu\u00e9 caracteriza a los imperios? \u00bfQu\u00e9 peligros esconde un orden imperial? \u00bfQu\u00e9 oportunidades ofrece? De pronto estas preguntas dejaron de tener un inter\u00e9s puramente hist\u00f3rico. Estados Unidos ocupa entretanto una supremac\u00eda que muchos juzgan amenazadora. \u00bfLos pol\u00edticos en Washington determinan las reglas que deben regir en el resto del mundo? \u00bfO existe una l\u00f3gica del dominio mundial ante la que deben doblegarse? Herfried M\u00fcnkler muestra c\u00f3mo funciona un imperio y qu\u00e9 tipos de imperios han existido en el pasado. Un espl\u00e9ndido paseo a trav\u00e9s de la historia y, al mismo tiempo, un an\u00e1lisis brillante de un tema de actualidad.<\/p>\n","protected":false},"excerpt":{"rendered":"<p>M\u00dcNKLER, HERFRIED<\/p>\n","protected":false},"featured_media":113587,"template":"","meta":{"_acf_changed":false,"om_disable_all_campaigns":false,"rs_blank_template":"","rs_page_bg_color":"","slide_template_v7":"","inline_featured_image":false,"_monsterinsights_skip_tracking":false,"_monsterinsights_sitenote_active":false,"_monsterinsights_sitenote_note":"","_monsterinsights_sitenote_category":0},"product_brand":[],"product_cat":[157],"product_tag":[],"class_list":{"0":"post-113586","1":"product","2":"type-product","3":"status-publish","4":"has-post-thumbnail","6":"product_cat-investigacio-i-corrents","8":"first","9":"instock","10":"taxable","11":"shipping-taxable","12":"purchasable","13":"product-type-simple"},"acf":{"autor":"M\u00dcNKLER, HERFRIED","codart":"841816406","libros-coleccion":"Ideas","ediciones":"1","encuadernacion":"R\u00fastica","fecha_de_publicacion":"01\/02\/2020","novedad":"1","paginas":"344","subtitulo":"LA L\u00d3GICA DEL DOMINIO DEL MUNDO DESDE LA ANTIGUA ROMA A ESTADOS UNIDOS","orden":"0","portada":"0","idioma":"spa","editorial":[{"ID":148580,"post_author":"3","post_date":"2022-10-14 11:59:21","post_date_gmt":"2022-10-14 09:59:21","post_content":"","post_title":"Nola Editores","post_excerpt":"","post_status":"publish","comment_status":"closed","ping_status":"closed","post_password":"","post_name":"nola-editores","to_ping":"","pinged":"","post_modified":"2022-10-14 11:59:21","post_modified_gmt":"2022-10-14 09:59:21","post_content_filtered":"","post_parent":0,"guid":"http:\/\/dev.claret.cat\/editorial\/nola-editores\/","menu_order":0,"post_type":"editorial","post_mime_type":"","comment_count":"0","filter":"raw"}],"autores-libros":[{"ID":157538,"post_author":"3","post_date":"2022-10-14 15:29:37","post_date_gmt":"2022-10-14 13:29:37","post_content":"","post_title":"HERFRIED M\u00dcNKLER","post_excerpt":"","post_status":"publish","comment_status":"closed","ping_status":"closed","post_password":"","post_name":"herfried-munkler","to_ping":"","pinged":"","post_modified":"2022-10-14 15:29:37","post_modified_gmt":"2022-10-14 13:29:37","post_content_filtered":"","post_parent":0,"guid":"http:\/\/dev.claret.cat\/autor\/herfried-munkler\/","menu_order":0,"post_type":"autor","post_mime_type":"","comment_count":"0","filter":"raw"}]},"aioseo_notices":[],"_links":{"self":[{"href":"https:\/\/www.claret.cat\/es\/wp-json\/wp\/v2\/product\/113586","targetHints":{"allow":["GET"]}}],"collection":[{"href":"https:\/\/www.claret.cat\/es\/wp-json\/wp\/v2\/product"}],"about":[{"href":"https:\/\/www.claret.cat\/es\/wp-json\/wp\/v2\/types\/product"}],"wp:featuredmedia":[{"embeddable":true,"href":"https:\/\/www.claret.cat\/es\/wp-json\/wp\/v2\/media\/113587"}],"wp:attachment":[{"href":"https:\/\/www.claret.cat\/es\/wp-json\/wp\/v2\/media?parent=113586"}],"wp:term":[{"taxonomy":"product_brand","embeddable":true,"href":"https:\/\/www.claret.cat\/es\/wp-json\/wp\/v2\/product_brand?post=113586"},{"taxonomy":"product_cat","embeddable":true,"href":"https:\/\/www.claret.cat\/es\/wp-json\/wp\/v2\/product_cat?post=113586"},{"taxonomy":"product_tag","embeddable":true,"href":"https:\/\/www.claret.cat\/es\/wp-json\/wp\/v2\/product_tag?post=113586"}],"curies":[{"name":"wp","href":"https:\/\/api.w.org\/{rel}","templated":true}]}}