{"id":113655,"date":"2022-10-12T14:36:05","date_gmt":"2022-10-12T12:36:05","guid":{"rendered":"http:\/\/dev.claret.cat\/producte\/un-lloc-anomenat-antany\/"},"modified":"2024-01-31T20:40:43","modified_gmt":"2024-01-31T19:40:43","slug":"un-lloc-anomenat-antany-9788475888392","status":"publish","type":"product","link":"https:\/\/www.claret.cat\/es\/libro\/un-lloc-anomenat-antany-9788475888392\/","title":{"rendered":"UN LLOC ANOMENAT ANTANY"},"content":{"rendered":"<p>S\u00f3n diferents generacions les que lluiten per la felicitat a l&#8217;Antany, un lloc m\u00edtic i fictici al cor de Pol\u00f2nia, en aquesta enlluernadora obra en qu\u00e8 realitat i m\u00e0gia es fonen per crear un univers literari esborronador i bell. La Gran Guerra, sota les banderes del tsar; l&#8217;ocupaci\u00f3 nazi i despr\u00e9s la sovi\u00e8tica durant la Segona Guerra Mundial; el r\u00e8gim comunista, la corrupci\u00f3 i el pes de la dictadura&#8230; El pas de la hist\u00f2ria deixa sentir els seus efectes en els habitants de l&#8217;Antany i les seves vides. I els horrors i la il\u00b7lusi\u00f3 de felicitat del segle XX s&#8217;encarnen en un trencad\u00eds de personatges inoblidables i les seves hist\u00f2ries entrecreuades, explicades en una construcci\u00f3 prodigiosa que ens fa passar dels anhels m\u00e9s profunds a l&#8217;humil mecanisme d&#8217;un molinet de caf\u00e8, dels deliris massa humans al silenci del miceli sota el bosc humit, mentre la modernitat avan\u00e7a inexorable sobre un m\u00f3n que semblava immune al pas del temps.<br \/>Un lloc anomenant Antany va rebre el premi de la fundaci\u00f3 Koscielski l&#8217;any 1997, que va establir Olga Tokarczuk com una de les veus capdavanteres de les lletres poloneses i la va donar a con\u00e8ixer internacionalment. Ha estat tradu\u00eft a nombroses lleng\u00fces i en l\u2019actualitat \u00e9s considerat un cl\u00e0ssic europeu.<\/p>\n","protected":false},"excerpt":{"rendered":"<p>TOKARCZUK, OLGA<\/p>\n","protected":false},"featured_media":113656,"template":"","meta":{"_acf_changed":false,"om_disable_all_campaigns":false,"rs_blank_template":"","rs_page_bg_color":"","slide_template_v7":"","inline_featured_image":false,"_monsterinsights_skip_tracking":false,"_monsterinsights_sitenote_active":false,"_monsterinsights_sitenote_note":"","_monsterinsights_sitenote_category":0},"product_brand":[],"product_cat":[90,540],"product_tag":[],"class_list":{"0":"post-113655","1":"product","2":"type-product","3":"status-publish","4":"has-post-thumbnail","6":"product_cat-altres","7":"product_cat-otros","9":"first","10":"instock","11":"taxable","12":"shipping-taxable","13":"purchasable","14":"product-type-simple"},"acf":{"editorial":[{"ID":6336,"post_author":"3","post_date":"2022-07-28 17:50:00","post_date_gmt":"2022-07-28 15:50:00","post_content":"","post_title":"Proa","post_excerpt":"","post_status":"publish","comment_status":"closed","ping_status":"closed","post_password":"","post_name":"proa","to_ping":"","pinged":"","post_modified":"2022-07-28 17:50:00","post_modified_gmt":"2022-07-28 15:50:00","post_content_filtered":"","post_parent":0,"guid":"http:\/\/dev.claret.cat\/editorial\/proa\/","menu_order":0,"post_type":"editorial","post_mime_type":"","comment_count":"0","filter":"raw"}],"autor":"TOKARCZUK, OLGA","codart":"847588839","libros-coleccion":"A TOT VENT-R\u00daST","ediciones":"1","encuadernacion":"R\u00fastica","fecha_de_publicacion":"01\/03\/2020","novedad":"1","paginas":"320","subtitulo":"","orden":"0","portada":"0","idioma":"cat","autores-libros":[{"ID":166160,"post_author":"3","post_date":"2022-10-14 18:00:54","post_date_gmt":"2022-10-14 16:00:54","post_content":"","post_title":"OLGA TOKARCZUK","post_excerpt":"","post_status":"publish","comment_status":"closed","ping_status":"closed","post_password":"","post_name":"olga-tokarczuk","to_ping":"","pinged":"","post_modified":"2022-10-14 18:00:54","post_modified_gmt":"2022-10-14 16:00:54","post_content_filtered":"","post_parent":0,"guid":"http:\/\/dev.claret.cat\/autor\/olga-tokarczuk\/","menu_order":0,"post_type":"autor","post_mime_type":"","comment_count":"0","filter":"raw"}]},"aioseo_notices":[],"_links":{"self":[{"href":"https:\/\/www.claret.cat\/es\/wp-json\/wp\/v2\/product\/113655","targetHints":{"allow":["GET"]}}],"collection":[{"href":"https:\/\/www.claret.cat\/es\/wp-json\/wp\/v2\/product"}],"about":[{"href":"https:\/\/www.claret.cat\/es\/wp-json\/wp\/v2\/types\/product"}],"wp:featuredmedia":[{"embeddable":true,"href":"https:\/\/www.claret.cat\/es\/wp-json\/wp\/v2\/media\/113656"}],"wp:attachment":[{"href":"https:\/\/www.claret.cat\/es\/wp-json\/wp\/v2\/media?parent=113655"}],"wp:term":[{"taxonomy":"product_brand","embeddable":true,"href":"https:\/\/www.claret.cat\/es\/wp-json\/wp\/v2\/product_brand?post=113655"},{"taxonomy":"product_cat","embeddable":true,"href":"https:\/\/www.claret.cat\/es\/wp-json\/wp\/v2\/product_cat?post=113655"},{"taxonomy":"product_tag","embeddable":true,"href":"https:\/\/www.claret.cat\/es\/wp-json\/wp\/v2\/product_tag?post=113655"}],"curies":[{"name":"wp","href":"https:\/\/api.w.org\/{rel}","templated":true}]}}