{"id":113713,"date":"2022-10-12T14:36:59","date_gmt":"2022-10-12T12:36:59","guid":{"rendered":"http:\/\/dev.claret.cat\/producte\/exodo-y-extasis-en-ignacio-de-loyola\/"},"modified":"2026-04-01T16:36:51","modified_gmt":"2026-04-01T14:36:51","slug":"exodo-y-extasis-en-ignacio-de-loyola-9788429329308","status":"publish","type":"product","link":"https:\/\/www.claret.cat\/es\/libro\/exodo-y-extasis-en-ignacio-de-loyola-9788429329308\/","title":{"rendered":"\u00c9XODO Y \u00c9XTASIS EN IGNACIO DE LOYOLA"},"content":{"rendered":"<p>En la Iglesia, cada momento tiene su manera de interpretar a sus santos. Y rozando casi los quinientos a\u00f1os, la vida de san Ignacio de Loyola est\u00e1 muy alejada de caducar. Su personaje sigue motivando diversas interpretacions espirituales e hist\u00f3ricas y de una vida que estuvo repleta de matices. En esta obra, Javier Melloni, SJ presenta una lectura muy \u00edntima de la vida del fundador de los jesuitas. Una propuesta ignaciana acerca de la continua salida de uno mismo hacia Dios, en un doble movimiento de \u00e9xodo -extra\u00f1amiento y dificultad- y a la vez de \u00e9xtasis \u2013encuentro y gozo-. Dos realidades muy presentes en Ignacio. Un hombre que se identific\u00f3 hasta el final con la figura de un peregrino en constante movimiento.<\/p>\n","protected":false},"excerpt":{"rendered":"<p>MELLONI, JAVIER<\/p>\n","protected":false},"featured_media":340777,"template":"","meta":{"_acf_changed":false,"om_disable_all_campaigns":false,"rs_blank_template":"","rs_page_bg_color":"","slide_template_v7":"","inline_featured_image":false,"_monsterinsights_skip_tracking":false,"_monsterinsights_sitenote_active":false,"_monsterinsights_sitenote_note":"","_monsterinsights_sitenote_category":0},"product_brand":[],"product_cat":[90,540],"product_tag":[],"class_list":{"0":"post-113713","1":"product","2":"type-product","3":"status-publish","4":"has-post-thumbnail","6":"product_cat-altres","7":"product_cat-otros","9":"first","10":"instock","11":"taxable","12":"shipping-taxable","13":"purchasable","14":"product-type-simple"},"acf":{"editorial":[{"ID":6351,"post_author":"3","post_date":"2022-07-28 17:50:19","post_date_gmt":"2022-07-28 15:50:19","post_content":"","post_title":"Sal Terrae","post_excerpt":"","post_status":"publish","comment_status":"closed","ping_status":"closed","post_password":"","post_name":"sal-terrae","to_ping":"","pinged":"","post_modified":"2022-07-28 17:50:19","post_modified_gmt":"2022-07-28 15:50:19","post_content_filtered":"","post_parent":0,"guid":"http:\/\/dev.claret.cat\/editorial\/sal-terrae\/","menu_order":0,"post_type":"editorial","post_mime_type":"","comment_count":"0","filter":"raw"}],"autores-libros":[{"ID":5580,"post_author":"3","post_date":"2022-07-28 17:27:02","post_date_gmt":"2022-07-28 15:27:02","post_content":"","post_title":"JAVIER MELLONI","post_excerpt":"","post_status":"publish","comment_status":"closed","ping_status":"closed","post_password":"","post_name":"javier-melloni","to_ping":"","pinged":"","post_modified":"2022-07-28 17:27:02","post_modified_gmt":"2022-07-28 15:27:02","post_content_filtered":"","post_parent":0,"guid":"http:\/\/dev.claret.cat\/autor\/javier-melloni\/","menu_order":0,"post_type":"autor","post_mime_type":"","comment_count":"0","filter":"raw"}],"autor":"MELLONI, JAVIER","codart":"842932930","libros-coleccion":"","ediciones":"1","encuadernacion":"R\u00fastica","fecha_de_publicacion":"04\/03\/2020","novedad":"1","paginas":"176","subtitulo":"UNA APROXIMACI\u00d3N A SU AUTOBIOGRAF\u00cdA","orden":"0","portada":"0","idioma":"spa","booktrailer":"","resenas":""},"aioseo_notices":[],"_links":{"self":[{"href":"https:\/\/www.claret.cat\/es\/wp-json\/wp\/v2\/product\/113713","targetHints":{"allow":["GET"]}}],"collection":[{"href":"https:\/\/www.claret.cat\/es\/wp-json\/wp\/v2\/product"}],"about":[{"href":"https:\/\/www.claret.cat\/es\/wp-json\/wp\/v2\/types\/product"}],"wp:featuredmedia":[{"embeddable":true,"href":"https:\/\/www.claret.cat\/es\/wp-json\/wp\/v2\/media\/340777"}],"wp:attachment":[{"href":"https:\/\/www.claret.cat\/es\/wp-json\/wp\/v2\/media?parent=113713"}],"wp:term":[{"taxonomy":"product_brand","embeddable":true,"href":"https:\/\/www.claret.cat\/es\/wp-json\/wp\/v2\/product_brand?post=113713"},{"taxonomy":"product_cat","embeddable":true,"href":"https:\/\/www.claret.cat\/es\/wp-json\/wp\/v2\/product_cat?post=113713"},{"taxonomy":"product_tag","embeddable":true,"href":"https:\/\/www.claret.cat\/es\/wp-json\/wp\/v2\/product_tag?post=113713"}],"curies":[{"name":"wp","href":"https:\/\/api.w.org\/{rel}","templated":true}]}}