{"id":113716,"date":"2022-10-12T14:37:02","date_gmt":"2022-10-12T12:37:02","guid":{"rendered":"http:\/\/dev.claret.cat\/producte\/el-discernimiento\/"},"modified":"2026-04-01T16:37:08","modified_gmt":"2026-04-01T14:37:08","slug":"el-discernimiento-9788429329292","status":"publish","type":"product","link":"https:\/\/www.claret.cat\/es\/libro\/el-discernimiento-9788429329292\/","title":{"rendered":"EL DISCERNIMIENTO"},"content":{"rendered":"<p>Cada d\u00eda padecemos un bombardeo de ofertas simples. Mensajes dise\u00f1ados para que compremos o hagamos coses de forma impulsiva. Sin que tengamos que razonar mucho. Pero al final, hay algo que se resiente en nosotros. Un d\u00eda sentimos la inquietud de vernos sin \u00e1nimo. Una vida repleta de huecos. Como si algo por dentro se hubiera corro\u00eddo. En ese instante descubrimos que muchas de nuestras decisiones, en realidad han estado motivadas por otros intereses. Y a partir de ahora \u00bfqu\u00e9 hacemos? Benjam\u00edn Gonz\u00e1lez Buelta SJ, descubre en el discernimiento ignaciano un utensilio para interpretar lo que Dios propone para encontrar una vida aut\u00e9ntica. Llena. Una obra para saltar del vag\u00f3n de la inquietud. Para tomar tiempo, y para observar la transparencia de Dios en nuestras existencias.<\/p>\n","protected":false},"excerpt":{"rendered":"<p>GONZ\u00c1LEZ BUELTA, BENJAM\u00cdN<\/p>\n","protected":false},"featured_media":374623,"template":"","meta":{"_acf_changed":false,"om_disable_all_campaigns":false,"rs_blank_template":"","rs_page_bg_color":"","slide_template_v7":"","inline_featured_image":false,"_monsterinsights_skip_tracking":false,"_monsterinsights_sitenote_active":false,"_monsterinsights_sitenote_note":"","_monsterinsights_sitenote_category":0},"product_brand":[],"product_cat":[410,272],"product_tag":[],"class_list":{"0":"post-113716","1":"product","2":"type-product","3":"status-publish","4":"has-post-thumbnail","6":"product_cat-especiales","7":"product_cat-especials","9":"first","10":"instock","11":"taxable","12":"shipping-taxable","13":"purchasable","14":"product-type-simple"},"acf":{"editorial":[{"ID":6351,"post_author":"3","post_date":"2022-07-28 17:50:19","post_date_gmt":"2022-07-28 15:50:19","post_content":"","post_title":"Sal Terrae","post_excerpt":"","post_status":"publish","comment_status":"closed","ping_status":"closed","post_password":"","post_name":"sal-terrae","to_ping":"","pinged":"","post_modified":"2022-07-28 17:50:19","post_modified_gmt":"2022-07-28 15:50:19","post_content_filtered":"","post_parent":0,"guid":"http:\/\/dev.claret.cat\/editorial\/sal-terrae\/","menu_order":0,"post_type":"editorial","post_mime_type":"","comment_count":"0","filter":"raw"}],"autor":"GONZ\u00c1LEZ BUELTA, BENJAM\u00cdN","codart":"842932929","libros-coleccion":"","ediciones":"1","encuadernacion":"R\u00fastica","fecha_de_publicacion":"04\/03\/2020","novedad":"1","paginas":"136","subtitulo":"LA NOVEDAD DEL ESP\u00cdRITU Y LA ASTUCIA DE LA CARCOMA","orden":"0","portada":"0","idioma":"spa","autores-libros":[{"ID":151571,"post_author":"3","post_date":"2022-10-14 14:41:56","post_date_gmt":"2022-10-14 12:41:56","post_content":"","post_title":"BENJAMIN GONZALEZ BUELTA, SJ","post_excerpt":"","post_status":"publish","comment_status":"closed","ping_status":"closed","post_password":"","post_name":"benjamin-gonzalez-buelta-sj","to_ping":"","pinged":"","post_modified":"2022-10-14 14:41:56","post_modified_gmt":"2022-10-14 12:41:56","post_content_filtered":"","post_parent":0,"guid":"http:\/\/dev.claret.cat\/autor\/benjamin-gonzalez-buelta-sj\/","menu_order":0,"post_type":"autor","post_mime_type":"","comment_count":"0","filter":"raw"}],"booktrailer":"","resenas":""},"aioseo_notices":[],"_links":{"self":[{"href":"https:\/\/www.claret.cat\/es\/wp-json\/wp\/v2\/product\/113716","targetHints":{"allow":["GET"]}}],"collection":[{"href":"https:\/\/www.claret.cat\/es\/wp-json\/wp\/v2\/product"}],"about":[{"href":"https:\/\/www.claret.cat\/es\/wp-json\/wp\/v2\/types\/product"}],"wp:featuredmedia":[{"embeddable":true,"href":"https:\/\/www.claret.cat\/es\/wp-json\/wp\/v2\/media\/374623"}],"wp:attachment":[{"href":"https:\/\/www.claret.cat\/es\/wp-json\/wp\/v2\/media?parent=113716"}],"wp:term":[{"taxonomy":"product_brand","embeddable":true,"href":"https:\/\/www.claret.cat\/es\/wp-json\/wp\/v2\/product_brand?post=113716"},{"taxonomy":"product_cat","embeddable":true,"href":"https:\/\/www.claret.cat\/es\/wp-json\/wp\/v2\/product_cat?post=113716"},{"taxonomy":"product_tag","embeddable":true,"href":"https:\/\/www.claret.cat\/es\/wp-json\/wp\/v2\/product_tag?post=113716"}],"curies":[{"name":"wp","href":"https:\/\/api.w.org\/{rel}","templated":true}]}}