{"id":113734,"date":"2022-10-12T14:37:18","date_gmt":"2022-10-12T12:37:18","guid":{"rendered":"http:\/\/dev.claret.cat\/producte\/hermano-leon-escribe-escenas-franciscanas\/"},"modified":"2024-05-23T18:04:47","modified_gmt":"2024-05-23T16:04:47","slug":"hermano-leon-escribe-escenas-franciscanas-9788472403215","status":"publish","type":"product","link":"https:\/\/www.claret.cat\/es\/libro\/hermano-leon-escribe-escenas-franciscanas-9788472403215\/","title":{"rendered":"HERMANO LE\u00d3N, ESCRIBE. ESCENAS FRANCISCANAS"},"content":{"rendered":"<p>A los primitivos textos franciscanos, como a los Evangelios, se les puede aplicar el principio de insondabilidad: por m\u00e1s que se los lea, siempre se saca algo en limpio. Y es as\u00ed porque encierran hondas experiencias de vida y de fe, que hacen que siempre guarden sorpresas y luces con las que alimentar el anhelo de quien ama la espiritualidad franciscana.<br \/> Las escenas que el hermano capuchino Fidel Aizpur\u00faa presenta en este librito son, en gran parte, conocidas por toda persona que tenga algo que ver con el franciscanismo. Tambi\u00e9n hay algunas m\u00e1s desconocidas, pero no menos interesantes. La lectura que se hace de estas escenas, no es una lectura piadosa. Es una lectura sencilla, elemental, breve, pero que tiene en cuenta las \u00faltimas investigaciones sobre los textos franciscanos. El autor pretende con ella abrir horizontes, enriquecer la comprensi\u00f3n del hecho franciscano, invitar,  a partir de esta lectura breve, a lanzarse a una investigaci\u00f3n m\u00e1s profunda en l\u00ednea con lo sugerido.<br \/> El autor de este texto se identifica con el deseo de Francisco expresado al hermano Le\u00f3n: \u00abHermano Le\u00f3n, escribe\u00bb. Eso es lo que se ha hecho con gusto y devoci\u00f3n. Que el hermano Francisco y Clara su hermana se vuelvan m\u00e1s atrayentes, si cabe, en la mediaci\u00f3n de estas p\u00e1ginas humildes.<\/p>\n","protected":false},"excerpt":{"rendered":"<p>AIZPUR\u00daA, FIDEL<\/p>\n","protected":false},"featured_media":350894,"template":"","meta":{"_acf_changed":false,"om_disable_all_campaigns":false,"rs_blank_template":"","rs_page_bg_color":"","slide_template_v7":"","inline_featured_image":false,"_monsterinsights_skip_tracking":false,"_monsterinsights_sitenote_active":false,"_monsterinsights_sitenote_note":"","_monsterinsights_sitenote_category":0},"product_brand":[],"product_cat":[90,540],"product_tag":[],"class_list":{"0":"post-113734","1":"product","2":"type-product","3":"status-publish","4":"has-post-thumbnail","6":"product_cat-altres","7":"product_cat-otros","9":"first","10":"instock","11":"taxable","12":"shipping-taxable","13":"purchasable","14":"product-type-simple"},"acf":{"autor":"AIZPUR\u00daA, FIDEL","codart":"847240321","libros-coleccion":"Hermano Francisco Minor","ediciones":"1","encuadernacion":"R\u00fastica","fecha_de_publicacion":"04\/03\/2020","novedad":"1","paginas":"154","subtitulo":"ESCENAS FRANCISCANAS","orden":"0","portada":"0","idioma":"spa","editorial":[{"ID":147454,"post_author":"3","post_date":"2022-10-14 11:50:42","post_date_gmt":"2022-10-14 09:50:42","post_content":"","post_title":"ARANTZAZU","post_excerpt":"","post_status":"publish","comment_status":"closed","ping_status":"closed","post_password":"","post_name":"arantzazu","to_ping":"","pinged":"","post_modified":"2022-10-14 11:50:42","post_modified_gmt":"2022-10-14 09:50:42","post_content_filtered":"","post_parent":0,"guid":"http:\/\/dev.claret.cat\/editorial\/arantzazu\/","menu_order":0,"post_type":"editorial","post_mime_type":"","comment_count":"0","filter":"raw"}],"autores-libros":[{"ID":155922,"post_author":"3","post_date":"2022-10-14 15:16:42","post_date_gmt":"2022-10-14 13:16:42","post_content":"","post_title":"FIDEL AIZPUR\u00daA","post_excerpt":"","post_status":"publish","comment_status":"closed","ping_status":"closed","post_password":"","post_name":"fidel-aizpurua","to_ping":"","pinged":"","post_modified":"2022-10-14 15:16:42","post_modified_gmt":"2022-10-14 13:16:42","post_content_filtered":"","post_parent":0,"guid":"http:\/\/dev.claret.cat\/autor\/fidel-aizpurua\/","menu_order":0,"post_type":"autor","post_mime_type":"","comment_count":"0","filter":"raw"}]},"aioseo_notices":[],"_links":{"self":[{"href":"https:\/\/www.claret.cat\/es\/wp-json\/wp\/v2\/product\/113734","targetHints":{"allow":["GET"]}}],"collection":[{"href":"https:\/\/www.claret.cat\/es\/wp-json\/wp\/v2\/product"}],"about":[{"href":"https:\/\/www.claret.cat\/es\/wp-json\/wp\/v2\/types\/product"}],"wp:featuredmedia":[{"embeddable":true,"href":"https:\/\/www.claret.cat\/es\/wp-json\/wp\/v2\/media\/350894"}],"wp:attachment":[{"href":"https:\/\/www.claret.cat\/es\/wp-json\/wp\/v2\/media?parent=113734"}],"wp:term":[{"taxonomy":"product_brand","embeddable":true,"href":"https:\/\/www.claret.cat\/es\/wp-json\/wp\/v2\/product_brand?post=113734"},{"taxonomy":"product_cat","embeddable":true,"href":"https:\/\/www.claret.cat\/es\/wp-json\/wp\/v2\/product_cat?post=113734"},{"taxonomy":"product_tag","embeddable":true,"href":"https:\/\/www.claret.cat\/es\/wp-json\/wp\/v2\/product_tag?post=113734"}],"curies":[{"name":"wp","href":"https:\/\/api.w.org\/{rel}","templated":true}]}}