{"id":113767,"date":"2022-10-12T14:37:47","date_gmt":"2022-10-12T12:37:47","guid":{"rendered":"http:\/\/dev.claret.cat\/producte\/oro-petroleo-y-aguacates\/"},"modified":"2026-02-04T13:21:23","modified_gmt":"2026-02-04T12:21:23","slug":"oro-petroleo-y-aguacates-9788417623371","status":"publish","type":"product","link":"https:\/\/www.claret.cat\/es\/libro\/oro-petroleo-y-aguacates-9788417623371\/","title":{"rendered":"ORO, PETR\u00d3LEO Y AGUACATES"},"content":{"rendered":"<p>Andy Robinson desvela en estas cr\u00f3nicas los entresijos de la extracci\u00f3n y el negocio de las materias primas m\u00e1s valiosas de Am\u00e9rica Latina, como la carne, el oro, el petr\u00f3leo, el aguacate, el hierro, los diamantes, la patata, la soja, el cobre o el niobio.<br \/> Robinson recorre Potos\u00ed, Minas Gerais, Zacatecas y muchos otros de los itinerarios que ya recorri\u00f3 Eduardo Galeano cincuenta a\u00f1os atr\u00e1s, en Las venas abiertas de Am\u00e9rica Latina, y actualiza la c\u00e9lebre tesis de que \u00ablos latinoamericanos somos pobres porque es rico el suelo que pisamos\u00bb. Aquel libro se convirti\u00f3 en la biblia<br \/> de la generaci\u00f3n de izquierdas que alcanz\u00f3 el poder en Am\u00e9rica Latina a principios del siglo XXI, como Lula da Silva, Evo Morales, Rafael Correa o Hugo Ch\u00e1vez.<br \/> \u00bfQu\u00e9 ha ocurrido en esos pa\u00edses desde entonces? \u00bfCu\u00e1l es la utilizaci\u00f3n final de estas materias primas en el mundo actual, de consumo ostentoso, recursos naturales menguantes, fuertes tensiones geopol\u00edticas y extrema desigualdad? \u00bfQu\u00e9 podemos aprender de los pueblos ind\u00edgenas para afrontar el reto existencial del cambio clim\u00e1tico? \u00bfC\u00f3mo repercute la extracci\u00f3n de materias primas en los dram\u00e1ticos sucesos pol\u00edticos que han sacudido la regi\u00f3n en los \u00faltimos a\u00f1os? Inevitablemente, cualquier lector, americano o europeo, se sentir\u00e1 interpelado como ciudadano y consumidor.<\/p>\n","protected":false},"excerpt":{"rendered":"<p>ROBINSON, ANDY<\/p>\n","protected":false},"featured_media":1080855,"template":"","meta":{"_acf_changed":false,"om_disable_all_campaigns":false,"rs_blank_template":"","rs_page_bg_color":"","slide_template_v7":"","inline_featured_image":false,"_monsterinsights_skip_tracking":false,"_monsterinsights_sitenote_active":false,"_monsterinsights_sitenote_note":"","_monsterinsights_sitenote_category":0},"product_brand":[],"product_cat":[162,436,152,429],"product_tag":[],"class_list":{"0":"post-113767","1":"product","2":"type-product","3":"status-publish","4":"has-post-thumbnail","6":"product_cat-economica-i-politica","7":"product_cat-economica-y-politica","8":"product_cat-el-mon-actual","9":"product_cat-el-mundo-actual","11":"first","12":"instock","13":"taxable","14":"shipping-taxable","15":"purchasable","16":"product-type-simple"},"acf":{"editorial":[{"ID":6127,"post_author":"3","post_date":"2022-07-28 17:45:28","post_date_gmt":"2022-07-28 15:45:28","post_content":"","post_title":"ARPA EDITORES","post_excerpt":"","post_status":"publish","comment_status":"closed","ping_status":"closed","post_password":"","post_name":"arpa-editores","to_ping":"","pinged":"","post_modified":"2022-07-28 17:45:28","post_modified_gmt":"2022-07-28 15:45:28","post_content_filtered":"","post_parent":0,"guid":"http:\/\/dev.claret.cat\/editorial\/arpa-editores\/","menu_order":0,"post_type":"editorial","post_mime_type":"","comment_count":"0","filter":"raw"}],"autor":"ROBINSON, ANDY","codart":"841762337","libros-coleccion":"Ensayo","ediciones":"1","encuadernacion":"R\u00fastica","fecha_de_publicacion":"01\/03\/2020","novedad":"1","paginas":"320","subtitulo":"LAS NUEVAS VENAS ABIERTAS DE AM\u00c9RICA LATINA","orden":"0","portada":"0","idioma":"spa","autores-libros":[{"ID":150347,"post_author":"3","post_date":"2022-10-14 14:32:13","post_date_gmt":"2022-10-14 12:32:13","post_content":"","post_title":"ANDY ROBINSON","post_excerpt":"","post_status":"publish","comment_status":"closed","ping_status":"closed","post_password":"","post_name":"andy-robinson","to_ping":"","pinged":"","post_modified":"2022-10-14 14:32:13","post_modified_gmt":"2022-10-14 12:32:13","post_content_filtered":"","post_parent":0,"guid":"http:\/\/dev.claret.cat\/autor\/andy-robinson\/","menu_order":0,"post_type":"autor","post_mime_type":"","comment_count":"0","filter":"raw"}],"booktrailer":"","resenas":""},"aioseo_notices":[],"_links":{"self":[{"href":"https:\/\/www.claret.cat\/es\/wp-json\/wp\/v2\/product\/113767","targetHints":{"allow":["GET"]}}],"collection":[{"href":"https:\/\/www.claret.cat\/es\/wp-json\/wp\/v2\/product"}],"about":[{"href":"https:\/\/www.claret.cat\/es\/wp-json\/wp\/v2\/types\/product"}],"wp:featuredmedia":[{"embeddable":true,"href":"https:\/\/www.claret.cat\/es\/wp-json\/wp\/v2\/media\/1080855"}],"wp:attachment":[{"href":"https:\/\/www.claret.cat\/es\/wp-json\/wp\/v2\/media?parent=113767"}],"wp:term":[{"taxonomy":"product_brand","embeddable":true,"href":"https:\/\/www.claret.cat\/es\/wp-json\/wp\/v2\/product_brand?post=113767"},{"taxonomy":"product_cat","embeddable":true,"href":"https:\/\/www.claret.cat\/es\/wp-json\/wp\/v2\/product_cat?post=113767"},{"taxonomy":"product_tag","embeddable":true,"href":"https:\/\/www.claret.cat\/es\/wp-json\/wp\/v2\/product_tag?post=113767"}],"curies":[{"name":"wp","href":"https:\/\/api.w.org\/{rel}","templated":true}]}}