{"id":113911,"date":"2022-10-12T14:39:47","date_gmt":"2022-10-12T12:39:47","guid":{"rendered":"http:\/\/dev.claret.cat\/producte\/hannah-2\/"},"modified":"2023-01-28T02:02:06","modified_gmt":"2023-01-28T01:02:06","slug":"hannah-9788491294405","status":"publish","type":"product","link":"https:\/\/www.claret.cat\/es\/libro\/hannah-9788491294405\/","title":{"rendered":"HANNAH"},"content":{"rendered":"<p>El Diario de Anna Frank<br \/>El \u00c1ngel de Varsovia<br \/>La Lista de Schindler<br \/>Ahora conocer\u00e1s al Guardi\u00e1n del Ponte Vecchio  \u00abEmotiva y poderosa. La historia de dos generaciones unidas por el amor y el arte\u00bb.<br \/>JAVIER CASTILLO Una llamada, una cartilla de reclutamiento de las fuerzas armadas de la  Alemania nazi y una frase escrita a mano en su interior desencadenan una crisis emocional en Hannah. \u00abHannah, ni\u00f1a n\u00famero 37. G. Wolf\u00bb El nombre de G. Wolf surgir\u00e1 con fuerza y se convertir\u00e1 en el hilo  conductor que le permitir\u00e1 sumergirse en la historia de su abuela, una  superviviente de la Segunda Guerra Mundial que nunca cont\u00f3 a su nieta la odisea de su familia en la Italia ocupada por los nazis. Hannah revela una danza entre pasado y presente en una ciudad:  Florencia. La ciudad de los puentes sobre el Arno como testigo  de la  barbarie y la crueldad del fascismo en 1944, pero tambi\u00e9n como cuna de  hombres y de mujeres, amantes del arte y de la cultura, que, a pesar del  conflicto b\u00e9lico, trataron de hallar algo de luz en un periodo de oscuridad. Hannah es un relato vital y apasionado, una novela de ritmo  trepidante en la que Christian G\u00e1lvez rescata del pasado la historia  olvidada de un c\u00f3nsul alem\u00e1n en Florencia, Gerhard Wolf, y unos  acontecimientos cuyas consecuencias sirven de advertencia en un presente cargado de incertidumbre.<\/p>\n","protected":false},"excerpt":{"rendered":"<p>G\u00c1LVEZ, CHRISTIAN<\/p>\n","protected":false},"featured_media":113912,"template":"","meta":{"_acf_changed":false,"om_disable_all_campaigns":false,"rs_blank_template":"","rs_page_bg_color":"","slide_template_v7":"","inline_featured_image":false,"_monsterinsights_skip_tracking":false,"_monsterinsights_sitenote_active":false,"_monsterinsights_sitenote_note":"","_monsterinsights_sitenote_category":0},"product_brand":[],"product_cat":[130],"product_tag":[],"class_list":{"0":"post-113911","1":"product","2":"type-product","3":"status-publish","4":"has-post-thumbnail","6":"product_cat-novella-historica-i-ficcio","8":"first","9":"instock","10":"taxable","11":"shipping-taxable","12":"purchasable","13":"product-type-simple"},"acf":{"editorial":[{"ID":6370,"post_author":"3","post_date":"2022-07-28 17:50:44","post_date_gmt":"2022-07-28 15:50:44","post_content":"","post_title":"SUMA","post_excerpt":"","post_status":"publish","comment_status":"closed","ping_status":"closed","post_password":"","post_name":"suma","to_ping":"","pinged":"","post_modified":"2022-07-28 17:50:44","post_modified_gmt":"2022-07-28 15:50:44","post_content_filtered":"","post_parent":0,"guid":"http:\/\/dev.claret.cat\/editorial\/suma\/","menu_order":0,"post_type":"editorial","post_mime_type":"","comment_count":"0","filter":"raw"}],"autor":"G\u00c1LVEZ, CHRISTIAN","codart":"849129440","libros-coleccion":"SUMA","ediciones":"1","encuadernacion":"Carton\u00e9","fecha_de_publicacion":"01\/03\/2020","novedad":"1","paginas":"464","subtitulo":"","orden":"0","portada":"0","idioma":"spa","autores-libros":[{"ID":152898,"post_author":"3","post_date":"2022-10-14 14:52:28","post_date_gmt":"2022-10-14 12:52:28","post_content":"","post_title":"CHRISTIAN G\u00c1LVEZ","post_excerpt":"","post_status":"publish","comment_status":"closed","ping_status":"closed","post_password":"","post_name":"christian-galvez","to_ping":"","pinged":"","post_modified":"2022-10-14 14:52:28","post_modified_gmt":"2022-10-14 12:52:28","post_content_filtered":"","post_parent":0,"guid":"http:\/\/dev.claret.cat\/autor\/christian-galvez\/","menu_order":0,"post_type":"autor","post_mime_type":"","comment_count":"0","filter":"raw"}]},"aioseo_notices":[],"_links":{"self":[{"href":"https:\/\/www.claret.cat\/es\/wp-json\/wp\/v2\/product\/113911","targetHints":{"allow":["GET"]}}],"collection":[{"href":"https:\/\/www.claret.cat\/es\/wp-json\/wp\/v2\/product"}],"about":[{"href":"https:\/\/www.claret.cat\/es\/wp-json\/wp\/v2\/types\/product"}],"wp:featuredmedia":[{"embeddable":true,"href":"https:\/\/www.claret.cat\/es\/wp-json\/wp\/v2\/media\/113912"}],"wp:attachment":[{"href":"https:\/\/www.claret.cat\/es\/wp-json\/wp\/v2\/media?parent=113911"}],"wp:term":[{"taxonomy":"product_brand","embeddable":true,"href":"https:\/\/www.claret.cat\/es\/wp-json\/wp\/v2\/product_brand?post=113911"},{"taxonomy":"product_cat","embeddable":true,"href":"https:\/\/www.claret.cat\/es\/wp-json\/wp\/v2\/product_cat?post=113911"},{"taxonomy":"product_tag","embeddable":true,"href":"https:\/\/www.claret.cat\/es\/wp-json\/wp\/v2\/product_tag?post=113911"}],"curies":[{"name":"wp","href":"https:\/\/api.w.org\/{rel}","templated":true}]}}