{"id":114268,"date":"2022-10-12T14:44:59","date_gmt":"2022-10-12T12:44:59","guid":{"rendered":"http:\/\/dev.claret.cat\/producte\/estambul-2\/"},"modified":"2023-06-20T13:58:04","modified_gmt":"2023-06-20T11:58:04","slug":"estambul-9788491583202","status":"publish","type":"product","link":"https:\/\/www.claret.cat\/es\/libro\/estambul-9788491583202\/","title":{"rendered":"ESTAMBUL"},"content":{"rendered":"<p>Una gu\u00eda pr\u00e1ctica y totalmente actualizada, ideal para realizar un corto pero intenso viaje a Estambul, bella ciudad situada entre dos continentes: Europa y Asia.<br \/> Esta Guiarama se divide en cinco secciones que abarcan los aspectos m\u00e1s importantes de esta ciudad.<br \/> En el apartado Una mirada a Estambul, se hace un breve recorrido por su historia, su poblaci\u00f3n, naturaleza y paisaje, as\u00ed como una algunos de sus personajes m\u00e1s famosos  que han pasado a la historia.<br \/> En la secci\u00f3n Diez lugares inolvidables, los autores proponen como atractivos los siguientes lugares: Santa Sof\u00eda, B\u00f3sforo, Bazar cubierto, San Salvador en Chora, Mezquita Azul, Palacio Topkapi, Mezquita de Solim\u00e1n, Palacio Subterr\u00e1neo, Museo Arqueol\u00f3gico y el Hip\u00f3dromo.<br \/> Este volumen se divide en dos grandes bloques: por un lado est\u00e1 la ciudad de Estambul y por otro una serie de excursiones casi de obligada visita, ideales para fines de semana. Cada una de estas secciones incluyen breves descripciones de los principales puntos de inter\u00e9s, as\u00ed como  detalles de su gastronom\u00eda y costumbres.<br \/> En el apartado titulado D\u00f3nde se incluye una amplia selecci\u00f3n por localidades de restaurantes, alojamientos, direcciones de museos y monumentos, etc. <br \/> Por \u00faltimo, en la secci\u00f3n Informaciones pr\u00e1cticas se ofrece una exhaustiva informaci\u00f3n para moverse por Estambul y sus alrededores.<br \/> Con la gu\u00eda se regala un plano desplegable de Estambul que incluye informaci\u00f3n tur\u00edstica e \u00edndice de calles.<\/p>\n","protected":false},"excerpt":{"rendered":"<p>ANAYA TOURING \/ STRUBELL, PABLO \/ SENAO BA\u00d1OS, ELENA<\/p>\n","protected":false},"featured_media":114269,"template":"","meta":{"_acf_changed":false,"om_disable_all_campaigns":false,"rs_blank_template":"","rs_page_bg_color":"","slide_template_v7":"","inline_featured_image":false,"_monsterinsights_skip_tracking":false,"_monsterinsights_sitenote_active":false,"_monsterinsights_sitenote_note":"","_monsterinsights_sitenote_category":0},"product_brand":[],"product_cat":[557,107],"product_tag":[],"class_list":{"0":"post-114268","1":"product","2":"type-product","3":"status-publish","4":"has-post-thumbnail","6":"product_cat-guias-de-viaje","7":"product_cat-guies-de-viatge","9":"first","10":"instock","11":"taxable","12":"shipping-taxable","13":"purchasable","14":"product-type-simple"},"acf":{"editorial":[{"ID":147435,"post_author":"3","post_date":"2022-10-14 11:50:33","post_date_gmt":"2022-10-14 09:50:33","post_content":"","post_title":"Anaya Touring","post_excerpt":"","post_status":"publish","comment_status":"closed","ping_status":"closed","post_password":"","post_name":"anaya-touring","to_ping":"","pinged":"","post_modified":"2022-10-14 11:50:33","post_modified_gmt":"2022-10-14 09:50:33","post_content_filtered":"","post_parent":0,"guid":"http:\/\/dev.claret.cat\/editorial\/anaya-touring\/","menu_order":0,"post_type":"editorial","post_mime_type":"","comment_count":"0","filter":"raw"}],"autor":"ANAYA TOURING \/ STRUBELL, PABLO \/ SENAO BA\u00d1OS, ELENA","codart":"849158320","libros-coleccion":"Guiarama Compact - Internacional","ediciones":"1","encuadernacion":"R\u00fastica","fecha_de_publicacion":"01\/03\/2020","novedad":"1","paginas":"136","subtitulo":"","orden":"0","portada":"0","idioma":"spa","autores-libros":[{"ID":154750,"post_author":"3","post_date":"2022-10-14 15:07:20","post_date_gmt":"2022-10-14 13:07:20","post_content":"","post_title":"ELENA SENAO BA\u00d1OS","post_excerpt":"","post_status":"publish","comment_status":"closed","ping_status":"closed","post_password":"","post_name":"elena-senao-banos","to_ping":"","pinged":"","post_modified":"2022-10-14 15:07:20","post_modified_gmt":"2022-10-14 13:07:20","post_content_filtered":"","post_parent":0,"guid":"http:\/\/dev.claret.cat\/autor\/elena-senao-banos\/","menu_order":0,"post_type":"autor","post_mime_type":"","comment_count":"0","filter":"raw"},{"ID":150168,"post_author":"3","post_date":"2022-10-14 14:30:47","post_date_gmt":"2022-10-14 12:30:47","post_content":"","post_title":"ANAYA TOURING","post_excerpt":"","post_status":"publish","comment_status":"closed","ping_status":"closed","post_password":"","post_name":"anaya-touring","to_ping":"","pinged":"","post_modified":"2022-10-14 14:30:47","post_modified_gmt":"2022-10-14 12:30:47","post_content_filtered":"","post_parent":0,"guid":"http:\/\/dev.claret.cat\/autor\/anaya-touring\/","menu_order":0,"post_type":"autor","post_mime_type":"","comment_count":"0","filter":"raw"},{"ID":166455,"post_author":"3","post_date":"2022-10-14 18:03:24","post_date_gmt":"2022-10-14 16:03:24","post_content":"","post_title":"PABLO STRUBELL","post_excerpt":"","post_status":"publish","comment_status":"closed","ping_status":"closed","post_password":"","post_name":"pablo-strubell","to_ping":"","pinged":"","post_modified":"2022-10-14 18:03:24","post_modified_gmt":"2022-10-14 16:03:24","post_content_filtered":"","post_parent":0,"guid":"http:\/\/dev.claret.cat\/autor\/pablo-strubell\/","menu_order":0,"post_type":"autor","post_mime_type":"","comment_count":"0","filter":"raw"}]},"aioseo_notices":[],"_links":{"self":[{"href":"https:\/\/www.claret.cat\/es\/wp-json\/wp\/v2\/product\/114268","targetHints":{"allow":["GET"]}}],"collection":[{"href":"https:\/\/www.claret.cat\/es\/wp-json\/wp\/v2\/product"}],"about":[{"href":"https:\/\/www.claret.cat\/es\/wp-json\/wp\/v2\/types\/product"}],"wp:featuredmedia":[{"embeddable":true,"href":"https:\/\/www.claret.cat\/es\/wp-json\/wp\/v2\/media\/114269"}],"wp:attachment":[{"href":"https:\/\/www.claret.cat\/es\/wp-json\/wp\/v2\/media?parent=114268"}],"wp:term":[{"taxonomy":"product_brand","embeddable":true,"href":"https:\/\/www.claret.cat\/es\/wp-json\/wp\/v2\/product_brand?post=114268"},{"taxonomy":"product_cat","embeddable":true,"href":"https:\/\/www.claret.cat\/es\/wp-json\/wp\/v2\/product_cat?post=114268"},{"taxonomy":"product_tag","embeddable":true,"href":"https:\/\/www.claret.cat\/es\/wp-json\/wp\/v2\/product_tag?post=114268"}],"curies":[{"name":"wp","href":"https:\/\/api.w.org\/{rel}","templated":true}]}}