{"id":114346,"date":"2022-10-12T14:46:10","date_gmt":"2022-10-12T12:46:10","guid":{"rendered":"http:\/\/dev.claret.cat\/producte\/100-pioneres-catalanes\/"},"modified":"2025-02-01T02:21:13","modified_gmt":"2025-02-01T01:21:13","slug":"100-pioneres-catalanes-9788417998288","status":"publish","type":"product","link":"https:\/\/www.claret.cat\/es\/libro\/100-pioneres-catalanes-9788417998288\/","title":{"rendered":"100 PIONERES CATALANES"},"content":{"rendered":"<p>Aquesta obra recull les biografies de 100 catalanes que han estat pioneres en algun \u00e0mbit, des de la pol\u00edtica fins als mitjans de comunicaci\u00f3, passant per la pintura, la m\u00fasica, el feminisme, la literatura, el cinema, l\u2019ensenyament, l&#8217;economia, l&#8217;acci\u00f3 sindical i l&#8217;esport entre d&#8217;altres, del segle III fins a l\u2019actualitat. Un centenar de biografies que resulten esencialment inspiradores i que ens fan pensar com les decisions individuals han canviat la hist\u00f2ria de tots.<\/p>\n","protected":false},"excerpt":{"rendered":"<p>GELONCH VILADEGUT, ANTONI<\/p>\n","protected":false},"featured_media":114347,"template":"","meta":{"_acf_changed":false,"om_disable_all_campaigns":false,"rs_blank_template":"","rs_page_bg_color":"","slide_template_v7":"","inline_featured_image":false,"_monsterinsights_skip_tracking":false,"_monsterinsights_sitenote_active":false,"_monsterinsights_sitenote_note":"","_monsterinsights_sitenote_category":0},"product_brand":[],"product_cat":[549,99,105,555],"product_tag":[],"class_list":{"0":"post-114346","1":"product","2":"type-product","3":"status-publish","4":"has-post-thumbnail","6":"product_cat-biografias","7":"product_cat-biografies","8":"product_cat-regal","9":"product_cat-regalo","11":"first","12":"instock","13":"taxable","14":"shipping-taxable","15":"purchasable","16":"product-type-simple"},"acf":{"editorial":[{"ID":6392,"post_author":"3","post_date":"2022-07-28 17:51:10","post_date_gmt":"2022-07-28 15:51:10","post_content":"","post_title":"Viena","post_excerpt":"","post_status":"publish","comment_status":"closed","ping_status":"closed","post_password":"","post_name":"viena","to_ping":"","pinged":"","post_modified":"2022-07-28 17:51:10","post_modified_gmt":"2022-07-28 15:51:10","post_content_filtered":"","post_parent":0,"guid":"http:\/\/dev.claret.cat\/editorial\/viena\/","menu_order":0,"post_type":"editorial","post_mime_type":"","comment_count":"0","filter":"raw"}],"autor":"GELONCH VILADEGUT, ANTONI","codart":"841799828","libros-coleccion":"Creativa","ediciones":"1","encuadernacion":"Carton\u00e9","fecha_de_publicacion":"01\/02\/2020","novedad":"1","paginas":"224","subtitulo":"","orden":"0","portada":"0","idioma":"cat","autores-libros":[{"ID":150820,"post_author":"3","post_date":"2022-10-14 14:36:00","post_date_gmt":"2022-10-14 12:36:00","post_content":"","post_title":"ANTONI GELONCH VILADEGUT","post_excerpt":"","post_status":"publish","comment_status":"closed","ping_status":"closed","post_password":"","post_name":"antoni-gelonch-viladegut","to_ping":"","pinged":"","post_modified":"2022-10-14 14:36:00","post_modified_gmt":"2022-10-14 12:36:00","post_content_filtered":"","post_parent":0,"guid":"http:\/\/dev.claret.cat\/autor\/antoni-gelonch-viladegut\/","menu_order":0,"post_type":"autor","post_mime_type":"","comment_count":"0","filter":"raw"}]},"aioseo_notices":[],"_links":{"self":[{"href":"https:\/\/www.claret.cat\/es\/wp-json\/wp\/v2\/product\/114346","targetHints":{"allow":["GET"]}}],"collection":[{"href":"https:\/\/www.claret.cat\/es\/wp-json\/wp\/v2\/product"}],"about":[{"href":"https:\/\/www.claret.cat\/es\/wp-json\/wp\/v2\/types\/product"}],"wp:featuredmedia":[{"embeddable":true,"href":"https:\/\/www.claret.cat\/es\/wp-json\/wp\/v2\/media\/114347"}],"wp:attachment":[{"href":"https:\/\/www.claret.cat\/es\/wp-json\/wp\/v2\/media?parent=114346"}],"wp:term":[{"taxonomy":"product_brand","embeddable":true,"href":"https:\/\/www.claret.cat\/es\/wp-json\/wp\/v2\/product_brand?post=114346"},{"taxonomy":"product_cat","embeddable":true,"href":"https:\/\/www.claret.cat\/es\/wp-json\/wp\/v2\/product_cat?post=114346"},{"taxonomy":"product_tag","embeddable":true,"href":"https:\/\/www.claret.cat\/es\/wp-json\/wp\/v2\/product_tag?post=114346"}],"curies":[{"name":"wp","href":"https:\/\/api.w.org\/{rel}","templated":true}]}}