{"id":114436,"date":"2022-10-12T14:47:34","date_gmt":"2022-10-12T12:47:34","guid":{"rendered":"http:\/\/dev.claret.cat\/producte\/los-pajaros-no-temen-volar\/"},"modified":"2024-08-26T14:00:08","modified_gmt":"2024-08-26T12:00:08","slug":"los-pajaros-no-temen-volar-9788497161909","status":"publish","type":"product","link":"https:\/\/www.claret.cat\/es\/libro\/los-pajaros-no-temen-volar-9788497161909\/","title":{"rendered":"LOS P\u00c1JAROS NO TEMEN VOLAR"},"content":{"rendered":"<p>En sus poemas, R. Arola se pregunta por qu\u00e9 el ser humano teme ser lo que realmente es. El ejemplo de los p\u00e1jaros que da t\u00edtulo al poemario es muy claro: un p\u00e1jaro no teme volar porque es algo que pertenece a su propia naturaleza, del mismo modo que lo propio de los seres humanos deber\u00eda ser el conocimiento espiritual, que cada vez parece m\u00e1s lejano y amenazador.<\/p>\n","protected":false},"excerpt":{"rendered":"<p>AROLA, RAIMON<\/p>\n","protected":false},"featured_media":114437,"template":"","meta":{"_acf_changed":false,"om_disable_all_campaigns":false,"rs_blank_template":"","rs_page_bg_color":"","slide_template_v7":"","inline_featured_image":false,"_monsterinsights_skip_tracking":false,"_monsterinsights_sitenote_active":false,"_monsterinsights_sitenote_note":"","_monsterinsights_sitenote_category":0},"product_brand":[],"product_cat":[90,540],"product_tag":[],"class_list":{"0":"post-114436","1":"product","2":"type-product","3":"status-publish","4":"has-post-thumbnail","6":"product_cat-altres","7":"product_cat-otros","9":"first","10":"instock","11":"taxable","12":"shipping-taxable","13":"purchasable","14":"product-type-simple"},"acf":{"editorial":[{"ID":6273,"post_author":"3","post_date":"2022-07-28 17:48:39","post_date_gmt":"2022-07-28 15:48:39","post_content":"","post_title":"Jos\u00e9 J. Ola\u00f1eta Editor","post_excerpt":"","post_status":"publish","comment_status":"closed","ping_status":"closed","post_password":"","post_name":"jose-j-olaneta-editor","to_ping":"","pinged":"","post_modified":"2022-07-28 17:48:39","post_modified_gmt":"2022-07-28 15:48:39","post_content_filtered":"","post_parent":0,"guid":"http:\/\/dev.claret.cat\/editorial\/jose-j-olaneta-editor\/","menu_order":0,"post_type":"editorial","post_mime_type":"","comment_count":"0","filter":"raw"}],"autor":"AROLA, RAIMON","codart":"849716190","libros-coleccion":"PEQUE\u00d1OS LIB. SABIDUR\u00cdA","ediciones":"1","encuadernacion":"R\u00fastica","fecha_de_publicacion":"01\/02\/2020","novedad":"1","paginas":"119","subtitulo":"POES\u00cdA Y M\u00cdSTICA","orden":"0","portada":"0","idioma":"spa","autores-libros":[{"ID":167641,"post_author":"3","post_date":"2022-10-14 18:12:50","post_date_gmt":"2022-10-14 16:12:50","post_content":"","post_title":"RAIMON AROLA","post_excerpt":"","post_status":"publish","comment_status":"closed","ping_status":"closed","post_password":"","post_name":"raimon-arola","to_ping":"","pinged":"","post_modified":"2022-10-14 18:12:50","post_modified_gmt":"2022-10-14 16:12:50","post_content_filtered":"","post_parent":0,"guid":"http:\/\/dev.claret.cat\/autor\/raimon-arola\/","menu_order":0,"post_type":"autor","post_mime_type":"","comment_count":"0","filter":"raw"}]},"aioseo_notices":[],"_links":{"self":[{"href":"https:\/\/www.claret.cat\/es\/wp-json\/wp\/v2\/product\/114436","targetHints":{"allow":["GET"]}}],"collection":[{"href":"https:\/\/www.claret.cat\/es\/wp-json\/wp\/v2\/product"}],"about":[{"href":"https:\/\/www.claret.cat\/es\/wp-json\/wp\/v2\/types\/product"}],"wp:featuredmedia":[{"embeddable":true,"href":"https:\/\/www.claret.cat\/es\/wp-json\/wp\/v2\/media\/114437"}],"wp:attachment":[{"href":"https:\/\/www.claret.cat\/es\/wp-json\/wp\/v2\/media?parent=114436"}],"wp:term":[{"taxonomy":"product_brand","embeddable":true,"href":"https:\/\/www.claret.cat\/es\/wp-json\/wp\/v2\/product_brand?post=114436"},{"taxonomy":"product_cat","embeddable":true,"href":"https:\/\/www.claret.cat\/es\/wp-json\/wp\/v2\/product_cat?post=114436"},{"taxonomy":"product_tag","embeddable":true,"href":"https:\/\/www.claret.cat\/es\/wp-json\/wp\/v2\/product_tag?post=114436"}],"curies":[{"name":"wp","href":"https:\/\/api.w.org\/{rel}","templated":true}]}}