{"id":114532,"date":"2022-10-12T14:49:04","date_gmt":"2022-10-12T12:49:04","guid":{"rendered":"http:\/\/dev.claret.cat\/producte\/de-natura-florum\/"},"modified":"2023-01-28T16:28:59","modified_gmt":"2023-01-28T15:28:59","slug":"de-natura-florum-9788418067327","status":"publish","type":"product","link":"https:\/\/www.claret.cat\/es\/libro\/de-natura-florum-9788418067327\/","title":{"rendered":"DE NATURA FLORUM"},"content":{"rendered":"<p>En 2020 se celebra el centenario del nacimiento de Clarice Lispector. Con motivo de esta efem\u00e9ride, Elena Odriozola, premio Nacional de Ilustraci\u00f3n, y Alejandro G. Schnetzer han preparado un proyecto internacional que es un libro imprescindible. De Natura Florum se public\u00f3 el 3 de abril de 1971 en el peri\u00f3dico Jornal do Brasil, de R\u00edo de Janeiro, y en 1984 integr\u00f3 el volumen A Descoberta do Mundo. El texto, a la manera de un herbario en prosa, se estructura a partir de veinticuatro entradas; las primeras cinco son definiciones bot\u00e1nicas generales, las restantes diecinueve son descripciones de flores, con una po\u00e9tica particular.<\/p>\n","protected":false},"excerpt":{"rendered":"<p>LISPECTOR, CLARICE<\/p>\n","protected":false},"featured_media":114533,"template":"","meta":{"_acf_changed":false,"om_disable_all_campaigns":false,"rs_blank_template":"","rs_page_bg_color":"","slide_template_v7":"","inline_featured_image":false,"_monsterinsights_skip_tracking":false,"_monsterinsights_sitenote_active":false,"_monsterinsights_sitenote_note":"","_monsterinsights_sitenote_category":0},"product_brand":[],"product_cat":[105],"product_tag":[],"class_list":{"0":"post-114532","1":"product","2":"type-product","3":"status-publish","4":"has-post-thumbnail","6":"product_cat-regal","8":"first","9":"instock","10":"taxable","11":"shipping-taxable","12":"purchasable","13":"product-type-simple"},"acf":{"autor":"LISPECTOR, CLARICE","codart":"841806732","libros-coleccion":"Ilustrados","ediciones":"1","encuadernacion":"Carton\u00e9","fecha_de_publicacion":"01\/03\/2020","novedad":"1","paginas":"104","subtitulo":"","orden":"0","portada":"0","idioma":"spa","editorial":[{"ID":148583,"post_author":"3","post_date":"2022-10-14 11:59:22","post_date_gmt":"2022-10-14 09:59:22","post_content":"","post_title":"Nordica libros s.l","post_excerpt":"","post_status":"publish","comment_status":"closed","ping_status":"closed","post_password":"","post_name":"nordica-libros-s-l","to_ping":"","pinged":"","post_modified":"2022-10-14 11:59:22","post_modified_gmt":"2022-10-14 09:59:22","post_content_filtered":"","post_parent":0,"guid":"http:\/\/dev.claret.cat\/editorial\/nordica-libros-s-l\/","menu_order":0,"post_type":"editorial","post_mime_type":"","comment_count":"0","filter":"raw"}],"autores-libros":[{"ID":153060,"post_author":"3","post_date":"2022-10-14 14:53:45","post_date_gmt":"2022-10-14 12:53:45","post_content":"","post_title":"CLARICE LISPECTOR","post_excerpt":"","post_status":"publish","comment_status":"closed","ping_status":"closed","post_password":"","post_name":"clarice-lispector","to_ping":"","pinged":"","post_modified":"2022-10-14 14:53:45","post_modified_gmt":"2022-10-14 12:53:45","post_content_filtered":"","post_parent":0,"guid":"http:\/\/dev.claret.cat\/autor\/clarice-lispector\/","menu_order":0,"post_type":"autor","post_mime_type":"","comment_count":"0","filter":"raw"}]},"aioseo_notices":[],"_links":{"self":[{"href":"https:\/\/www.claret.cat\/es\/wp-json\/wp\/v2\/product\/114532","targetHints":{"allow":["GET"]}}],"collection":[{"href":"https:\/\/www.claret.cat\/es\/wp-json\/wp\/v2\/product"}],"about":[{"href":"https:\/\/www.claret.cat\/es\/wp-json\/wp\/v2\/types\/product"}],"wp:featuredmedia":[{"embeddable":true,"href":"https:\/\/www.claret.cat\/es\/wp-json\/wp\/v2\/media\/114533"}],"wp:attachment":[{"href":"https:\/\/www.claret.cat\/es\/wp-json\/wp\/v2\/media?parent=114532"}],"wp:term":[{"taxonomy":"product_brand","embeddable":true,"href":"https:\/\/www.claret.cat\/es\/wp-json\/wp\/v2\/product_brand?post=114532"},{"taxonomy":"product_cat","embeddable":true,"href":"https:\/\/www.claret.cat\/es\/wp-json\/wp\/v2\/product_cat?post=114532"},{"taxonomy":"product_tag","embeddable":true,"href":"https:\/\/www.claret.cat\/es\/wp-json\/wp\/v2\/product_tag?post=114532"}],"curies":[{"name":"wp","href":"https:\/\/api.w.org\/{rel}","templated":true}]}}