{"id":114715,"date":"2022-10-12T14:51:30","date_gmt":"2022-10-12T12:51:30","guid":{"rendered":"http:\/\/dev.claret.cat\/producte\/guia-top-10-florencia\/"},"modified":"2023-01-28T10:45:23","modified_gmt":"2023-01-28T09:45:23","slug":"guia-top-10-florencia-9780241432945","status":"publish","type":"product","link":"https:\/\/www.claret.cat\/es\/libro\/guia-top-10-florencia-9780241432945\/","title":{"rendered":"GU\u00cdA TOP 10 FLORENCIA"},"content":{"rendered":"<p>Planifica tu pr\u00f3ximo viaje con las Gu\u00edas Top 10 de DK: actualizadas,  con mapas, itinerarios, fotograf\u00edas e informaci\u00f3n pr\u00e1ctica La Gu\u00eda Top 10 de Florencia te muestra lo mejor en pr\u00e1cticos  listados: los diez museos imprescindibles, los diez personajes m\u00e1s  ilustres o incluso las diez cosas que tienes que evitar. Organizada por  zonas, la gu\u00eda se\u00f1ala los lugares m\u00e1s destacados de cada una de ellas. La Gu\u00eda Top 10 de Florencia incluye un mapa desplegable plastificado para poder orientarse en cualquier momento. Sobre las Gu\u00edas Top 10 Tanto para un viaje de lujo como de presupuesto limitado, las Gu\u00edas Top  10 describen los lugares de mayor inter\u00e9s de cada destino. La colecci\u00f3n cuenta con m\u00e1s de 40 destinos y todos ellos incluyen un mapa desplegable.<\/p>\n","protected":false},"excerpt":{"rendered":"<p>AA.VV<\/p>\n","protected":false},"featured_media":114716,"template":"","meta":{"_acf_changed":false,"om_disable_all_campaigns":false,"rs_blank_template":"","rs_page_bg_color":"","slide_template_v7":"","inline_featured_image":false,"_monsterinsights_skip_tracking":false,"_monsterinsights_sitenote_active":false,"_monsterinsights_sitenote_note":"","_monsterinsights_sitenote_category":0},"product_brand":[],"product_cat":[107],"product_tag":[],"class_list":{"0":"post-114715","1":"product","2":"type-product","3":"status-publish","4":"has-post-thumbnail","6":"product_cat-guies-de-viatge","8":"first","9":"instock","10":"taxable","11":"shipping-taxable","12":"purchasable","13":"product-type-simple"},"acf":{"editorial":[{"ID":6186,"post_author":"3","post_date":"2022-07-28 17:46:45","post_date_gmt":"2022-07-28 15:46:45","post_content":"","post_title":"DK","post_excerpt":"","post_status":"publish","comment_status":"closed","ping_status":"closed","post_password":"","post_name":"dk","to_ping":"","pinged":"","post_modified":"2022-07-28 17:46:45","post_modified_gmt":"2022-07-28 15:46:45","post_content_filtered":"","post_parent":0,"guid":"http:\/\/dev.claret.cat\/editorial\/dk\/","menu_order":0,"post_type":"editorial","post_mime_type":"","comment_count":"0","filter":"raw"}],"autores-libros":[{"ID":5198,"post_author":"3","post_date":"2022-07-28 17:16:52","post_date_gmt":"2022-07-28 15:16:52","post_content":"","post_title":"AA.VV","post_excerpt":"","post_status":"publish","comment_status":"closed","ping_status":"closed","post_password":"","post_name":"aa-vv-2","to_ping":"","pinged":"","post_modified":"2022-07-28 17:16:52","post_modified_gmt":"2022-07-28 15:16:52","post_content_filtered":"","post_parent":0,"guid":"http:\/\/dev.claret.cat\/autor\/aa-vv-2\/","menu_order":0,"post_type":"autor","post_mime_type":"","comment_count":"0","filter":"raw"}],"autor":"AA.VV","codart":"024143294","libros-coleccion":"Top 10","ediciones":"1","encuadernacion":"R\u00fastica","fecha_de_publicacion":"01\/02\/2020","novedad":"1","paginas":"160","subtitulo":"LA GU\u00cdA QUE DESCUBRE LO MEJOR DE CADA CIUDAD","orden":"0","portada":"0","idioma":"spa"},"aioseo_notices":[],"_links":{"self":[{"href":"https:\/\/www.claret.cat\/es\/wp-json\/wp\/v2\/product\/114715","targetHints":{"allow":["GET"]}}],"collection":[{"href":"https:\/\/www.claret.cat\/es\/wp-json\/wp\/v2\/product"}],"about":[{"href":"https:\/\/www.claret.cat\/es\/wp-json\/wp\/v2\/types\/product"}],"wp:featuredmedia":[{"embeddable":true,"href":"https:\/\/www.claret.cat\/es\/wp-json\/wp\/v2\/media\/114716"}],"wp:attachment":[{"href":"https:\/\/www.claret.cat\/es\/wp-json\/wp\/v2\/media?parent=114715"}],"wp:term":[{"taxonomy":"product_brand","embeddable":true,"href":"https:\/\/www.claret.cat\/es\/wp-json\/wp\/v2\/product_brand?post=114715"},{"taxonomy":"product_cat","embeddable":true,"href":"https:\/\/www.claret.cat\/es\/wp-json\/wp\/v2\/product_cat?post=114715"},{"taxonomy":"product_tag","embeddable":true,"href":"https:\/\/www.claret.cat\/es\/wp-json\/wp\/v2\/product_tag?post=114715"}],"curies":[{"name":"wp","href":"https:\/\/api.w.org\/{rel}","templated":true}]}}