{"id":114748,"date":"2022-10-12T14:51:55","date_gmt":"2022-10-12T12:51:55","guid":{"rendered":"http:\/\/dev.claret.cat\/producte\/lo-mejor-de-nueva-york-5\/"},"modified":"2023-01-28T17:12:56","modified_gmt":"2023-01-28T16:12:56","slug":"lo-mejor-de-nueva-york-5-9788408215257","status":"publish","type":"product","link":"https:\/\/www.claret.cat\/es\/libro\/lo-mejor-de-nueva-york-5-9788408215257\/","title":{"rendered":"LO MEJOR DE NUEVA YORK 5"},"content":{"rendered":"<p>Pocos destinos pueden competir con Nueva York en variedad de atracciones mundiales e iconos genuinos. Unos 65 millones de visitantes se acumulan en esta ciudad como en el escenario de una pel\u00edcula: suben al Empire State, pasan por Grand Central Terminal, pasean por Central Park o toman el ferri hasta la Estatua de la Libertad. Tiene el Met, el MoMA y el Guggenheim, entre otros muchos iconos del arte mundial. Con su tama\u00f1o compacto y sus calles repletas de atracciones, Nueva York es un placer para el paseante. Con esta gu\u00eda, el viajero descubrir\u00e1 lugares y vivir\u00e1 experiencias imprescindibles.<\/p>\n","protected":false},"excerpt":{"rendered":"<p>ST.LOUIS, REGIS \/ PARKES, LORNA \/ MCNAUGHTAN, HUGH<\/p>\n","protected":false},"featured_media":114749,"template":"","meta":{"_acf_changed":false,"om_disable_all_campaigns":false,"rs_blank_template":"","rs_page_bg_color":"","slide_template_v7":"","inline_featured_image":false,"_monsterinsights_skip_tracking":false,"_monsterinsights_sitenote_active":false,"_monsterinsights_sitenote_note":"","_monsterinsights_sitenote_category":0},"product_brand":[],"product_cat":[107],"product_tag":[],"class_list":{"0":"post-114748","1":"product","2":"type-product","3":"status-publish","4":"has-post-thumbnail","6":"product_cat-guies-de-viatge","8":"first","9":"instock","10":"taxable","11":"shipping-taxable","12":"purchasable","13":"product-type-simple"},"acf":{"editorial":[{"ID":6233,"post_author":"3","post_date":"2022-07-28 17:47:48","post_date_gmt":"2022-07-28 15:47:48","post_content":"","post_title":"EDITORIAL PLANETA","post_excerpt":"","post_status":"publish","comment_status":"closed","ping_status":"closed","post_password":"","post_name":"editorial-planeta","to_ping":"","pinged":"","post_modified":"2022-07-28 17:47:48","post_modified_gmt":"2022-07-28 15:47:48","post_content_filtered":"","post_parent":0,"guid":"http:\/\/dev.claret.cat\/editorial\/editorial-planeta\/","menu_order":0,"post_type":"editorial","post_mime_type":"","comment_count":"0","filter":"raw"}],"autores-libros":[{"ID":157669,"post_author":"3","post_date":"2022-10-14 15:30:40","post_date_gmt":"2022-10-14 13:30:40","post_content":"","post_title":"HUGH MCNAUGHTAN","post_excerpt":"","post_status":"publish","comment_status":"closed","ping_status":"closed","post_password":"","post_name":"hugh-mcnaughtan","to_ping":"","pinged":"","post_modified":"2022-10-14 15:30:40","post_modified_gmt":"2022-10-14 13:30:40","post_content_filtered":"","post_parent":0,"guid":"http:\/\/dev.claret.cat\/autor\/hugh-mcnaughtan\/","menu_order":0,"post_type":"autor","post_mime_type":"","comment_count":"0","filter":"raw"},{"ID":167939,"post_author":"3","post_date":"2022-10-14 18:15:13","post_date_gmt":"2022-10-14 16:15:13","post_content":"","post_title":"REGIS ST.LOUIS","post_excerpt":"","post_status":"publish","comment_status":"closed","ping_status":"closed","post_password":"","post_name":"regis-st-louis","to_ping":"","pinged":"","post_modified":"2022-10-14 18:15:13","post_modified_gmt":"2022-10-14 16:15:13","post_content_filtered":"","post_parent":0,"guid":"http:\/\/dev.claret.cat\/autor\/regis-st-louis\/","menu_order":0,"post_type":"autor","post_mime_type":"","comment_count":"0","filter":"raw"},{"ID":162498,"post_author":"3","post_date":"2022-10-14 17:31:29","post_date_gmt":"2022-10-14 15:31:29","post_content":"","post_title":"LORNA PARKES","post_excerpt":"","post_status":"publish","comment_status":"closed","ping_status":"closed","post_password":"","post_name":"lorna-parkes","to_ping":"","pinged":"","post_modified":"2022-10-14 17:31:29","post_modified_gmt":"2022-10-14 15:31:29","post_content_filtered":"","post_parent":0,"guid":"http:\/\/dev.claret.cat\/autor\/lorna-parkes\/","menu_order":0,"post_type":"autor","post_mime_type":"","comment_count":"0","filter":"raw"}],"autor":"ST.LOUIS, REGIS \/ PARKES, LORNA \/ MCNAUGHTAN, HUGH","codart":"840821525","libros-coleccion":"Gu\u00edas Lo mejor de Ciudad Lonely Planet","ediciones":"1","encuadernacion":"R\u00fastica","fecha_de_publicacion":"01\/02\/2020","novedad":"1","paginas":"258","subtitulo":"","orden":"0","portada":"0","idioma":"spa"},"aioseo_notices":[],"_links":{"self":[{"href":"https:\/\/www.claret.cat\/es\/wp-json\/wp\/v2\/product\/114748","targetHints":{"allow":["GET"]}}],"collection":[{"href":"https:\/\/www.claret.cat\/es\/wp-json\/wp\/v2\/product"}],"about":[{"href":"https:\/\/www.claret.cat\/es\/wp-json\/wp\/v2\/types\/product"}],"wp:featuredmedia":[{"embeddable":true,"href":"https:\/\/www.claret.cat\/es\/wp-json\/wp\/v2\/media\/114749"}],"wp:attachment":[{"href":"https:\/\/www.claret.cat\/es\/wp-json\/wp\/v2\/media?parent=114748"}],"wp:term":[{"taxonomy":"product_brand","embeddable":true,"href":"https:\/\/www.claret.cat\/es\/wp-json\/wp\/v2\/product_brand?post=114748"},{"taxonomy":"product_cat","embeddable":true,"href":"https:\/\/www.claret.cat\/es\/wp-json\/wp\/v2\/product_cat?post=114748"},{"taxonomy":"product_tag","embeddable":true,"href":"https:\/\/www.claret.cat\/es\/wp-json\/wp\/v2\/product_tag?post=114748"}],"curies":[{"name":"wp","href":"https:\/\/api.w.org\/{rel}","templated":true}]}}