{"id":114754,"date":"2022-10-12T14:52:00","date_gmt":"2022-10-12T12:52:00","guid":{"rendered":"http:\/\/dev.claret.cat\/producte\/eslovenia-3\/"},"modified":"2023-01-28T19:09:24","modified_gmt":"2023-01-28T18:09:24","slug":"eslovenia-3-9788408208341","status":"publish","type":"product","link":"https:\/\/www.claret.cat\/es\/libro\/eslovenia-3-9788408208341\/","title":{"rendered":"ESLOVENIA 3"},"content":{"rendered":"<p>Aunque peque\u00f1o, el pa\u00eds tiene todo tipo de maravillas naturales: las imponentes cumbres de los Alpes Julianos, la magia subterr\u00e1nea de las cuevas de Postojna y kocjan, lagos resplandecientes y r\u00edos color esmeralda, as\u00ed como el breve pero bello litoral adri\u00e1tico. Su mezcla de climas va de las brisas c\u00e1lidas del Mediterr\u00e1neo a las faldas de los Alpes, donde puede nevar incluso en verano. Adem\u00e1s, con m\u00e1s de la mitad de su territorio cubierto de bosques, puede presumir de ser es uno de los pa\u00edses m\u00e1s verdes del mundo.<br \/> Pero no toda la belleza nacional est\u00e1 en la naturaleza. La mano del hombre ha dejado un cuantioso legado, como en el lago Bled, cuya pintoresca isla cuenta con una diminuta capilla barroca recortada contra un imponente castillo, conformando un arm\u00f3nico conjunto. El pa\u00eds posee, de hecho, una incre\u00edble variedad arquitect\u00f3nica: poblaciones portuarias de aire venecianas, granjas de estilo h\u00fangaro en Transmurania (Prekmurje), iglesias g\u00f3ticas en los Alpes Julianos y el esplendor art nouveau de Liubliana.<\/p>\n","protected":false},"excerpt":{"rendered":"<p>BAKER, MARK \/ HAM, ANTHONY \/ LEE, JESSICA<\/p>\n","protected":false},"featured_media":114755,"template":"","meta":{"_acf_changed":false,"om_disable_all_campaigns":false,"rs_blank_template":"","rs_page_bg_color":"","slide_template_v7":"","inline_featured_image":false,"_monsterinsights_skip_tracking":false,"_monsterinsights_sitenote_active":false,"_monsterinsights_sitenote_note":"","_monsterinsights_sitenote_category":0},"product_brand":[],"product_cat":[107],"product_tag":[],"class_list":{"0":"post-114754","1":"product","2":"type-product","3":"status-publish","4":"has-post-thumbnail","6":"product_cat-guies-de-viatge","8":"first","9":"instock","10":"taxable","11":"shipping-taxable","12":"purchasable","13":"product-type-simple"},"acf":{"editorial":[{"ID":6233,"post_author":"3","post_date":"2022-07-28 17:47:48","post_date_gmt":"2022-07-28 15:47:48","post_content":"","post_title":"EDITORIAL PLANETA","post_excerpt":"","post_status":"publish","comment_status":"closed","ping_status":"closed","post_password":"","post_name":"editorial-planeta","to_ping":"","pinged":"","post_modified":"2022-07-28 17:47:48","post_modified_gmt":"2022-07-28 15:47:48","post_content_filtered":"","post_parent":0,"guid":"http:\/\/dev.claret.cat\/editorial\/editorial-planeta\/","menu_order":0,"post_type":"editorial","post_mime_type":"","comment_count":"0","filter":"raw"}],"autores-libros":[{"ID":159068,"post_author":"3","post_date":"2022-10-14 15:41:50","post_date_gmt":"2022-10-14 13:41:50","post_content":"","post_title":"JESSICA LEE","post_excerpt":"","post_status":"publish","comment_status":"closed","ping_status":"closed","post_password":"","post_name":"jessica-lee","to_ping":"","pinged":"","post_modified":"2022-10-14 15:41:50","post_modified_gmt":"2022-10-14 13:41:50","post_content_filtered":"","post_parent":0,"guid":"http:\/\/dev.claret.cat\/autor\/jessica-lee\/","menu_order":0,"post_type":"autor","post_mime_type":"","comment_count":"0","filter":"raw"},{"ID":164060,"post_author":"3","post_date":"2022-10-14 17:44:02","post_date_gmt":"2022-10-14 15:44:02","post_content":"","post_title":"MARK BAKER","post_excerpt":"","post_status":"publish","comment_status":"closed","ping_status":"closed","post_password":"","post_name":"mark-baker","to_ping":"","pinged":"","post_modified":"2022-10-14 17:44:02","post_modified_gmt":"2022-10-14 15:44:02","post_content_filtered":"","post_parent":0,"guid":"http:\/\/dev.claret.cat\/autor\/mark-baker\/","menu_order":0,"post_type":"autor","post_mime_type":"","comment_count":"0","filter":"raw"},{"ID":150770,"post_author":"3","post_date":"2022-10-14 14:35:36","post_date_gmt":"2022-10-14 12:35:36","post_content":"","post_title":"ANTHONY HAM","post_excerpt":"","post_status":"publish","comment_status":"closed","ping_status":"closed","post_password":"","post_name":"anthony-ham","to_ping":"","pinged":"","post_modified":"2022-10-14 14:35:36","post_modified_gmt":"2022-10-14 12:35:36","post_content_filtered":"","post_parent":0,"guid":"http:\/\/dev.claret.cat\/autor\/anthony-ham\/","menu_order":0,"post_type":"autor","post_mime_type":"","comment_count":"0","filter":"raw"}],"autor":"BAKER, MARK \/ HAM, ANTHONY \/ LEE, JESSICA","codart":"840820834","libros-coleccion":"Lonely Planet","ediciones":"1","encuadernacion":"R\u00fastica","fecha_de_publicacion":"01\/10\/2019","novedad":"1","paginas":"296","subtitulo":"","orden":"0","portada":"0","idioma":"spa"},"aioseo_notices":[],"_links":{"self":[{"href":"https:\/\/www.claret.cat\/es\/wp-json\/wp\/v2\/product\/114754","targetHints":{"allow":["GET"]}}],"collection":[{"href":"https:\/\/www.claret.cat\/es\/wp-json\/wp\/v2\/product"}],"about":[{"href":"https:\/\/www.claret.cat\/es\/wp-json\/wp\/v2\/types\/product"}],"wp:featuredmedia":[{"embeddable":true,"href":"https:\/\/www.claret.cat\/es\/wp-json\/wp\/v2\/media\/114755"}],"wp:attachment":[{"href":"https:\/\/www.claret.cat\/es\/wp-json\/wp\/v2\/media?parent=114754"}],"wp:term":[{"taxonomy":"product_brand","embeddable":true,"href":"https:\/\/www.claret.cat\/es\/wp-json\/wp\/v2\/product_brand?post=114754"},{"taxonomy":"product_cat","embeddable":true,"href":"https:\/\/www.claret.cat\/es\/wp-json\/wp\/v2\/product_cat?post=114754"},{"taxonomy":"product_tag","embeddable":true,"href":"https:\/\/www.claret.cat\/es\/wp-json\/wp\/v2\/product_tag?post=114754"}],"curies":[{"name":"wp","href":"https:\/\/api.w.org\/{rel}","templated":true}]}}