{"id":114766,"date":"2022-10-12T14:52:10","date_gmt":"2022-10-12T12:52:10","guid":{"rendered":"http:\/\/dev.claret.cat\/producte\/praga-de-cerca-5\/"},"modified":"2023-01-28T04:13:17","modified_gmt":"2023-01-28T03:13:17","slug":"praga-de-cerca-5-9788408179559","status":"publish","type":"product","link":"https:\/\/www.claret.cat\/es\/libro\/praga-de-cerca-5-9788408179559\/","title":{"rendered":"PRAGA DE CERCA 5"},"content":{"rendered":"<p>La ciudad de las cien agujas, con su embriagador laberinto de callejuelas empedradas, encandila a los visitantes gracias a su espectacular arquitectura g\u00f3tica, sus genuinas tabernas, sus caf\u00e9s fin de si\u00e8cle, su arte de vanguardia y su majestuoso castillo el m\u00e1s grande del mundo. Es imprescindible visitar su excelsa joya, la Catedral de San Vito y pasear por la Plaza de la Ciudad Vieja, conocida por su reloj astron\u00f3mico, en el cual, cada hora, la Muerte toca la campana e invierte un reloj de arena. Y el impresionante puente Carlos ofrece una inolvidable forma de cruzar de la Ciudad Vieja a Mal\u00e1 Strana. Despu\u00e9s de ver el Castillo y cruzar el puente Carlos, se aconseja sumarse a los praguenses en sus parques, barrios y bares favoritos.<\/p>\n","protected":false},"excerpt":{"rendered":"<p>DI DUCA, MARC \/ BAKER, MARK \/ WILSON, NEIL<\/p>\n","protected":false},"featured_media":114767,"template":"","meta":{"_acf_changed":false,"om_disable_all_campaigns":false,"rs_blank_template":"","rs_page_bg_color":"","slide_template_v7":"","inline_featured_image":false,"_monsterinsights_skip_tracking":false,"_monsterinsights_sitenote_active":false,"_monsterinsights_sitenote_note":"","_monsterinsights_sitenote_category":0},"product_brand":[],"product_cat":[107],"product_tag":[],"class_list":{"0":"post-114766","1":"product","2":"type-product","3":"status-publish","4":"has-post-thumbnail","6":"product_cat-guies-de-viatge","8":"first","9":"instock","10":"taxable","11":"shipping-taxable","12":"purchasable","13":"product-type-simple"},"acf":{"editorial":[{"ID":6233,"post_author":"3","post_date":"2022-07-28 17:47:48","post_date_gmt":"2022-07-28 15:47:48","post_content":"","post_title":"EDITORIAL PLANETA","post_excerpt":"","post_status":"publish","comment_status":"closed","ping_status":"closed","post_password":"","post_name":"editorial-planeta","to_ping":"","pinged":"","post_modified":"2022-07-28 17:47:48","post_modified_gmt":"2022-07-28 15:47:48","post_content_filtered":"","post_parent":0,"guid":"http:\/\/dev.claret.cat\/editorial\/editorial-planeta\/","menu_order":0,"post_type":"editorial","post_mime_type":"","comment_count":"0","filter":"raw"}],"autores-libros":[{"ID":163306,"post_author":"3","post_date":"2022-10-14 17:37:58","post_date_gmt":"2022-10-14 15:37:58","post_content":"","post_title":"MARC DI DUCA","post_excerpt":"","post_status":"publish","comment_status":"closed","ping_status":"closed","post_password":"","post_name":"marc-di-duca","to_ping":"","pinged":"","post_modified":"2022-10-14 17:37:58","post_modified_gmt":"2022-10-14 15:37:58","post_content_filtered":"","post_parent":0,"guid":"http:\/\/dev.claret.cat\/autor\/marc-di-duca\/","menu_order":0,"post_type":"autor","post_mime_type":"","comment_count":"0","filter":"raw"},{"ID":165738,"post_author":"3","post_date":"2022-10-14 17:57:33","post_date_gmt":"2022-10-14 15:57:33","post_content":"","post_title":"NEIL WILSON","post_excerpt":"","post_status":"publish","comment_status":"closed","ping_status":"closed","post_password":"","post_name":"neil-wilson","to_ping":"","pinged":"","post_modified":"2022-10-14 17:57:33","post_modified_gmt":"2022-10-14 15:57:33","post_content_filtered":"","post_parent":0,"guid":"http:\/\/dev.claret.cat\/autor\/neil-wilson\/","menu_order":0,"post_type":"autor","post_mime_type":"","comment_count":"0","filter":"raw"},{"ID":164060,"post_author":"3","post_date":"2022-10-14 17:44:02","post_date_gmt":"2022-10-14 15:44:02","post_content":"","post_title":"MARK BAKER","post_excerpt":"","post_status":"publish","comment_status":"closed","ping_status":"closed","post_password":"","post_name":"mark-baker","to_ping":"","pinged":"","post_modified":"2022-10-14 17:44:02","post_modified_gmt":"2022-10-14 15:44:02","post_content_filtered":"","post_parent":0,"guid":"http:\/\/dev.claret.cat\/autor\/mark-baker\/","menu_order":0,"post_type":"autor","post_mime_type":"","comment_count":"0","filter":"raw"}],"autor":"DI DUCA, MARC \/ BAKER, MARK \/ WILSON, NEIL","codart":"840817955","libros-coleccion":"GU\u00cdAS DE CERCA LONELY PLANET","ediciones":"1","encuadernacion":"R\u00fastica","fecha_de_publicacion":"01\/03\/2018","novedad":"1","paginas":"160","subtitulo":"","orden":"0","portada":"0","idioma":"spa"},"aioseo_notices":[],"_links":{"self":[{"href":"https:\/\/www.claret.cat\/es\/wp-json\/wp\/v2\/product\/114766","targetHints":{"allow":["GET"]}}],"collection":[{"href":"https:\/\/www.claret.cat\/es\/wp-json\/wp\/v2\/product"}],"about":[{"href":"https:\/\/www.claret.cat\/es\/wp-json\/wp\/v2\/types\/product"}],"wp:featuredmedia":[{"embeddable":true,"href":"https:\/\/www.claret.cat\/es\/wp-json\/wp\/v2\/media\/114767"}],"wp:attachment":[{"href":"https:\/\/www.claret.cat\/es\/wp-json\/wp\/v2\/media?parent=114766"}],"wp:term":[{"taxonomy":"product_brand","embeddable":true,"href":"https:\/\/www.claret.cat\/es\/wp-json\/wp\/v2\/product_brand?post=114766"},{"taxonomy":"product_cat","embeddable":true,"href":"https:\/\/www.claret.cat\/es\/wp-json\/wp\/v2\/product_cat?post=114766"},{"taxonomy":"product_tag","embeddable":true,"href":"https:\/\/www.claret.cat\/es\/wp-json\/wp\/v2\/product_tag?post=114766"}],"curies":[{"name":"wp","href":"https:\/\/api.w.org\/{rel}","templated":true}]}}