{"id":114973,"date":"2022-10-12T14:55:15","date_gmt":"2022-10-12T12:55:15","guid":{"rendered":"http:\/\/dev.claret.cat\/producte\/el-cerebro-ilusionista\/"},"modified":"2025-01-20T17:19:18","modified_gmt":"2025-01-20T16:19:18","slug":"el-cerebro-ilusionista-9788491873723","status":"publish","type":"product","link":"https:\/\/www.claret.cat\/es\/libro\/el-cerebro-ilusionista-9788491873723\/","title":{"rendered":"EL CEREBRO ILUSIONISTA"},"content":{"rendered":"<p>\u00bfC\u00f3mo consiguen los magos hacernos ver lo imposible? \u00bfQu\u00e9 interferencias logran en nuestros procesos cognitivos? \u00bfC\u00f3mo explica la magia el funcionamiento del cerebro? Los magos usan efectos \u00f3pticos y manipulan la atenci\u00f3n: consiguen que miremos, pero que no veamos. Sacan provecho de nuestras predisposiciones y de la fragilidad de nuestros recuerdos, porque el secreto de la magia est\u00e1 en el funcionamiento de nuestra mente. Para revelarlo, esta obra nos propone un viaje a trav\u00e9s de la cognici\u00f3n humana; un trayecto por el amplio mundo de la percepci\u00f3n, la atenci\u00f3n, las memorias y las decisiones. De la mano de dos verdaderos expertos en magia y neurociencia, nos adentramos en el funcionamiento de nuestro cerebro para comprender c\u00f3mo los ilusionistas nos convencen con asombrosos trucos. Un texto apasionante o, nunca mejor dicho, m\u00e1gico. Descubre tu cerebro mediante la magia.<\/p>\n","protected":false},"excerpt":{"rendered":"<p>CAMI MORELL, JORDI \/ MART\u00cdNEZ LUIS M.<\/p>\n","protected":false},"featured_media":114974,"template":"","meta":{"_acf_changed":false,"om_disable_all_campaigns":false,"rs_blank_template":"","rs_page_bg_color":"","slide_template_v7":"","inline_featured_image":false,"_monsterinsights_skip_tracking":false,"_monsterinsights_sitenote_active":false,"_monsterinsights_sitenote_note":"","_monsterinsights_sitenote_category":0},"product_brand":[],"product_cat":[376,178],"product_tag":[],"class_list":{"0":"post-114973","1":"product","2":"type-product","3":"status-publish","4":"has-post-thumbnail","6":"product_cat-autores-psicologia-2_humanidades","7":"product_cat-autors-psicologia","9":"first","10":"instock","11":"taxable","12":"shipping-taxable","13":"purchasable","14":"product-type-simple"},"acf":{"editorial":[{"ID":148734,"post_author":"3","post_date":"2022-10-14 12:00:33","post_date_gmt":"2022-10-14 10:00:33","post_content":"","post_title":"RBA Bolsillo","post_excerpt":"","post_status":"publish","comment_status":"closed","ping_status":"closed","post_password":"","post_name":"rba-bolsillo","to_ping":"","pinged":"","post_modified":"2022-10-14 12:00:33","post_modified_gmt":"2022-10-14 10:00:33","post_content_filtered":"","post_parent":0,"guid":"http:\/\/dev.claret.cat\/editorial\/rba-bolsillo\/","menu_order":0,"post_type":"editorial","post_mime_type":"","comment_count":"0","filter":"raw"}],"autor":"CAMI MORELL, JORDI \/ MART\u00cdNEZ LUIS M.","codart":"849187372","libros-coleccion":"Divulgaci\u00f3n","ediciones":"1","encuadernacion":"R\u00fastica","fecha_de_publicacion":"01\/02\/2020","novedad":"1","paginas":"318","subtitulo":"LA NEUROCIENCIA DETR\u00c1S DE LA MAGIA","orden":"0","portada":"0","idioma":"spa","autores-libros":[{"ID":159850,"post_author":"3","post_date":"2022-10-14 15:48:14","post_date_gmt":"2022-10-14 13:48:14","post_content":"","post_title":"JORDI CAMI MORELL","post_excerpt":"","post_status":"publish","comment_status":"closed","ping_status":"closed","post_password":"","post_name":"jordi-cami-morell","to_ping":"","pinged":"","post_modified":"2022-10-14 15:48:14","post_modified_gmt":"2022-10-14 13:48:14","post_content_filtered":"","post_parent":0,"guid":"http:\/\/dev.claret.cat\/autor\/jordi-cami-morell\/","menu_order":0,"post_type":"autor","post_mime_type":"","comment_count":"0","filter":"raw"},{"ID":164338,"post_author":"3","post_date":"2022-10-14 17:46:16","post_date_gmt":"2022-10-14 15:46:16","post_content":"","post_title":"MART\u00cdNEZ LUIS M.","post_excerpt":"","post_status":"publish","comment_status":"closed","ping_status":"closed","post_password":"","post_name":"martinez-luis-m","to_ping":"","pinged":"","post_modified":"2022-10-14 17:46:16","post_modified_gmt":"2022-10-14 15:46:16","post_content_filtered":"","post_parent":0,"guid":"http:\/\/dev.claret.cat\/autor\/martinez-luis-m\/","menu_order":0,"post_type":"autor","post_mime_type":"","comment_count":"0","filter":"raw"}]},"aioseo_notices":[],"_links":{"self":[{"href":"https:\/\/www.claret.cat\/es\/wp-json\/wp\/v2\/product\/114973","targetHints":{"allow":["GET"]}}],"collection":[{"href":"https:\/\/www.claret.cat\/es\/wp-json\/wp\/v2\/product"}],"about":[{"href":"https:\/\/www.claret.cat\/es\/wp-json\/wp\/v2\/types\/product"}],"wp:featuredmedia":[{"embeddable":true,"href":"https:\/\/www.claret.cat\/es\/wp-json\/wp\/v2\/media\/114974"}],"wp:attachment":[{"href":"https:\/\/www.claret.cat\/es\/wp-json\/wp\/v2\/media?parent=114973"}],"wp:term":[{"taxonomy":"product_brand","embeddable":true,"href":"https:\/\/www.claret.cat\/es\/wp-json\/wp\/v2\/product_brand?post=114973"},{"taxonomy":"product_cat","embeddable":true,"href":"https:\/\/www.claret.cat\/es\/wp-json\/wp\/v2\/product_cat?post=114973"},{"taxonomy":"product_tag","embeddable":true,"href":"https:\/\/www.claret.cat\/es\/wp-json\/wp\/v2\/product_tag?post=114973"}],"curies":[{"name":"wp","href":"https:\/\/api.w.org\/{rel}","templated":true}]}}