{"id":115108,"date":"2022-10-12T14:57:25","date_gmt":"2022-10-12T12:57:25","guid":{"rendered":"http:\/\/dev.claret.cat\/producte\/jo-tinc-un-moc\/"},"modified":"2023-01-28T22:18:00","modified_gmt":"2023-01-28T21:18:00","slug":"jo-tinc-un-moc-9788412041866","status":"publish","type":"product","link":"https:\/\/www.claret.cat\/es\/libro\/jo-tinc-un-moc-9788412041866\/","title":{"rendered":"JO TINC UN MOC"},"content":{"rendered":"<p>Primer, es descobreix la pres\u00e8ncia de la mat\u00e8ria espessa i enganxosa dins el nas. Despr\u00e9s es procedeix a introduir el dit a la cavitat nasal per retirar la subst\u00e0ncia verdosa o groguenca amb molt de compte. A continuaci\u00f3, es contempla el moc extret i tot seguit s&#8217;ingereix. De la degustaci\u00f3 sorgeix la necessitat de repetir el proc\u00e9s. I aix\u00ed, veiem els membres d&#8217;una fam\u00edlia, de tots dos sexes i de quatre generacions, interpretar aquesta can\u00e7oneta popular. Un \u00e0lbum que ser\u00e0 la del\u00edcia dels muc\u00f2fags de qualsevol edat, no exempt de moralitat.<\/p>\n","protected":false},"excerpt":{"rendered":"<p>DESCLOT, MIQUEL<\/p>\n","protected":false},"featured_media":115109,"template":"","meta":{"_acf_changed":false,"om_disable_all_campaigns":false,"rs_blank_template":"","rs_page_bg_color":"","slide_template_v7":"","inline_featured_image":false,"_monsterinsights_skip_tracking":false,"_monsterinsights_sitenote_active":false,"_monsterinsights_sitenote_note":"","_monsterinsights_sitenote_category":0},"product_brand":[],"product_cat":[114],"product_tag":[],"class_list":{"0":"post-115108","1":"product","2":"type-product","3":"status-publish","4":"has-post-thumbnail","6":"product_cat-humor-grafic","8":"first","9":"instock","10":"taxable","11":"shipping-taxable","12":"purchasable","13":"product-type-simple"},"acf":{"editorial":[{"ID":147834,"post_author":"3","post_date":"2022-10-14 11:53:34","post_date_gmt":"2022-10-14 09:53:34","post_content":"","post_title":"Ediciones Modernas El Embudo","post_excerpt":"","post_status":"publish","comment_status":"closed","ping_status":"closed","post_password":"","post_name":"ediciones-modernas-el-embudo","to_ping":"","pinged":"","post_modified":"2022-10-14 11:53:34","post_modified_gmt":"2022-10-14 09:53:34","post_content_filtered":"","post_parent":0,"guid":"http:\/\/dev.claret.cat\/editorial\/ediciones-modernas-el-embudo\/","menu_order":0,"post_type":"editorial","post_mime_type":"","comment_count":"0","filter":"raw"}],"autores-libros":[{"ID":165148,"post_author":"3","post_date":"2022-10-14 17:52:48","post_date_gmt":"2022-10-14 15:52:48","post_content":"","post_title":"MIQUEL DESCLOT","post_excerpt":"","post_status":"publish","comment_status":"closed","ping_status":"closed","post_password":"","post_name":"miquel-desclot","to_ping":"","pinged":"","post_modified":"2022-10-14 17:52:48","post_modified_gmt":"2022-10-14 15:52:48","post_content_filtered":"","post_parent":0,"guid":"http:\/\/dev.claret.cat\/autor\/miquel-desclot\/","menu_order":0,"post_type":"autor","post_mime_type":"","comment_count":"0","filter":"raw"}],"autor":"DESCLOT, MIQUEL","codart":"841204186","libros-coleccion":"Et sona?","ediciones":"1","encuadernacion":"R\u00fastica","fecha_de_publicacion":"01\/02\/2020","novedad":"1","paginas":"136","subtitulo":"","orden":"0","portada":"0","idioma":"cat"},"aioseo_notices":[],"_links":{"self":[{"href":"https:\/\/www.claret.cat\/es\/wp-json\/wp\/v2\/product\/115108","targetHints":{"allow":["GET"]}}],"collection":[{"href":"https:\/\/www.claret.cat\/es\/wp-json\/wp\/v2\/product"}],"about":[{"href":"https:\/\/www.claret.cat\/es\/wp-json\/wp\/v2\/types\/product"}],"wp:featuredmedia":[{"embeddable":true,"href":"https:\/\/www.claret.cat\/es\/wp-json\/wp\/v2\/media\/115109"}],"wp:attachment":[{"href":"https:\/\/www.claret.cat\/es\/wp-json\/wp\/v2\/media?parent=115108"}],"wp:term":[{"taxonomy":"product_brand","embeddable":true,"href":"https:\/\/www.claret.cat\/es\/wp-json\/wp\/v2\/product_brand?post=115108"},{"taxonomy":"product_cat","embeddable":true,"href":"https:\/\/www.claret.cat\/es\/wp-json\/wp\/v2\/product_cat?post=115108"},{"taxonomy":"product_tag","embeddable":true,"href":"https:\/\/www.claret.cat\/es\/wp-json\/wp\/v2\/product_tag?post=115108"}],"curies":[{"name":"wp","href":"https:\/\/api.w.org\/{rel}","templated":true}]}}