{"id":115141,"date":"2022-10-12T14:57:55","date_gmt":"2022-10-12T12:57:55","guid":{"rendered":"http:\/\/dev.claret.cat\/producte\/la-habitacion-de-los-susurros\/"},"modified":"2025-01-20T17:20:56","modified_gmt":"2025-01-20T16:20:56","slug":"la-habitacion-de-los-susurros-9788491872252","status":"publish","type":"product","link":"https:\/\/www.claret.cat\/es\/libro\/la-habitacion-de-los-susurros-9788491872252\/","title":{"rendered":"LA HABITACI\u00d3N DE LOS SUSURROS"},"content":{"rendered":"<p>Jane Hawk, una de las mejores agentes del FBI hasta hace poco, se ha convertido en una fugada de la justicia. Gente muy poderosa quiere verla muerta, porque ha descubierto una ambiciosa conspiraci\u00f3n para tener controlada a la poblaci\u00f3n mediante la nanotecnolog\u00eda. Una de las primeras v\u00edctimas de ese plan diab\u00f3lico fue su esposo. Ahora le ha tocado el turno a Cora Gundersun, una amable profesora que, obedeciendo a una voz en su cabeza, se ha quitado la vida al volante de un todoterreno cargado de gasolina. Hawk es extraordinariamene inteligente, valiente y muy escurridiza, pero precisa aliados en quien confiar para seguir adelante en tiempos de miedo y caos, hacen falta hero\u00ednas.<\/p>\n","protected":false},"excerpt":{"rendered":"<p>KOONTZ DEAN<\/p>\n","protected":false},"featured_media":115142,"template":"","meta":{"_acf_changed":false,"om_disable_all_campaigns":false,"rs_blank_template":"","rs_page_bg_color":"","slide_template_v7":"","inline_featured_image":false,"_monsterinsights_skip_tracking":false,"_monsterinsights_sitenote_active":false,"_monsterinsights_sitenote_note":"","_monsterinsights_sitenote_category":0},"product_brand":[],"product_cat":[127,357],"product_tag":[],"class_list":{"0":"post-115141","1":"product","2":"type-product","3":"status-publish","4":"has-post-thumbnail","6":"product_cat-novella-contemporania","7":"product_cat-novela-contemporanea","9":"first","10":"instock","11":"taxable","12":"shipping-taxable","13":"purchasable","14":"product-type-simple"},"acf":{"editorial":[{"ID":148734,"post_author":"3","post_date":"2022-10-14 12:00:33","post_date_gmt":"2022-10-14 10:00:33","post_content":"","post_title":"RBA Bolsillo","post_excerpt":"","post_status":"publish","comment_status":"closed","ping_status":"closed","post_password":"","post_name":"rba-bolsillo","to_ping":"","pinged":"","post_modified":"2022-10-14 12:00:33","post_modified_gmt":"2022-10-14 10:00:33","post_content_filtered":"","post_parent":0,"guid":"http:\/\/dev.claret.cat\/editorial\/rba-bolsillo\/","menu_order":0,"post_type":"editorial","post_mime_type":"","comment_count":"0","filter":"raw"}],"autor":"KOONTZ DEAN","codart":"849187225","libros-coleccion":"NOVELA POLIC\u00cdACA BIB","ediciones":"1","encuadernacion":"Carton\u00e9","fecha_de_publicacion":"01\/02\/2020","novedad":"1","paginas":"553","subtitulo":"","orden":"0","portada":"0","idioma":"spa","autores-libros":[{"ID":161739,"post_author":"3","post_date":"2022-10-14 17:20:39","post_date_gmt":"2022-10-14 15:20:39","post_content":"","post_title":"KOONTZ DEAN","post_excerpt":"","post_status":"publish","comment_status":"closed","ping_status":"closed","post_password":"","post_name":"koontz-dean","to_ping":"","pinged":"","post_modified":"2022-10-14 17:20:39","post_modified_gmt":"2022-10-14 15:20:39","post_content_filtered":"","post_parent":0,"guid":"http:\/\/dev.claret.cat\/autor\/koontz-dean\/","menu_order":0,"post_type":"autor","post_mime_type":"","comment_count":"0","filter":"raw"}]},"aioseo_notices":[],"_links":{"self":[{"href":"https:\/\/www.claret.cat\/es\/wp-json\/wp\/v2\/product\/115141","targetHints":{"allow":["GET"]}}],"collection":[{"href":"https:\/\/www.claret.cat\/es\/wp-json\/wp\/v2\/product"}],"about":[{"href":"https:\/\/www.claret.cat\/es\/wp-json\/wp\/v2\/types\/product"}],"wp:featuredmedia":[{"embeddable":true,"href":"https:\/\/www.claret.cat\/es\/wp-json\/wp\/v2\/media\/115142"}],"wp:attachment":[{"href":"https:\/\/www.claret.cat\/es\/wp-json\/wp\/v2\/media?parent=115141"}],"wp:term":[{"taxonomy":"product_brand","embeddable":true,"href":"https:\/\/www.claret.cat\/es\/wp-json\/wp\/v2\/product_brand?post=115141"},{"taxonomy":"product_cat","embeddable":true,"href":"https:\/\/www.claret.cat\/es\/wp-json\/wp\/v2\/product_cat?post=115141"},{"taxonomy":"product_tag","embeddable":true,"href":"https:\/\/www.claret.cat\/es\/wp-json\/wp\/v2\/product_tag?post=115141"}],"curies":[{"name":"wp","href":"https:\/\/api.w.org\/{rel}","templated":true}]}}