{"id":115153,"date":"2022-10-12T14:58:06","date_gmt":"2022-10-12T12:58:06","guid":{"rendered":"http:\/\/dev.claret.cat\/producte\/banner-historia-de-una-ardilla\/"},"modified":"2025-04-07T12:10:52","modified_gmt":"2025-04-07T10:10:52","slug":"banner-historia-de-una-ardilla-9788427218857","status":"publish","type":"product","link":"https:\/\/www.claret.cat\/es\/libro\/banner-historia-de-una-ardilla-9788427218857\/","title":{"rendered":"BANNER, HISTORIA DE UNA ARDILLA"},"content":{"rendered":"<p>Banner y Flappy van a bajar del \u00e1rbol gigante que es su casa. As\u00ed comenzaban las aventuras de Banner y Flappy, dos peque\u00f1os h\u00e9roes peludos que nos acompa\u00f1aron cap\u00edtulo a cap\u00edtulo a lo largo de nuestra infancia. Pero su historia empieza mucho antes, con este relato de Ernest Thompson Seton. A trav\u00e9s de Banner, una peque\u00f1a ardilla criada por un gato, Seton nos lleva a un universo regido por el instinto y el deseo de supervivencia. Un mundo fascinante en el que las vivencias de las criaturas del bosque alcanzan dimensiones \u00e9picas. Incluye los relatos Banner, historia de una ardilla; y Lobo, Cuellirrojo, Jir\u00f3n y Raposa. Las series de tu vida antes fueron libros.<\/p>\n","protected":false},"excerpt":{"rendered":"<p>THOMPSON SETON, ERNEST<\/p>\n","protected":false},"featured_media":115154,"template":"","meta":{"_acf_changed":false,"om_disable_all_campaigns":false,"rs_blank_template":"","rs_page_bg_color":"","slide_template_v7":"","inline_featured_image":false,"_monsterinsights_skip_tracking":false,"_monsterinsights_sitenote_active":false,"_monsterinsights_sitenote_note":"","_monsterinsights_sitenote_category":0},"product_brand":[],"product_cat":[132,362],"product_tag":[],"class_list":{"0":"post-115153","1":"product","2":"type-product","3":"status-publish","4":"has-post-thumbnail","6":"product_cat-lectures-per-preadolescents-6-12-anys","7":"product_cat-libros-preadolescentes-6-12-anos","9":"first","10":"instock","11":"taxable","12":"shipping-taxable","13":"purchasable","14":"product-type-simple"},"acf":{"editorial":[{"ID":6346,"post_author":"3","post_date":"2022-07-28 17:50:13","post_date_gmt":"2022-07-28 15:50:13","post_content":"","post_title":"RBA Molino","post_excerpt":"","post_status":"publish","comment_status":"closed","ping_status":"closed","post_password":"","post_name":"rba-molino","to_ping":"","pinged":"","post_modified":"2022-07-28 17:50:13","post_modified_gmt":"2022-07-28 15:50:13","post_content_filtered":"","post_parent":0,"guid":"http:\/\/dev.claret.cat\/editorial\/rba-molino\/","menu_order":0,"post_type":"editorial","post_mime_type":"","comment_count":"0","filter":"raw"}],"autor":"THOMPSON SETON, ERNEST","codart":"842721885","libros-coleccion":"OTROS JUVENIL","ediciones":"1","encuadernacion":"Carton\u00e9","fecha_de_publicacion":"01\/02\/2020","novedad":"1","paginas":"365","subtitulo":"","orden":"0","portada":"0","idioma":"spa","autores-libros":[{"ID":155314,"post_author":"3","post_date":"2022-10-14 15:11:51","post_date_gmt":"2022-10-14 13:11:51","post_content":"","post_title":"ERNEST THOMPSON SETON","post_excerpt":"","post_status":"publish","comment_status":"closed","ping_status":"closed","post_password":"","post_name":"ernest-thompson-seton","to_ping":"","pinged":"","post_modified":"2022-10-14 15:11:51","post_modified_gmt":"2022-10-14 13:11:51","post_content_filtered":"","post_parent":0,"guid":"http:\/\/dev.claret.cat\/autor\/ernest-thompson-seton\/","menu_order":0,"post_type":"autor","post_mime_type":"","comment_count":"0","filter":"raw"}]},"aioseo_notices":[],"_links":{"self":[{"href":"https:\/\/www.claret.cat\/es\/wp-json\/wp\/v2\/product\/115153","targetHints":{"allow":["GET"]}}],"collection":[{"href":"https:\/\/www.claret.cat\/es\/wp-json\/wp\/v2\/product"}],"about":[{"href":"https:\/\/www.claret.cat\/es\/wp-json\/wp\/v2\/types\/product"}],"wp:featuredmedia":[{"embeddable":true,"href":"https:\/\/www.claret.cat\/es\/wp-json\/wp\/v2\/media\/115154"}],"wp:attachment":[{"href":"https:\/\/www.claret.cat\/es\/wp-json\/wp\/v2\/media?parent=115153"}],"wp:term":[{"taxonomy":"product_brand","embeddable":true,"href":"https:\/\/www.claret.cat\/es\/wp-json\/wp\/v2\/product_brand?post=115153"},{"taxonomy":"product_cat","embeddable":true,"href":"https:\/\/www.claret.cat\/es\/wp-json\/wp\/v2\/product_cat?post=115153"},{"taxonomy":"product_tag","embeddable":true,"href":"https:\/\/www.claret.cat\/es\/wp-json\/wp\/v2\/product_tag?post=115153"}],"curies":[{"name":"wp","href":"https:\/\/api.w.org\/{rel}","templated":true}]}}