{"id":115165,"date":"2022-10-12T14:58:18","date_gmt":"2022-10-12T12:58:18","guid":{"rendered":"http:\/\/dev.claret.cat\/producte\/guia-practica-de-interacciones-entre-alimentos-y-medicamentos\/"},"modified":"2023-01-28T08:30:07","modified_gmt":"2023-01-28T07:30:07","slug":"guia-practica-de-interacciones-entre-alimentos-y-medicamentos-9788413191126","status":"publish","type":"product","link":"https:\/\/www.claret.cat\/es\/libro\/guia-practica-de-interacciones-entre-alimentos-y-medicamentos-9788413191126\/","title":{"rendered":"GU\u00cdA PR\u00c1CTICA DE INTERACCIONES ENTRE ALIMENTOS Y MEDICAMENTOS"},"content":{"rendered":"<p>Las interacciones entre medicamentos y alimentos son diversas, ya que la v\u00eda oral es muy usada en la administraci\u00f3n de f\u00e1rmacos, afectando esencialmente a la absorci\u00f3n tanto de f\u00e1rmacos como de nutrientes. Se cree que la interacci\u00f3n es cl\u00ednicamente relevante cuando es imprescindible reajustar la posolog\u00eda o adoptar medidas m\u00e9dicas para paliar los efectos de esta interacci\u00f3n. Adem\u00e1s, el f\u00e1rmaco puede influir en absorci\u00f3n, apetito, metabolismo, digesti\u00f3n y eliminaci\u00f3n de nutrientes. Esta gu\u00eda describe las interacciones entre alimentos y los medicamentos m\u00e1s habituales, explica las causas de estas interacciones y da pautas, tanto a profesionales sanitarios como a pacientes, para evitarlas o mitigar sus consecuencias.<\/p>\n","protected":false},"excerpt":{"rendered":"<p>G\u00d3MEZ ZORITA, SAIOA \/ ARIAS RUEDA, NOEM\u00cd \/ G\u00d3MEZ DE SEGURA, LETICIA \/ FERN\u00c1NDEZ<\/p>\n","protected":false},"featured_media":115166,"template":"","meta":{"_acf_changed":false,"om_disable_all_campaigns":false,"rs_blank_template":"","rs_page_bg_color":"","slide_template_v7":"","inline_featured_image":false,"_monsterinsights_skip_tracking":false,"_monsterinsights_sitenote_active":false,"_monsterinsights_sitenote_note":"","_monsterinsights_sitenote_category":0},"product_brand":[],"product_cat":[97],"product_tag":[],"class_list":{"0":"post-115165","1":"product","2":"type-product","3":"status-publish","4":"has-post-thumbnail","6":"product_cat-salut","8":"first","9":"instock","10":"taxable","11":"shipping-taxable","12":"purchasable","13":"product-type-simple"},"acf":{"editorial":[{"ID":148929,"post_author":"3","post_date":"2022-10-14 12:02:06","post_date_gmt":"2022-10-14 10:02:06","post_content":"","post_title":"UNIVERSIDAD DEL PAIS VASCO","post_excerpt":"","post_status":"publish","comment_status":"closed","ping_status":"closed","post_password":"","post_name":"universidad-del-pais-vasco","to_ping":"","pinged":"","post_modified":"2022-10-14 12:02:06","post_modified_gmt":"2022-10-14 10:02:06","post_content_filtered":"","post_parent":0,"guid":"http:\/\/dev.claret.cat\/editorial\/universidad-del-pais-vasco\/","menu_order":0,"post_type":"editorial","post_mime_type":"","comment_count":"0","filter":"raw"}],"autores-libros":[{"ID":168792,"post_author":"3","post_date":"2022-10-14 22:21:59","post_date_gmt":"2022-10-14 20:21:59","post_content":"","post_title":"SAIOA G\u00d3MEZ ZORITA","post_excerpt":"","post_status":"publish","comment_status":"closed","ping_status":"closed","post_password":"","post_name":"saioa-gomez-zorita","to_ping":"","pinged":"","post_modified":"2022-10-14 22:21:59","post_modified_gmt":"2022-10-14 20:21:59","post_content_filtered":"","post_parent":0,"guid":"http:\/\/dev.claret.cat\/autor\/saioa-gomez-zorita\/","menu_order":0,"post_type":"autor","post_mime_type":"","comment_count":"0","filter":"raw"},{"ID":165939,"post_author":"3","post_date":"2022-10-14 17:59:08","post_date_gmt":"2022-10-14 15:59:08","post_content":"","post_title":"NOEM\u00cd ARIAS RUEDA","post_excerpt":"","post_status":"publish","comment_status":"closed","ping_status":"closed","post_password":"","post_name":"noemi-arias-rueda","to_ping":"","pinged":"","post_modified":"2022-10-14 17:59:08","post_modified_gmt":"2022-10-14 15:59:08","post_content_filtered":"","post_parent":0,"guid":"http:\/\/dev.claret.cat\/autor\/noemi-arias-rueda\/","menu_order":0,"post_type":"autor","post_mime_type":"","comment_count":"0","filter":"raw"},{"ID":162155,"post_author":"3","post_date":"2022-10-14 17:28:47","post_date_gmt":"2022-10-14 15:28:47","post_content":"","post_title":"LETICIA G\u00d3MEZ DE SEGURA","post_excerpt":"","post_status":"publish","comment_status":"closed","ping_status":"closed","post_password":"","post_name":"leticia-gomez-de-segura","to_ping":"","pinged":"","post_modified":"2022-10-14 17:28:47","post_modified_gmt":"2022-10-14 15:28:47","post_content_filtered":"","post_parent":0,"guid":"http:\/\/dev.claret.cat\/autor\/leticia-gomez-de-segura\/","menu_order":0,"post_type":"autor","post_mime_type":"","comment_count":"0","filter":"raw"},{"ID":155765,"post_author":"3","post_date":"2022-10-14 15:15:27","post_date_gmt":"2022-10-14 13:15:27","post_content":"","post_title":"FERNANDEZ","post_excerpt":"","post_status":"publish","comment_status":"closed","ping_status":"closed","post_password":"","post_name":"fernandez","to_ping":"","pinged":"","post_modified":"2022-10-14 15:15:27","post_modified_gmt":"2022-10-14 13:15:27","post_content_filtered":"","post_parent":0,"guid":"http:\/\/dev.claret.cat\/autor\/fernandez\/","menu_order":0,"post_type":"autor","post_mime_type":"","comment_count":"0","filter":"raw"}],"autor":"G\u00d3MEZ ZORITA, SAIOA \/ ARIAS RUEDA, NOEM\u00cd \/ G\u00d3MEZ DE SEGURA, LETICIA \/ FERN\u00c1NDEZ","codart":"841319112","libros-coleccion":"Zabalduz","ediciones":"1","encuadernacion":"R\u00fastica","fecha_de_publicacion":"01\/01\/2020","novedad":"1","paginas":"89","subtitulo":"","orden":"0","portada":"0","idioma":"spa"},"aioseo_notices":[],"_links":{"self":[{"href":"https:\/\/www.claret.cat\/es\/wp-json\/wp\/v2\/product\/115165","targetHints":{"allow":["GET"]}}],"collection":[{"href":"https:\/\/www.claret.cat\/es\/wp-json\/wp\/v2\/product"}],"about":[{"href":"https:\/\/www.claret.cat\/es\/wp-json\/wp\/v2\/types\/product"}],"wp:featuredmedia":[{"embeddable":true,"href":"https:\/\/www.claret.cat\/es\/wp-json\/wp\/v2\/media\/115166"}],"wp:attachment":[{"href":"https:\/\/www.claret.cat\/es\/wp-json\/wp\/v2\/media?parent=115165"}],"wp:term":[{"taxonomy":"product_brand","embeddable":true,"href":"https:\/\/www.claret.cat\/es\/wp-json\/wp\/v2\/product_brand?post=115165"},{"taxonomy":"product_cat","embeddable":true,"href":"https:\/\/www.claret.cat\/es\/wp-json\/wp\/v2\/product_cat?post=115165"},{"taxonomy":"product_tag","embeddable":true,"href":"https:\/\/www.claret.cat\/es\/wp-json\/wp\/v2\/product_tag?post=115165"}],"curies":[{"name":"wp","href":"https:\/\/api.w.org\/{rel}","templated":true}]}}