{"id":115210,"date":"2022-10-12T14:59:00","date_gmt":"2022-10-12T12:59:00","guid":{"rendered":"http:\/\/dev.claret.cat\/producte\/un-dissabte-de-primavera\/"},"modified":"2023-01-28T10:41:26","modified_gmt":"2023-01-28T09:41:26","slug":"un-dissabte-de-primavera-9788412065152","status":"publish","type":"product","link":"https:\/\/www.claret.cat\/es\/libro\/un-dissabte-de-primavera-9788412065152\/","title":{"rendered":"UN DISSABTE DE PRIMAVERA"},"content":{"rendered":"<p>Enmig de l&#8217;efervesc\u00e8ncia de la primavera, un dissabte qualsevol \u00e9s suficient per capgirar les inquietuds dels personatges d&#8217;una hist\u00f2ria ambientada a La Sarabanda, una antiga torre senyorial que es convertir\u00e0 en testimoni d&#8217;una trobada entre dues parelles, i una tercera al backstage. Aparentment, gaudeixen de les seves vides amb total plenitud i sense grans preocupacions, fins que l&#8217;imprevist canviar\u00e0 la visi\u00f3 del seu m\u00f3n.<\/p>\n","protected":false},"excerpt":{"rendered":"<p>GRAU I ANTOLI, ISIDRE<\/p>\n","protected":false},"featured_media":115211,"template":"","meta":{"_acf_changed":false,"om_disable_all_campaigns":false,"rs_blank_template":"","rs_page_bg_color":"","slide_template_v7":"","inline_featured_image":false,"_monsterinsights_skip_tracking":false,"_monsterinsights_sitenote_active":false,"_monsterinsights_sitenote_note":"","_monsterinsights_sitenote_category":0},"product_brand":[],"product_cat":[127],"product_tag":[],"class_list":{"0":"post-115210","1":"product","2":"type-product","3":"status-publish","4":"has-post-thumbnail","6":"product_cat-novella-contemporania","8":"first","9":"instock","10":"taxable","11":"shipping-taxable","12":"purchasable","13":"product-type-simple"},"acf":{"editorial":[{"ID":148044,"post_author":"3","post_date":"2022-10-14 11:55:12","post_date_gmt":"2022-10-14 09:55:12","post_content":"","post_title":"Editorial Tr\u00edpode","post_excerpt":"","post_status":"publish","comment_status":"closed","ping_status":"closed","post_password":"","post_name":"editorial-tripode","to_ping":"","pinged":"","post_modified":"2022-10-14 11:55:12","post_modified_gmt":"2022-10-14 09:55:12","post_content_filtered":"","post_parent":0,"guid":"http:\/\/dev.claret.cat\/editorial\/editorial-tripode\/","menu_order":0,"post_type":"editorial","post_mime_type":"","comment_count":"0","filter":"raw"}],"autores-libros":[{"ID":158125,"post_author":"3","post_date":"2022-10-14 15:34:21","post_date_gmt":"2022-10-14 13:34:21","post_content":"","post_title":"ISIDRE GRAU","post_excerpt":"","post_status":"publish","comment_status":"closed","ping_status":"closed","post_password":"","post_name":"isidre-grau","to_ping":"","pinged":"","post_modified":"2022-10-14 15:34:21","post_modified_gmt":"2022-10-14 13:34:21","post_content_filtered":"","post_parent":0,"guid":"http:\/\/dev.claret.cat\/autor\/isidre-grau\/","menu_order":0,"post_type":"autor","post_mime_type":"","comment_count":"0","filter":"raw"}],"autor":"GRAU I ANTOLI, ISIDRE","codart":"841206515","libros-coleccion":"Col\u00b7lecci\u00f3: -----","ediciones":"1","encuadernacion":"R\u00fastica","fecha_de_publicacion":"01\/02\/2020","novedad":"1","paginas":"215","subtitulo":"","orden":"0","portada":"0","idioma":"cat"},"aioseo_notices":[],"_links":{"self":[{"href":"https:\/\/www.claret.cat\/es\/wp-json\/wp\/v2\/product\/115210","targetHints":{"allow":["GET"]}}],"collection":[{"href":"https:\/\/www.claret.cat\/es\/wp-json\/wp\/v2\/product"}],"about":[{"href":"https:\/\/www.claret.cat\/es\/wp-json\/wp\/v2\/types\/product"}],"wp:featuredmedia":[{"embeddable":true,"href":"https:\/\/www.claret.cat\/es\/wp-json\/wp\/v2\/media\/115211"}],"wp:attachment":[{"href":"https:\/\/www.claret.cat\/es\/wp-json\/wp\/v2\/media?parent=115210"}],"wp:term":[{"taxonomy":"product_brand","embeddable":true,"href":"https:\/\/www.claret.cat\/es\/wp-json\/wp\/v2\/product_brand?post=115210"},{"taxonomy":"product_cat","embeddable":true,"href":"https:\/\/www.claret.cat\/es\/wp-json\/wp\/v2\/product_cat?post=115210"},{"taxonomy":"product_tag","embeddable":true,"href":"https:\/\/www.claret.cat\/es\/wp-json\/wp\/v2\/product_tag?post=115210"}],"curies":[{"name":"wp","href":"https:\/\/api.w.org\/{rel}","templated":true}]}}