{"id":11529,"date":"2022-09-30T20:06:47","date_gmt":"2022-09-30T18:06:47","guid":{"rendered":"http:\/\/dev.claret.cat\/producte\/el-cami-del-monjo\/"},"modified":"2026-02-21T11:10:26","modified_gmt":"2026-02-21T10:10:26","slug":"el-cami-del-monjo-9788491911937","status":"publish","type":"product","link":"https:\/\/www.claret.cat\/es\/libro\/el-cami-del-monjo-9788491911937\/","title":{"rendered":"EL CAM\u00cd DEL MONJO"},"content":{"rendered":"<p>Per qu\u00e8 va entrar al monestir? Per qu\u00e8 es va fer monjo? qu\u00e8 hi va trobar en aquest estil de vida? Com \u00e9s la vida d&#8217;un monjo en el seu dia a dia? I els ermitans, \u00e9s el mateix? Les campanes, la rutina, el ritual, el cam\u00ed, les escriptures, l&#8217;aparici\u00f3 del 3 d&#8217;agost de 1458, la Capella de la Desaparici\u00f3, el significat del gran retaule barroc&#8230;<br \/>Jo arribava al Miracle amb algunes preguntes preparades, per\u00f2 a l&#8217;hora de la veritat, el que en Ramon anava dient generava noves preguntes i ens portava per camins insospitats. Potser algunes de les q\u00fcestions que tractem us semblaran ing\u00e8nues o infantils. A vegades parlem de les petites coses de cada dia, d&#8217;alguns detals min\u00fasculs. El cam\u00ed interior relaciona el m\u00e1s gran amb el m\u00e9s petit, el que \u00e9s a tocar amb l&#8217;intangible. No hi ha distincions. <br \/>Hem parlat de detalls i detallets, i d&#8217;historietes (paraula que en Ramon fa servir sovint), per\u00f2 no hem perdut de vista all\u00f2 que \u00e9s essencial.<br \/>Al llarg d&#8217;aquestes converses \u2013converses tranquil\u00b7les, estimulants, sinceres\u2013, en Ramon Ribera-Marin\u00e9, monjo de llarg recorregut, ens obre la porta a les interioritats de la seva experi\u00e8ncia.<\/p>\n","protected":false},"excerpt":{"rendered":"<p>GIRALT, SALVADOR<\/p>\n","protected":false},"featured_media":375989,"template":"","meta":{"_acf_changed":false,"om_disable_all_campaigns":false,"rs_blank_template":"","rs_page_bg_color":"","slide_template_v7":"","inline_featured_image":false,"_monsterinsights_skip_tracking":false,"_monsterinsights_sitenote_active":false,"_monsterinsights_sitenote_note":"","_monsterinsights_sitenote_category":0},"product_brand":[],"product_cat":[307],"product_tag":[],"class_list":{"0":"post-11529","1":"product","2":"type-product","3":"status-publish","4":"has-post-thumbnail","6":"product_cat-catala","8":"first","9":"instock","10":"taxable","11":"shipping-taxable","12":"purchasable","13":"product-type-simple"},"acf":{"autor":"GIRALT, SALVADOR","codart":"849191193","libros-coleccion":"","ediciones":"1","encuadernacion":"R\u00fastica","fecha_de_publicacion":"15\/10\/2021","novedad":"1","paginas":"152","subtitulo":"CONVERSES AMB RAMON RIBERA-MARIN\u00c9, MONJO DE MONTSERRAT AL SANTUARI DEL MIRACLE","orden":"1000","portada":"0","idioma":"cat","editorial":[{"ID":8266,"post_author":"3","post_date":"2022-09-30 09:21:36","post_date_gmt":"2022-09-30 07:21:36","post_content":"","post_title":"PUBLICACIONS DE L'ABADIA DE MONTSERRAT","post_excerpt":"","post_status":"publish","comment_status":"closed","ping_status":"closed","post_password":"","post_name":"publicacions-de-labadia-de-montserrat-5","to_ping":"","pinged":"","post_modified":"2022-09-30 09:21:36","post_modified_gmt":"2022-09-30 07:21:36","post_content_filtered":"","post_parent":0,"guid":"http:\/\/dev.claret.cat\/editorial\/publicacions-de-labadia-de-montserrat-5\/","menu_order":0,"post_type":"editorial","post_mime_type":"","comment_count":"0","filter":"raw"}],"autores-libros":[{"ID":168855,"post_author":"3","post_date":"2022-10-14 22:22:29","post_date_gmt":"2022-10-14 20:22:29","post_content":"","post_title":"SALVADOR GIRALT","post_excerpt":"","post_status":"publish","comment_status":"closed","ping_status":"closed","post_password":"","post_name":"salvador-giralt","to_ping":"","pinged":"","post_modified":"2022-10-14 22:22:29","post_modified_gmt":"2022-10-14 20:22:29","post_content_filtered":"","post_parent":0,"guid":"http:\/\/dev.claret.cat\/autor\/salvador-giralt\/","menu_order":0,"post_type":"autor","post_mime_type":"","comment_count":"0","filter":"raw"}],"traductores-libros":"","ilustradores-libros":"","formato":"","linkebook":"","precioebook":"0","ebookportada":false,"ficha":"","muestra":"","presentacion":"","booktrailer":"","resenas":"","recomendamos":"","mas_vendido":""},"aioseo_notices":[],"_links":{"self":[{"href":"https:\/\/www.claret.cat\/es\/wp-json\/wp\/v2\/product\/11529","targetHints":{"allow":["GET"]}}],"collection":[{"href":"https:\/\/www.claret.cat\/es\/wp-json\/wp\/v2\/product"}],"about":[{"href":"https:\/\/www.claret.cat\/es\/wp-json\/wp\/v2\/types\/product"}],"wp:featuredmedia":[{"embeddable":true,"href":"https:\/\/www.claret.cat\/es\/wp-json\/wp\/v2\/media\/375989"}],"wp:attachment":[{"href":"https:\/\/www.claret.cat\/es\/wp-json\/wp\/v2\/media?parent=11529"}],"wp:term":[{"taxonomy":"product_brand","embeddable":true,"href":"https:\/\/www.claret.cat\/es\/wp-json\/wp\/v2\/product_brand?post=11529"},{"taxonomy":"product_cat","embeddable":true,"href":"https:\/\/www.claret.cat\/es\/wp-json\/wp\/v2\/product_cat?post=11529"},{"taxonomy":"product_tag","embeddable":true,"href":"https:\/\/www.claret.cat\/es\/wp-json\/wp\/v2\/product_tag?post=11529"}],"curies":[{"name":"wp","href":"https:\/\/api.w.org\/{rel}","templated":true}]}}