{"id":115495,"date":"2022-10-12T15:03:05","date_gmt":"2022-10-12T13:03:05","guid":{"rendered":"http:\/\/dev.claret.cat\/producte\/cuentos-para-ninas-y-ninos-felices\/"},"modified":"2024-12-20T12:37:06","modified_gmt":"2024-12-20T11:37:06","slug":"cuentos-para-ninas-y-ninos-felices-9788408223221","status":"publish","type":"product","link":"https:\/\/www.claret.cat\/es\/libro\/cuentos-para-ninas-y-ninos-felices-9788408223221\/","title":{"rendered":"CUENTOS PARA NI\u00d1AS Y NI\u00d1OS FELICES"},"content":{"rendered":"<p>Tras el \u00e9xito mundial de Cuentos para quererte mejor, Alex Rovira y Francesc Miralles presentan una nueva obra para aprender valores que dar\u00e1 a los j\u00f3venes lectores una br\u00fajula para encarar los desaf\u00edos de la vida, descubrir su talento desarrollar su inteligencia emocional y realizarse.<br \/>Viene incluida una gu\u00eda con consejos para madres, padres y educadores.<\/p>\n","protected":false},"excerpt":{"rendered":"<p>ROVIRA, \u00c1LEX \/ MIRALLES, FRANCESC<\/p>\n","protected":false},"featured_media":115496,"template":"","meta":{"_acf_changed":false,"om_disable_all_campaigns":false,"rs_blank_template":"","rs_page_bg_color":"","slide_template_v7":"","inline_featured_image":false,"_monsterinsights_skip_tracking":false,"_monsterinsights_sitenote_active":false,"_monsterinsights_sitenote_note":"","_monsterinsights_sitenote_category":0},"product_brand":[],"product_cat":[132,362],"product_tag":[],"class_list":{"0":"post-115495","1":"product","2":"type-product","3":"status-publish","4":"has-post-thumbnail","6":"product_cat-lectures-per-preadolescents-6-12-anys","7":"product_cat-libros-preadolescentes-6-12-anos","9":"first","10":"instock","11":"taxable","12":"shipping-taxable","13":"purchasable","14":"product-type-simple"},"acf":{"editorial":[{"ID":6233,"post_author":"3","post_date":"2022-07-28 17:47:48","post_date_gmt":"2022-07-28 15:47:48","post_content":"","post_title":"EDITORIAL PLANETA","post_excerpt":"","post_status":"publish","comment_status":"closed","ping_status":"closed","post_password":"","post_name":"editorial-planeta","to_ping":"","pinged":"","post_modified":"2022-07-28 17:47:48","post_modified_gmt":"2022-07-28 15:47:48","post_content_filtered":"","post_parent":0,"guid":"http:\/\/dev.claret.cat\/editorial\/editorial-planeta\/","menu_order":0,"post_type":"editorial","post_mime_type":"","comment_count":"0","filter":"raw"}],"autores-libros":[{"ID":156108,"post_author":"3","post_date":"2022-10-14 15:18:10","post_date_gmt":"2022-10-14 13:18:10","post_content":"","post_title":"FRANCESC MIRALLES","post_excerpt":"","post_status":"publish","comment_status":"closed","ping_status":"closed","post_password":"","post_name":"francesc-miralles-2","to_ping":"","pinged":"","post_modified":"2022-10-14 15:18:10","post_modified_gmt":"2022-10-14 13:18:10","post_content_filtered":"","post_parent":0,"guid":"http:\/\/dev.claret.cat\/autor\/francesc-miralles-2\/","menu_order":0,"post_type":"autor","post_mime_type":"","comment_count":"0","filter":"raw"},{"ID":149675,"post_author":"3","post_date":"2022-10-14 14:26:48","post_date_gmt":"2022-10-14 12:26:48","post_content":"","post_title":"ALEX ROVIRA","post_excerpt":"","post_status":"publish","comment_status":"closed","ping_status":"closed","post_password":"","post_name":"alex-rovira","to_ping":"","pinged":"","post_modified":"2022-10-14 14:26:48","post_modified_gmt":"2022-10-14 12:26:48","post_content_filtered":"","post_parent":0,"guid":"http:\/\/dev.claret.cat\/autor\/alex-rovira\/","menu_order":0,"post_type":"autor","post_mime_type":"","comment_count":"0","filter":"raw"}],"autor":"ROVIRA, \u00c1LEX \/ MIRALLES, FRANCESC","codart":"840822322","libros-coleccion":"Destino. Fuera de colecci\u00f3n","ediciones":"1","encuadernacion":"Carton\u00e9","fecha_de_publicacion":"01\/02\/2020","novedad":"1","paginas":"176","subtitulo":"","orden":"0","portada":"0","idioma":"spa"},"aioseo_notices":[],"_links":{"self":[{"href":"https:\/\/www.claret.cat\/es\/wp-json\/wp\/v2\/product\/115495","targetHints":{"allow":["GET"]}}],"collection":[{"href":"https:\/\/www.claret.cat\/es\/wp-json\/wp\/v2\/product"}],"about":[{"href":"https:\/\/www.claret.cat\/es\/wp-json\/wp\/v2\/types\/product"}],"wp:featuredmedia":[{"embeddable":true,"href":"https:\/\/www.claret.cat\/es\/wp-json\/wp\/v2\/media\/115496"}],"wp:attachment":[{"href":"https:\/\/www.claret.cat\/es\/wp-json\/wp\/v2\/media?parent=115495"}],"wp:term":[{"taxonomy":"product_brand","embeddable":true,"href":"https:\/\/www.claret.cat\/es\/wp-json\/wp\/v2\/product_brand?post=115495"},{"taxonomy":"product_cat","embeddable":true,"href":"https:\/\/www.claret.cat\/es\/wp-json\/wp\/v2\/product_cat?post=115495"},{"taxonomy":"product_tag","embeddable":true,"href":"https:\/\/www.claret.cat\/es\/wp-json\/wp\/v2\/product_tag?post=115495"}],"curies":[{"name":"wp","href":"https:\/\/api.w.org\/{rel}","templated":true}]}}