{"id":115507,"date":"2022-10-12T15:03:15","date_gmt":"2022-10-12T13:03:15","guid":{"rendered":"http:\/\/dev.claret.cat\/producte\/el-desconocido-albert-einstein\/"},"modified":"2023-01-28T21:38:58","modified_gmt":"2023-01-28T20:38:58","slug":"el-desconocido-albert-einstein-9788490667835","status":"publish","type":"product","link":"https:\/\/www.claret.cat\/es\/libro\/el-desconocido-albert-einstein-9788490667835\/","title":{"rendered":"EL DESCONOCIDO ALBERT EINSTEIN"},"content":{"rendered":"<p>Max Born afirm\u00f3 que, aunque Albert Einstein no hubiera escrito una sola l\u00ednea sobre relatividad, habr\u00eda sido igualmente uno de los cient\u00edficos m\u00e1s grandes de todos los tiempos. Este libro, escrito de forma accesible por uno de los especialistas m\u00e1s reconocidos en el campo, explora de forma accesible la cuant\u00eda y envergadura de las contribuciones cient\u00edficas de un Einstein no relativista un Einstein, por tanto, casi \u00abdesconocido\u00bb en terrenos como las fuerzas moleculares, la termoestad\u00edstica, el efecto fotoel\u00e9ctrico, el movimiento browniano, la opalescencia, los cuantos de energ\u00eda, la estructura dual de la radiaci\u00f3n o su posici\u00f3n ante la mec\u00e1nica cu\u00e1ntica; un asunto \u00e9ste relacionado con las teor\u00edas de \u00abvariables ocultas\u00bb y sus implicaciones. Tras situar cada uno de los hallazgos de Einstein en su contexto vital e hist\u00f3rico, El desconocido Albert Einstein finaliza indagando con lucidez en la pol\u00e9mica sobre la aut\u00e9ntica responsabilidad que pudo tener Mileva Mari, primera esposa de Albert Einstein, en algunas de las principales aportaciones cient\u00edficas del mito.<\/p>\n","protected":false},"excerpt":{"rendered":"<p>NAVARRO, LUIS<\/p>\n","protected":false},"featured_media":115508,"template":"","meta":{"_acf_changed":false,"om_disable_all_campaigns":false,"rs_blank_template":"","rs_page_bg_color":"","slide_template_v7":"","inline_featured_image":false,"_monsterinsights_skip_tracking":false,"_monsterinsights_sitenote_active":false,"_monsterinsights_sitenote_note":"","_monsterinsights_sitenote_category":0},"product_brand":[],"product_cat":[104],"product_tag":[],"class_list":{"0":"post-115507","1":"product","2":"type-product","3":"status-publish","4":"has-post-thumbnail","6":"product_cat-ciencia","8":"first","9":"instock","10":"taxable","11":"shipping-taxable","12":"purchasable","13":"product-type-simple"},"acf":{"editorial":[{"ID":148913,"post_author":"3","post_date":"2022-10-14 12:01:58","post_date_gmt":"2022-10-14 10:01:58","post_content":"","post_title":"Tusquets Editores S.A.","post_excerpt":"","post_status":"publish","comment_status":"closed","ping_status":"closed","post_password":"","post_name":"tusquets-editores-s-a","to_ping":"","pinged":"","post_modified":"2022-10-14 12:01:58","post_modified_gmt":"2022-10-14 10:01:58","post_content_filtered":"","post_parent":0,"guid":"http:\/\/dev.claret.cat\/editorial\/tusquets-editores-s-a\/","menu_order":0,"post_type":"editorial","post_mime_type":"","comment_count":"0","filter":"raw"}],"autor":"NAVARRO, LUIS","codart":"849066783","libros-coleccion":"Metatemas","ediciones":"1","encuadernacion":"R\u00fastica","fecha_de_publicacion":"01\/02\/2020","novedad":"1","paginas":"560","subtitulo":"","orden":"0","portada":"0","idioma":"spa","autores-libros":[{"ID":162767,"post_author":"3","post_date":"2022-10-14 17:33:39","post_date_gmt":"2022-10-14 15:33:39","post_content":"","post_title":"LUIS NAVARRO","post_excerpt":"","post_status":"publish","comment_status":"closed","ping_status":"closed","post_password":"","post_name":"luis-navarro","to_ping":"","pinged":"","post_modified":"2022-10-14 17:33:39","post_modified_gmt":"2022-10-14 15:33:39","post_content_filtered":"","post_parent":0,"guid":"http:\/\/dev.claret.cat\/autor\/luis-navarro\/","menu_order":0,"post_type":"autor","post_mime_type":"","comment_count":"0","filter":"raw"}]},"aioseo_notices":[],"_links":{"self":[{"href":"https:\/\/www.claret.cat\/es\/wp-json\/wp\/v2\/product\/115507","targetHints":{"allow":["GET"]}}],"collection":[{"href":"https:\/\/www.claret.cat\/es\/wp-json\/wp\/v2\/product"}],"about":[{"href":"https:\/\/www.claret.cat\/es\/wp-json\/wp\/v2\/types\/product"}],"wp:featuredmedia":[{"embeddable":true,"href":"https:\/\/www.claret.cat\/es\/wp-json\/wp\/v2\/media\/115508"}],"wp:attachment":[{"href":"https:\/\/www.claret.cat\/es\/wp-json\/wp\/v2\/media?parent=115507"}],"wp:term":[{"taxonomy":"product_brand","embeddable":true,"href":"https:\/\/www.claret.cat\/es\/wp-json\/wp\/v2\/product_brand?post=115507"},{"taxonomy":"product_cat","embeddable":true,"href":"https:\/\/www.claret.cat\/es\/wp-json\/wp\/v2\/product_cat?post=115507"},{"taxonomy":"product_tag","embeddable":true,"href":"https:\/\/www.claret.cat\/es\/wp-json\/wp\/v2\/product_tag?post=115507"}],"curies":[{"name":"wp","href":"https:\/\/api.w.org\/{rel}","templated":true}]}}