{"id":115522,"date":"2022-10-12T15:03:27","date_gmt":"2022-10-12T13:03:27","guid":{"rendered":"http:\/\/dev.claret.cat\/producte\/tots-els-colors-de-lamor\/"},"modified":"2023-01-28T05:32:59","modified_gmt":"2023-01-28T04:32:59","slug":"tots-els-colors-de-lamor-9788412108057","status":"publish","type":"product","link":"https:\/\/www.claret.cat\/es\/libro\/tots-els-colors-de-lamor-9788412108057\/","title":{"rendered":"TOTS ELS COLORS DE L&#8217;AMOR"},"content":{"rendered":"<p>La Clara t\u00e9 una fam\u00edlia molt gran, i aix\u00f2 est\u00e0 molt b\u00e9. Per\u00f2 la Clara tamb\u00e9 t\u00e9 un germ\u00e0 petit i aix\u00f2 ja no ho est\u00e0 tant, de b\u00e9, perqu\u00e8 en Roc \u00e9s un aixafa guitarres.<br \/>Un mat\u00ed la Clara baixa al parc de sota casa i coneix a una pintora estrafol\u00e0ria. La nena es sent molt atreta pels misteriosos quadres que pinta l\u2019artista i cada dia baixa al parc a visitar-la.<br \/>Gr\u00e0cies a aquesta nova amistat, la Clara aprendr\u00e0 a connectar amb els seus sentiments, imaginar\u00e0 de quin color s\u00f3n els seus amors i descobrir\u00e0 que si estimem a moltes persones, el nostre amor es fa m\u00e9s gran i m\u00e9s acolorit!<br \/>Una dol\u00e7a hist\u00f2ria que apropa a grans i petits en l\u2019art d\u2019estimar.<\/p>\n","protected":false},"excerpt":{"rendered":"<p>CASTELLVI MIQUEL, ALBA<\/p>\n","protected":false},"featured_media":316349,"template":"","meta":{"_acf_changed":false,"om_disable_all_campaigns":false,"rs_blank_template":"","rs_page_bg_color":"","slide_template_v7":"","inline_featured_image":false,"_monsterinsights_skip_tracking":false,"_monsterinsights_sitenote_active":false,"_monsterinsights_sitenote_note":"","_monsterinsights_sitenote_category":0},"product_brand":[],"product_cat":[131,132,361,362],"product_tag":[],"class_list":{"0":"post-115522","1":"product","2":"type-product","3":"status-publish","4":"has-post-thumbnail","6":"product_cat-contes-per-infants-0-6-anys","7":"product_cat-lectures-per-preadolescents-6-12-anys","8":"product_cat-cuentos-para-ninos-0-6-anos","9":"product_cat-libros-preadolescentes-6-12-anos","11":"first","12":"instock","13":"taxable","14":"shipping-taxable","15":"purchasable","16":"product-type-simple"},"acf":{"editorial":[{"ID":6145,"post_author":"3","post_date":"2022-07-28 17:45:51","post_date_gmt":"2022-07-28 15:45:51","post_content":"","post_title":"BINDI BOOKS","post_excerpt":"","post_status":"publish","comment_status":"closed","ping_status":"closed","post_password":"","post_name":"bindi-books","to_ping":"","pinged":"","post_modified":"2022-07-28 17:45:51","post_modified_gmt":"2022-07-28 15:45:51","post_content_filtered":"","post_parent":0,"guid":"http:\/\/dev.claret.cat\/editorial\/bindi-books\/","menu_order":0,"post_type":"editorial","post_mime_type":"","comment_count":"0","filter":"raw"}],"autores-libros":[{"ID":149373,"post_author":"3","post_date":"2022-10-14 14:24:20","post_date_gmt":"2022-10-14 12:24:20","post_content":"","post_title":"ALBA CASTELLV\u00cd MIQUEL","post_excerpt":"","post_status":"publish","comment_status":"closed","ping_status":"closed","post_password":"","post_name":"alba-castellvi-miquel","to_ping":"","pinged":"","post_modified":"2022-10-14 14:24:20","post_modified_gmt":"2022-10-14 12:24:20","post_content_filtered":"","post_parent":0,"guid":"http:\/\/dev.claret.cat\/autor\/alba-castellvi-miquel\/","menu_order":0,"post_type":"autor","post_mime_type":"","comment_count":"0","filter":"raw"}],"autor":"CASTELLVI MIQUEL, ALBA","codart":"841210805","libros-coleccion":"","ediciones":"1","encuadernacion":"Carton\u00e9","fecha_de_publicacion":"01\/02\/2020","novedad":"1","paginas":"32","subtitulo":"","orden":"0","portada":"0","idioma":"cat"},"aioseo_notices":[],"_links":{"self":[{"href":"https:\/\/www.claret.cat\/es\/wp-json\/wp\/v2\/product\/115522","targetHints":{"allow":["GET"]}}],"collection":[{"href":"https:\/\/www.claret.cat\/es\/wp-json\/wp\/v2\/product"}],"about":[{"href":"https:\/\/www.claret.cat\/es\/wp-json\/wp\/v2\/types\/product"}],"wp:featuredmedia":[{"embeddable":true,"href":"https:\/\/www.claret.cat\/es\/wp-json\/wp\/v2\/media\/316349"}],"wp:attachment":[{"href":"https:\/\/www.claret.cat\/es\/wp-json\/wp\/v2\/media?parent=115522"}],"wp:term":[{"taxonomy":"product_brand","embeddable":true,"href":"https:\/\/www.claret.cat\/es\/wp-json\/wp\/v2\/product_brand?post=115522"},{"taxonomy":"product_cat","embeddable":true,"href":"https:\/\/www.claret.cat\/es\/wp-json\/wp\/v2\/product_cat?post=115522"},{"taxonomy":"product_tag","embeddable":true,"href":"https:\/\/www.claret.cat\/es\/wp-json\/wp\/v2\/product_tag?post=115522"}],"curies":[{"name":"wp","href":"https:\/\/api.w.org\/{rel}","templated":true}]}}