{"id":115570,"date":"2022-10-12T15:04:09","date_gmt":"2022-10-12T13:04:09","guid":{"rendered":"http:\/\/dev.claret.cat\/producte\/el-poder-de-la-presencia\/"},"modified":"2024-02-20T14:30:41","modified_gmt":"2024-02-20T13:30:41","slug":"el-poder-de-la-presencia-9788490656471","status":"publish","type":"product","link":"https:\/\/www.claret.cat\/es\/libro\/el-poder-de-la-presencia-9788490656471\/","title":{"rendered":"EL PODER DE LA PRESENCIA"},"content":{"rendered":"<p>El poder de la presencia plantea una cuesti\u00f3n simple a la vez que crucial acerca de la crianza de los hijos: \u00bfqu\u00e9 es lo m\u00e1s importante que una madre o un padre puede hacer para ayudar a sus hijos a salir adelante y a sentirse a gusto en el mundo? La respuesta de Daniel J. Siegel y Tina Payne Bryson, autores del bestseller mundial El cerebro del ni\u00f1o, es muy clara: hemos de estar presentes en la vida de nuestros hijos. El poder de la presencia explica qu\u00e9 significa estar presente y c\u00f3mo influye en los hijos para estar sanos, ser felices y tener \u00e9xito en la vida y en las relaciones personales.<\/p>\n","protected":false},"excerpt":{"rendered":"<p>SIEGEL, DANIEL J. \/ BRYSON, TINA PAYNE<\/p>\n","protected":false},"featured_media":115571,"template":"","meta":{"_acf_changed":false,"om_disable_all_campaigns":false,"rs_blank_template":"","rs_page_bg_color":"","slide_template_v7":"","inline_featured_image":false,"_monsterinsights_skip_tracking":false,"_monsterinsights_sitenote_active":false,"_monsterinsights_sitenote_note":"","_monsterinsights_sitenote_category":0},"product_brand":[],"product_cat":[179,377],"product_tag":[],"class_list":{"0":"post-115570","1":"product","2":"type-product","3":"status-publish","4":"has-post-thumbnail","6":"product_cat-autoajuda-i-salut-mental","7":"product_cat-autoayuda-y-salud-mental","9":"first","10":"instock","11":"taxable","12":"shipping-taxable","13":"purchasable","14":"product-type-simple"},"acf":{"editorial":[{"ID":147382,"post_author":"3","post_date":"2022-10-14 11:50:09","post_date_gmt":"2022-10-14 09:50:09","post_content":"","post_title":"Alba Editorial","post_excerpt":"","post_status":"publish","comment_status":"closed","ping_status":"closed","post_password":"","post_name":"alba-editorial","to_ping":"","pinged":"","post_modified":"2022-10-14 11:50:09","post_modified_gmt":"2022-10-14 09:50:09","post_content_filtered":"","post_parent":0,"guid":"http:\/\/dev.claret.cat\/editorial\/alba-editorial\/","menu_order":0,"post_type":"editorial","post_mime_type":"","comment_count":"0","filter":"raw"}],"autor":"SIEGEL, DANIEL J. \/ BRYSON, TINA PAYNE","codart":"849065647","libros-coleccion":"Psicolog\u00eda","ediciones":"1","encuadernacion":"R\u00fastica","fecha_de_publicacion":"01\/02\/2020","novedad":"1","paginas":"280","subtitulo":"C\u00d3MO LA PRESENCIA DE LOS PADRES MOLDEA EL CEREBRO DE LOS HIJOS Y CONFIGURA LAS P","orden":"0","portada":"0","idioma":"spa","autores-libros":[{"ID":170429,"post_author":"3","post_date":"2022-10-14 22:35:15","post_date_gmt":"2022-10-14 20:35:15","post_content":"","post_title":"TINA PAYNE BRYSON","post_excerpt":"","post_status":"publish","comment_status":"closed","ping_status":"closed","post_password":"","post_name":"tina-payne-bryson","to_ping":"","pinged":"","post_modified":"2022-10-14 22:35:15","post_modified_gmt":"2022-10-14 20:35:15","post_content_filtered":"","post_parent":0,"guid":"http:\/\/dev.claret.cat\/autor\/tina-payne-bryson\/","menu_order":0,"post_type":"autor","post_mime_type":"","comment_count":"0","filter":"raw"},{"ID":153600,"post_author":"3","post_date":"2022-10-14 14:58:02","post_date_gmt":"2022-10-14 12:58:02","post_content":"","post_title":"DANIEL J. SIEGEL","post_excerpt":"","post_status":"publish","comment_status":"closed","ping_status":"closed","post_password":"","post_name":"daniel-j-siegel","to_ping":"","pinged":"","post_modified":"2022-10-14 14:58:02","post_modified_gmt":"2022-10-14 12:58:02","post_content_filtered":"","post_parent":0,"guid":"http:\/\/dev.claret.cat\/autor\/daniel-j-siegel\/","menu_order":0,"post_type":"autor","post_mime_type":"","comment_count":"0","filter":"raw"}]},"aioseo_notices":[],"_links":{"self":[{"href":"https:\/\/www.claret.cat\/es\/wp-json\/wp\/v2\/product\/115570","targetHints":{"allow":["GET"]}}],"collection":[{"href":"https:\/\/www.claret.cat\/es\/wp-json\/wp\/v2\/product"}],"about":[{"href":"https:\/\/www.claret.cat\/es\/wp-json\/wp\/v2\/types\/product"}],"wp:featuredmedia":[{"embeddable":true,"href":"https:\/\/www.claret.cat\/es\/wp-json\/wp\/v2\/media\/115571"}],"wp:attachment":[{"href":"https:\/\/www.claret.cat\/es\/wp-json\/wp\/v2\/media?parent=115570"}],"wp:term":[{"taxonomy":"product_brand","embeddable":true,"href":"https:\/\/www.claret.cat\/es\/wp-json\/wp\/v2\/product_brand?post=115570"},{"taxonomy":"product_cat","embeddable":true,"href":"https:\/\/www.claret.cat\/es\/wp-json\/wp\/v2\/product_cat?post=115570"},{"taxonomy":"product_tag","embeddable":true,"href":"https:\/\/www.claret.cat\/es\/wp-json\/wp\/v2\/product_tag?post=115570"}],"curies":[{"name":"wp","href":"https:\/\/api.w.org\/{rel}","templated":true}]}}