{"id":115606,"date":"2022-10-12T15:04:42","date_gmt":"2022-10-12T13:04:42","guid":{"rendered":"http:\/\/dev.claret.cat\/producte\/la-espiritualidad-cristiana-5-vida-en-el-espiritu-y-seguimiento-de-jesus\/"},"modified":"2024-05-23T19:37:56","modified_gmt":"2024-05-23T17:37:56","slug":"la-espiritualidad-cristiana-5-vida-en-el-espiritu-y-seguimiento-de-jesus-9788471419347","status":"publish","type":"product","link":"https:\/\/www.claret.cat\/es\/libro\/la-espiritualidad-cristiana-5-vida-en-el-espiritu-y-seguimiento-de-jesus-9788471419347\/","title":{"rendered":"LA ESPIRITUALIDAD CRISTIANA &#8211; 5 &#8211; VIDA EN EL ESP\u00cdRITU Y SEGUIMIENTO DE JES\u00daS"},"content":{"rendered":"","protected":false},"excerpt":{"rendered":"<p>YANES \u00c1LVAREZ, EL\u00cdAS; SALINAS VI\u00d1ALS, JAVIER<\/p>\n","protected":false},"featured_media":350339,"template":"","meta":{"_acf_changed":false,"om_disable_all_campaigns":false,"rs_blank_template":"","rs_page_bg_color":"","slide_template_v7":"","inline_featured_image":false,"_monsterinsights_skip_tracking":false,"_monsterinsights_sitenote_active":false,"_monsterinsights_sitenote_note":"","_monsterinsights_sitenote_category":0},"product_brand":[],"product_cat":[90,540],"product_tag":[],"class_list":{"0":"post-115606","1":"product","2":"type-product","3":"status-publish","4":"has-post-thumbnail","6":"product_cat-altres","7":"product_cat-otros","9":"first","10":"instock","11":"taxable","12":"shipping-taxable","13":"purchasable","14":"product-type-simple"},"acf":{"editorial":[{"ID":6194,"post_author":"3","post_date":"2022-07-28 17:46:55","post_date_gmt":"2022-07-28 15:46:55","post_content":"","post_title":"EDICE - Conf. Episc.","post_excerpt":"","post_status":"publish","comment_status":"closed","ping_status":"closed","post_password":"","post_name":"edice-conf-episc","to_ping":"","pinged":"","post_modified":"2022-07-28 17:46:55","post_modified_gmt":"2022-07-28 15:46:55","post_content_filtered":"","post_parent":0,"guid":"http:\/\/dev.claret.cat\/editorial\/edice-conf-episc\/","menu_order":0,"post_type":"editorial","post_mime_type":"","comment_count":"0","filter":"raw"}],"autor":"YANES \u00c1LVAREZ, EL\u00cdAS; SALINAS VI\u00d1ALS, JAVIER","codart":"847141934","libros-coleccion":"FORMACI\u00d3N","ediciones":"1","encuadernacion":"R\u00fastica","fecha_de_publicacion":"19\/02\/2020","novedad":"1","paginas":"216","subtitulo":"ITINERARIO DE FORMACI\u00d3N CRISTIANA PARA ADULTOS - 5","orden":"0","portada":"0","idioma":"spa","autores-libros":[{"ID":158784,"post_author":"3","post_date":"2022-10-14 15:39:35","post_date_gmt":"2022-10-14 13:39:35","post_content":"","post_title":"JAVIER SALINAS VI\u00d1ALS","post_excerpt":"","post_status":"publish","comment_status":"closed","ping_status":"closed","post_password":"","post_name":"javier-salinas-vinals","to_ping":"","pinged":"","post_modified":"2022-10-14 15:39:35","post_modified_gmt":"2022-10-14 13:39:35","post_content_filtered":"","post_parent":0,"guid":"http:\/\/dev.claret.cat\/autor\/javier-salinas-vinals\/","menu_order":0,"post_type":"autor","post_mime_type":"","comment_count":"0","filter":"raw"},{"ID":154780,"post_author":"3","post_date":"2022-10-14 15:07:34","post_date_gmt":"2022-10-14 13:07:34","post_content":"","post_title":"EL\u00cdAS YANES \u00c1LVAREZ","post_excerpt":"","post_status":"publish","comment_status":"closed","ping_status":"closed","post_password":"","post_name":"elias-yanes-alvarez","to_ping":"","pinged":"","post_modified":"2022-10-14 15:07:34","post_modified_gmt":"2022-10-14 13:07:34","post_content_filtered":"","post_parent":0,"guid":"http:\/\/dev.claret.cat\/autor\/elias-yanes-alvarez\/","menu_order":0,"post_type":"autor","post_mime_type":"","comment_count":"0","filter":"raw"}]},"aioseo_notices":[],"_links":{"self":[{"href":"https:\/\/www.claret.cat\/es\/wp-json\/wp\/v2\/product\/115606","targetHints":{"allow":["GET"]}}],"collection":[{"href":"https:\/\/www.claret.cat\/es\/wp-json\/wp\/v2\/product"}],"about":[{"href":"https:\/\/www.claret.cat\/es\/wp-json\/wp\/v2\/types\/product"}],"wp:featuredmedia":[{"embeddable":true,"href":"https:\/\/www.claret.cat\/es\/wp-json\/wp\/v2\/media\/350339"}],"wp:attachment":[{"href":"https:\/\/www.claret.cat\/es\/wp-json\/wp\/v2\/media?parent=115606"}],"wp:term":[{"taxonomy":"product_brand","embeddable":true,"href":"https:\/\/www.claret.cat\/es\/wp-json\/wp\/v2\/product_brand?post=115606"},{"taxonomy":"product_cat","embeddable":true,"href":"https:\/\/www.claret.cat\/es\/wp-json\/wp\/v2\/product_cat?post=115606"},{"taxonomy":"product_tag","embeddable":true,"href":"https:\/\/www.claret.cat\/es\/wp-json\/wp\/v2\/product_tag?post=115606"}],"curies":[{"name":"wp","href":"https:\/\/api.w.org\/{rel}","templated":true}]}}