{"id":115663,"date":"2022-10-12T15:05:33","date_gmt":"2022-10-12T13:05:33","guid":{"rendered":"http:\/\/dev.claret.cat\/producte\/la-forca-de-la-gent\/"},"modified":"2025-01-31T14:10:21","modified_gmt":"2025-01-31T13:10:21","slug":"la-forca-de-la-gent-9788417804305","status":"publish","type":"product","link":"https:\/\/www.claret.cat\/es\/libro\/la-forca-de-la-gent-9788417804305\/","title":{"rendered":"LA FOR\u00c7A DE LA GENT"},"content":{"rendered":"<p>Jordi Borr\u00e0s capta en imatges un cap\u00edtol significatiu de la nostra hist\u00f2ria col\u00b7lectiva despr\u00e9s de l&#8217;\u00e8xit de Dies que duraran anys.<br \/>Un cop feta p\u00fablica la sent\u00e8ncia del Proc\u00e9s amb m\u00e9s de 100 anys de pres\u00f3, els carrers han tornat a ser protagonistes d&#8217;un moviment que ni s&#8217;encongeix ni s&#8217;atura davant de l&#8217;Estat. Com una gran onada, la societat s&#8217;ha organitzat en una mobilitzaci\u00f3 sense precedents, capa\u00e7 d&#8217;aturar l&#8217;aeroport de Barcelona i de bloquejar el pas per autopista a la Jonquera, de fer valer de dia la dignitat amb llargues caminades i de nit, encendre el foc de la indignaci\u00f3.<br \/>El testimoni gr\u00e0fic de Jordi Borr\u00e0s, el fotoperiodista de refer\u00e8ncia al nostre pa\u00eds. Fotografies per tenir mem\u00f2ria, instant\u00e0nies per no oblidar mai que la for\u00e7a del poble \u00e9s imparable.<\/p>\n","protected":false},"excerpt":{"rendered":"<p>BORR\u00c0S I ABELL\u00d3, JORDI<\/p>\n","protected":false},"featured_media":115664,"template":"","meta":{"_acf_changed":false,"om_disable_all_campaigns":false,"rs_blank_template":"","rs_page_bg_color":"","slide_template_v7":"","inline_featured_image":false,"_monsterinsights_skip_tracking":false,"_monsterinsights_sitenote_active":false,"_monsterinsights_sitenote_note":"","_monsterinsights_sitenote_category":0},"product_brand":[],"product_cat":[90,540],"product_tag":[],"class_list":{"0":"post-115663","1":"product","2":"type-product","3":"status-publish","4":"has-post-thumbnail","6":"product_cat-altres","7":"product_cat-otros","9":"first","10":"instock","11":"taxable","12":"shipping-taxable","13":"purchasable","14":"product-type-simple"},"acf":{"autor":"BORR\u00c0S I ABELL\u00d3, JORDI","codart":"841780430","libros-coleccion":"CATALAN","ediciones":"1","encuadernacion":"Carton\u00e9","fecha_de_publicacion":"01\/12\/2019","novedad":"1","paginas":"208","subtitulo":"","orden":"0","portada":"0","idioma":"cat","editorial":[{"ID":147453,"post_author":"3","post_date":"2022-10-14 11:50:42","post_date_gmt":"2022-10-14 09:50:42","post_content":"","post_title":"ARA LLIBRES","post_excerpt":"","post_status":"publish","comment_status":"closed","ping_status":"closed","post_password":"","post_name":"ara-llibres","to_ping":"","pinged":"","post_modified":"2022-10-14 11:50:42","post_modified_gmt":"2022-10-14 09:50:42","post_content_filtered":"","post_parent":0,"guid":"http:\/\/dev.claret.cat\/editorial\/ara-llibres\/","menu_order":0,"post_type":"editorial","post_mime_type":"","comment_count":"0","filter":"raw"}],"autores-libros":[{"ID":159842,"post_author":"3","post_date":"2022-10-14 15:48:10","post_date_gmt":"2022-10-14 13:48:10","post_content":"","post_title":"JORDI BORR\u00c0S I ABELL\u00d3","post_excerpt":"","post_status":"publish","comment_status":"closed","ping_status":"closed","post_password":"","post_name":"jordi-borras-i-abello","to_ping":"","pinged":"","post_modified":"2022-10-14 15:48:10","post_modified_gmt":"2022-10-14 13:48:10","post_content_filtered":"","post_parent":0,"guid":"http:\/\/dev.claret.cat\/autor\/jordi-borras-i-abello\/","menu_order":0,"post_type":"autor","post_mime_type":"","comment_count":"0","filter":"raw"}]},"aioseo_notices":[],"_links":{"self":[{"href":"https:\/\/www.claret.cat\/es\/wp-json\/wp\/v2\/product\/115663","targetHints":{"allow":["GET"]}}],"collection":[{"href":"https:\/\/www.claret.cat\/es\/wp-json\/wp\/v2\/product"}],"about":[{"href":"https:\/\/www.claret.cat\/es\/wp-json\/wp\/v2\/types\/product"}],"wp:featuredmedia":[{"embeddable":true,"href":"https:\/\/www.claret.cat\/es\/wp-json\/wp\/v2\/media\/115664"}],"wp:attachment":[{"href":"https:\/\/www.claret.cat\/es\/wp-json\/wp\/v2\/media?parent=115663"}],"wp:term":[{"taxonomy":"product_brand","embeddable":true,"href":"https:\/\/www.claret.cat\/es\/wp-json\/wp\/v2\/product_brand?post=115663"},{"taxonomy":"product_cat","embeddable":true,"href":"https:\/\/www.claret.cat\/es\/wp-json\/wp\/v2\/product_cat?post=115663"},{"taxonomy":"product_tag","embeddable":true,"href":"https:\/\/www.claret.cat\/es\/wp-json\/wp\/v2\/product_tag?post=115663"}],"curies":[{"name":"wp","href":"https:\/\/api.w.org\/{rel}","templated":true}]}}