{"id":115687,"date":"2022-10-12T15:05:56","date_gmt":"2022-10-12T13:05:56","guid":{"rendered":"http:\/\/dev.claret.cat\/producte\/jo-pol-rubio\/"},"modified":"2024-01-31T16:50:31","modified_gmt":"2024-01-31T15:50:31","slug":"jo-pol-rubio-9788466426282","status":"publish","type":"product","link":"https:\/\/www.claret.cat\/es\/libro\/jo-pol-rubio-9788466426282\/","title":{"rendered":"JO, POL RUBIO"},"content":{"rendered":"<p>El Pol Rubio vol arribar a ser un Merl\u00ed. Acabat de graduar-se en filosofia, espera l\u2019instant en qu\u00e8 rebr\u00e0 una comunicaci\u00f3 d&#8217;Ensenyament per cobrir una substituci\u00f3 com a professor de filosofia. Mentre no li surt feina, rememora els seus principis com a estudiant universitari. Per\u00f2 tot va comen\u00e7ar amb la mort del seu mestre admirat, el comiat dels seus companys peripat\u00e8tics i l&#8217;estiu al costat del Bruno la T\u00e0nia.<\/p>\n","protected":false},"excerpt":{"rendered":"<p>LOZANO, H\u00c9CTOR<\/p>\n","protected":false},"featured_media":115688,"template":"","meta":{"_acf_changed":false,"om_disable_all_campaigns":false,"rs_blank_template":"","rs_page_bg_color":"","slide_template_v7":"","inline_featured_image":false,"_monsterinsights_skip_tracking":false,"_monsterinsights_sitenote_active":false,"_monsterinsights_sitenote_note":"","_monsterinsights_sitenote_category":0},"product_brand":[],"product_cat":[127,357],"product_tag":[],"class_list":{"0":"post-115687","1":"product","2":"type-product","3":"status-publish","4":"has-post-thumbnail","6":"product_cat-novella-contemporania","7":"product_cat-novela-contemporanea","9":"first","10":"instock","11":"taxable","12":"shipping-taxable","13":"purchasable","14":"product-type-simple"},"acf":{"editorial":[{"ID":6166,"post_author":"3","post_date":"2022-07-28 17:46:19","post_date_gmt":"2022-07-28 15:46:19","post_content":"","post_title":"Columna CAT","post_excerpt":"","post_status":"publish","comment_status":"closed","ping_status":"closed","post_password":"","post_name":"columna-cat","to_ping":"","pinged":"","post_modified":"2022-07-28 17:46:19","post_modified_gmt":"2022-07-28 15:46:19","post_content_filtered":"","post_parent":0,"guid":"http:\/\/dev.claret.cat\/editorial\/columna-cat\/","menu_order":0,"post_type":"editorial","post_mime_type":"","comment_count":"0","filter":"raw"}],"autor":"LOZANO, H\u00c9CTOR","codart":"846642628","libros-coleccion":"Cl\u00e0ssica","ediciones":"1","encuadernacion":"R\u00fastica","fecha_de_publicacion":"01\/02\/2020","novedad":"1","paginas":"240","subtitulo":"LA NOVEL\u00b7LA DE MERL\u00cd: SAPERE AUDE","orden":"0","portada":"0","idioma":"cat","autores-libros":[{"ID":157428,"post_author":"3","post_date":"2022-10-14 15:28:45","post_date_gmt":"2022-10-14 13:28:45","post_content":"","post_title":"HECTOR LOZANO","post_excerpt":"","post_status":"publish","comment_status":"closed","ping_status":"closed","post_password":"","post_name":"hector-lozano","to_ping":"","pinged":"","post_modified":"2022-10-14 15:28:45","post_modified_gmt":"2022-10-14 13:28:45","post_content_filtered":"","post_parent":0,"guid":"http:\/\/dev.claret.cat\/autor\/hector-lozano\/","menu_order":0,"post_type":"autor","post_mime_type":"","comment_count":"0","filter":"raw"}]},"aioseo_notices":[],"_links":{"self":[{"href":"https:\/\/www.claret.cat\/es\/wp-json\/wp\/v2\/product\/115687","targetHints":{"allow":["GET"]}}],"collection":[{"href":"https:\/\/www.claret.cat\/es\/wp-json\/wp\/v2\/product"}],"about":[{"href":"https:\/\/www.claret.cat\/es\/wp-json\/wp\/v2\/types\/product"}],"wp:featuredmedia":[{"embeddable":true,"href":"https:\/\/www.claret.cat\/es\/wp-json\/wp\/v2\/media\/115688"}],"wp:attachment":[{"href":"https:\/\/www.claret.cat\/es\/wp-json\/wp\/v2\/media?parent=115687"}],"wp:term":[{"taxonomy":"product_brand","embeddable":true,"href":"https:\/\/www.claret.cat\/es\/wp-json\/wp\/v2\/product_brand?post=115687"},{"taxonomy":"product_cat","embeddable":true,"href":"https:\/\/www.claret.cat\/es\/wp-json\/wp\/v2\/product_cat?post=115687"},{"taxonomy":"product_tag","embeddable":true,"href":"https:\/\/www.claret.cat\/es\/wp-json\/wp\/v2\/product_tag?post=115687"}],"curies":[{"name":"wp","href":"https:\/\/api.w.org\/{rel}","templated":true}]}}