{"id":115696,"date":"2022-10-12T15:06:05","date_gmt":"2022-10-12T13:06:05","guid":{"rendered":"http:\/\/dev.claret.cat\/producte\/errata-una-vida-a-examen\/"},"modified":"2025-06-26T10:31:53","modified_gmt":"2025-06-26T08:31:53","slug":"errata-una-vida-a-examen-9788494820519","status":"publish","type":"product","link":"https:\/\/www.claret.cat\/es\/libro\/errata-una-vida-a-examen-9788494820519\/","title":{"rendered":"ERRATA, UNA VIDA A EXAMEN"},"content":{"rendered":"<p>Aquest llibre \u00e9s, potser, un dels m\u00e9s personals de George Steiner, un gran humanista europeu i pensador at\u00edpic. Les seves viv\u00e8ncies i les q\u00fcestions que m\u00e9s han marcat la seva traject\u00f2ria intel\u00b7lectual (o li han interessat a cada moment) nodreixen aquest text memorial\u00edstic que va m\u00e9s enll\u00e0 d&#8217;una mera autobiografia.<\/p>\n<p> Incisiu, i de vegades provocador, Steiner desgrana q\u00fcestions com el multiling\u00fcisme i la traducci\u00f3, el b\u00e9 i el mal, la decad\u00e8ncia de la cultura occidental, la m\u00fasica, la relaci\u00f3 entre el mestre i el deixeble, la desaparici\u00f3 de l&#8217;excel\u00b7l\u00e8ncia i la banalitzaci\u00f3 de la cultura, el problema jueu, l&#8217;epistemologia human\u00edstica i l&#8217;hermen\u00e8utica, per acabar amb una an\u00e0lisi sorprenent sobre el significat de la ci\u00e8ncia i la ra\u00f3, de l&#8217;ateisme i la religi\u00f3.<\/p>\n<p> Errata, Els llibres que no he escrit i Fragments (d&#8217;un pergam\u00ed malm\u00e8s pel foc) podr\u00edem dir que s\u00f3n els tres llibres amb qu\u00e8 Steiner ha fet examen de la seva vida.<\/p>\n","protected":false},"excerpt":{"rendered":"<p>STEINER, GEORGE<\/p>\n","protected":false},"featured_media":115697,"template":"","meta":{"_acf_changed":false,"om_disable_all_campaigns":false,"rs_blank_template":"","rs_page_bg_color":"","slide_template_v7":"","inline_featured_image":false,"_monsterinsights_skip_tracking":false,"_monsterinsights_sitenote_active":false,"_monsterinsights_sitenote_note":"","_monsterinsights_sitenote_category":0},"product_brand":[],"product_cat":[168,439],"product_tag":[],"class_list":{"0":"post-115696","1":"product","2":"type-product","3":"status-publish","4":"has-post-thumbnail","6":"product_cat-teoria-del-coneixement","7":"product_cat-teoria-del-conocimiento","9":"first","10":"instock","11":"taxable","12":"shipping-taxable","13":"purchasable","14":"product-type-simple"},"acf":{"editorial":[{"ID":6125,"post_author":"3","post_date":"2022-07-28 17:45:25","post_date_gmt":"2022-07-28 15:45:25","post_content":"","post_title":"ARC\u00c0DIA","post_excerpt":"","post_status":"publish","comment_status":"closed","ping_status":"closed","post_password":"","post_name":"arcadia","to_ping":"","pinged":"","post_modified":"2022-07-28 17:45:25","post_modified_gmt":"2022-07-28 15:45:25","post_content_filtered":"","post_parent":0,"guid":"http:\/\/dev.claret.cat\/editorial\/arcadia\/","menu_order":0,"post_type":"editorial","post_mime_type":"","comment_count":"0","filter":"raw"}],"autor":"STEINER, GEORGE","codart":"8494820516","libros-coleccion":"","ediciones":"1","encuadernacion":"R\u00fastica","fecha_de_publicacion":"01\/09\/2018","novedad":"0","paginas":"256","subtitulo":"UNA VIDA A EXAMEN","orden":"0","portada":"0","idioma":"cat","autores-libros":[{"ID":156746,"post_author":"3","post_date":"2022-10-14 15:23:17","post_date_gmt":"2022-10-14 13:23:17","post_content":"","post_title":"GEORGE STEINER","post_excerpt":"","post_status":"publish","comment_status":"closed","ping_status":"closed","post_password":"","post_name":"george-steiner","to_ping":"","pinged":"","post_modified":"2022-10-14 15:23:17","post_modified_gmt":"2022-10-14 13:23:17","post_content_filtered":"","post_parent":0,"guid":"http:\/\/dev.claret.cat\/autor\/george-steiner\/","menu_order":0,"post_type":"autor","post_mime_type":"","comment_count":"0","filter":"raw"}],"booktrailer":"","resenas":""},"aioseo_notices":[],"_links":{"self":[{"href":"https:\/\/www.claret.cat\/es\/wp-json\/wp\/v2\/product\/115696","targetHints":{"allow":["GET"]}}],"collection":[{"href":"https:\/\/www.claret.cat\/es\/wp-json\/wp\/v2\/product"}],"about":[{"href":"https:\/\/www.claret.cat\/es\/wp-json\/wp\/v2\/types\/product"}],"wp:featuredmedia":[{"embeddable":true,"href":"https:\/\/www.claret.cat\/es\/wp-json\/wp\/v2\/media\/115697"}],"wp:attachment":[{"href":"https:\/\/www.claret.cat\/es\/wp-json\/wp\/v2\/media?parent=115696"}],"wp:term":[{"taxonomy":"product_brand","embeddable":true,"href":"https:\/\/www.claret.cat\/es\/wp-json\/wp\/v2\/product_brand?post=115696"},{"taxonomy":"product_cat","embeddable":true,"href":"https:\/\/www.claret.cat\/es\/wp-json\/wp\/v2\/product_cat?post=115696"},{"taxonomy":"product_tag","embeddable":true,"href":"https:\/\/www.claret.cat\/es\/wp-json\/wp\/v2\/product_tag?post=115696"}],"curies":[{"name":"wp","href":"https:\/\/api.w.org\/{rel}","templated":true}]}}