{"id":11595,"date":"2022-09-30T20:07:36","date_gmt":"2022-09-30T18:07:36","guid":{"rendered":"http:\/\/dev.claret.cat\/producte\/estoy-estupenda-que-ya-tenemos-una-edad-y-otras-tonterias\/"},"modified":"2025-01-31T23:30:26","modified_gmt":"2025-01-31T22:30:26","slug":"estoy-estupenda-que-ya-tenemos-una-edad-y-otras-tonterias-9788417181321","status":"publish","type":"product","link":"https:\/\/www.claret.cat\/es\/libro\/estoy-estupenda-que-ya-tenemos-una-edad-y-otras-tonterias-9788417181321\/","title":{"rendered":"\u00a1ESTOY ESTUPENDA! QUE YA TENEMOS UNA EDAD Y OTRAS TONTER\u00cdAS"},"content":{"rendered":"<p>Como dice la protagonista del c\u00f3mic, creo que a los 40 somos el resultado de todos los ensayos y errores de nuestros yos anteriores. Es como si al cruzar una frontera imaginaria, toda la sabidur\u00eda que hemos acumulado en nuestra vida nos fuera revelada y con ella el conocimiento pleno de qui\u00e9nes somos, con nuestras virtudes y defectos. No me gusta todo de m\u00ed, pero ahora s\u00e9 que es m\u00edo, lo abrazo y puedo dominar situaciones que antes me sobrepasaban. Tengo las cosas claras, estoy en armon\u00eda, me siento capaz, h\u00e1bil, poderosa y l\u00facida, y oigo esa misma afinaci\u00f3n en las mujeres que me rodean, que rondan mi edad y que forman parte de mi vida. <br \/>Nos podr\u00e1 ir mejor o peor, pero ahora sabemos rechazar situaciones o personas t\u00f3xicas, decir que no, negociar en nuestro beneficio y afrontar la vida y lo que venga con una serenidad de la que antes carec\u00edamos. Es lo que tienen los 40. Aunque no nos vamos a enga\u00f1ar. La antesala de la plenitud suele ser la crisis. Estas crisis, que aparecen en todos los rincones, como las pelusas en el trabajo y en su carencia, en pareja y durante la solter\u00eda, en los hijos y en el no tener hijos, etc. hay que saber tom\u00e1rselas con cari\u00f1o y una buena dosis de carcajadas. Y en eso Raquel Gu nos echa un buen cable con las aventuras y desventuras de estas cinco mujeres.<br \/>Amigas, los 40 son estupendos. Por eso creo que, de la misma manera que hubo que crear el t\u00e9rmino adolescencia para designar el tiempo en que no \u00e9ramos ni ni\u00f1as ni adultas, habr\u00eda que inventarse una manera de llamar al per\u00edodo que se abre a partir de los 40. Ese momento en el que tenemos todas las herramientas para no perder el tiempo en tonter\u00edas y extraer de nuestras horas el oro de la vida bien vivida. \u00bfQu\u00e9 tal si la llamamos la edad estupenda?<\/p>\n","protected":false},"excerpt":{"rendered":"<p>GU, RAQUEL<\/p>\n","protected":false},"featured_media":70614,"template":"","meta":{"_acf_changed":false,"om_disable_all_campaigns":false,"rs_blank_template":"","rs_page_bg_color":"","slide_template_v7":"","inline_featured_image":false,"_monsterinsights_skip_tracking":false,"_monsterinsights_sitenote_active":false,"_monsterinsights_sitenote_note":"","_monsterinsights_sitenote_category":0},"product_brand":[],"product_cat":[114,563],"product_tag":[],"class_list":{"0":"post-11595","1":"product","2":"type-product","3":"status-publish","4":"has-post-thumbnail","6":"product_cat-humor-grafic","7":"product_cat-humor-grafico","9":"first","10":"instock","11":"taxable","12":"shipping-taxable","13":"purchasable","14":"product-type-simple"},"acf":{"autor":"GU, RAQUEL","codart":"841718132","libros-coleccion":"NAVONA_GR\u00c1FICA","ediciones":"1","encuadernacion":"R\u00fastica","fecha_de_publicacion":"01\/04\/2018","novedad":"1","paginas":"152","subtitulo":"","orden":"0","portada":"0","idioma":"spa","editorial":[{"ID":148565,"post_author":"3","post_date":"2022-10-14 11:59:14","post_date_gmt":"2022-10-14 09:59:14","post_content":"","post_title":"NAVONA.TERAPIAS VERDES","post_excerpt":"","post_status":"publish","comment_status":"closed","ping_status":"closed","post_password":"","post_name":"navona-terapias-verdes","to_ping":"","pinged":"","post_modified":"2022-10-14 11:59:14","post_modified_gmt":"2022-10-14 09:59:14","post_content_filtered":"","post_parent":0,"guid":"http:\/\/dev.claret.cat\/editorial\/navona-terapias-verdes\/","menu_order":0,"post_type":"editorial","post_mime_type":"","comment_count":"0","filter":"raw"}],"autores-libros":[{"ID":167803,"post_author":"3","post_date":"2022-10-14 18:14:08","post_date_gmt":"2022-10-14 16:14:08","post_content":"","post_title":"RAQUEL GU","post_excerpt":"","post_status":"publish","comment_status":"closed","ping_status":"closed","post_password":"","post_name":"raquel-gu","to_ping":"","pinged":"","post_modified":"2022-10-14 18:14:08","post_modified_gmt":"2022-10-14 16:14:08","post_content_filtered":"","post_parent":0,"guid":"http:\/\/dev.claret.cat\/autor\/raquel-gu\/","menu_order":0,"post_type":"autor","post_mime_type":"","comment_count":"0","filter":"raw"}]},"aioseo_notices":[],"_links":{"self":[{"href":"https:\/\/www.claret.cat\/es\/wp-json\/wp\/v2\/product\/11595","targetHints":{"allow":["GET"]}}],"collection":[{"href":"https:\/\/www.claret.cat\/es\/wp-json\/wp\/v2\/product"}],"about":[{"href":"https:\/\/www.claret.cat\/es\/wp-json\/wp\/v2\/types\/product"}],"wp:featuredmedia":[{"embeddable":true,"href":"https:\/\/www.claret.cat\/es\/wp-json\/wp\/v2\/media\/70614"}],"wp:attachment":[{"href":"https:\/\/www.claret.cat\/es\/wp-json\/wp\/v2\/media?parent=11595"}],"wp:term":[{"taxonomy":"product_brand","embeddable":true,"href":"https:\/\/www.claret.cat\/es\/wp-json\/wp\/v2\/product_brand?post=11595"},{"taxonomy":"product_cat","embeddable":true,"href":"https:\/\/www.claret.cat\/es\/wp-json\/wp\/v2\/product_cat?post=11595"},{"taxonomy":"product_tag","embeddable":true,"href":"https:\/\/www.claret.cat\/es\/wp-json\/wp\/v2\/product_tag?post=11595"}],"curies":[{"name":"wp","href":"https:\/\/api.w.org\/{rel}","templated":true}]}}