{"id":115963,"date":"2022-10-12T15:10:09","date_gmt":"2022-10-12T13:10:09","guid":{"rendered":"http:\/\/dev.claret.cat\/producte\/cuaderno-antiestres\/"},"modified":"2023-01-28T05:21:33","modified_gmt":"2023-01-28T04:21:33","slug":"cuaderno-antiestres-9788416788378","status":"publish","type":"product","link":"https:\/\/www.claret.cat\/es\/libro\/cuaderno-antiestres-9788416788378\/","title":{"rendered":"CUADERNO ANTIESTR\u00c9S"},"content":{"rendered":"<p>La gu\u00eda definitiva para gestionar el estr\u00e9s, relajarte y recuperar el control de tu vida<\/p>\n<p> El estr\u00e9s forma parte de nuestra vida y, en las cantidades adecuadas, tiene efectos beneficiosos. Por ello es importante aprender a gestionarlo para evitar que derive en sentimientos de angustia y ansiedad. Esto no resulta una tarea f\u00e1cil en un mundo como el nuestro, en constante movimiento y repleto de est\u00edmulos. Cuaderno antiestr\u00e9s, el manual de referencia de psic\u00f3logos, terapeutas y pacientes, es una gu\u00eda completa que te ayudar\u00e1 a recuperar el equilibrio y la calma. <\/p>\n<p> Sus autores, expertos en psicolog\u00eda y desarrollo personal, presentan numerosos ejercicios pr\u00e1cticos y sencillos basados en las \u00faltimas investigaciones con los que aprender\u00e1s a: <\/p>\n<p> &#8211; Aliviar la preocupaci\u00f3n y la ansiedad.<br \/> &#8211; Reconocer la tensi\u00f3n que acumula tu cuerpo y liberarla.<br \/> &#8211; Vencer el miedo y la angustia.<br \/> &#8211; Conocerte y aceptarte.<br \/> &#8211; Aumentar tu confianza y motivaci\u00f3n.<br \/> &#8211; Organizar tu tiempo y establecer prioridades.<br \/> &#8211; Escuchar y comunicarte con asertividad.<\/p>\n<p> \u00a1Reconecta con tu cuerpo y da la bienvenida al bienestar!<\/p>\n","protected":false},"excerpt":{"rendered":"<p>MCKAY, MATTHEW \/ MARTHA DAVIS \/ ELIZABETH ROBBINS ESHELMAN<\/p>\n","protected":false},"featured_media":115964,"template":"","meta":{"_acf_changed":false,"om_disable_all_campaigns":false,"rs_blank_template":"","rs_page_bg_color":"","slide_template_v7":"","inline_featured_image":false,"_monsterinsights_skip_tracking":false,"_monsterinsights_sitenote_active":false,"_monsterinsights_sitenote_note":"","_monsterinsights_sitenote_category":0},"product_brand":[],"product_cat":[179],"product_tag":[],"class_list":{"0":"post-115963","1":"product","2":"type-product","3":"status-publish","4":"has-post-thumbnail","6":"product_cat-autoajuda-i-salut-mental","8":"first","9":"instock","10":"taxable","11":"shipping-taxable","12":"purchasable","13":"product-type-simple"},"acf":{"editorial":[{"ID":148335,"post_author":"3","post_date":"2022-10-14 11:57:26","post_date_gmt":"2022-10-14 09:57:26","post_content":"","post_title":"Kitsune Books","post_excerpt":"","post_status":"publish","comment_status":"closed","ping_status":"closed","post_password":"","post_name":"kitsune-books","to_ping":"","pinged":"","post_modified":"2022-10-14 11:57:26","post_modified_gmt":"2022-10-14 09:57:26","post_content_filtered":"","post_parent":0,"guid":"http:\/\/dev.claret.cat\/editorial\/kitsune-books\/","menu_order":0,"post_type":"editorial","post_mime_type":"","comment_count":"0","filter":"raw"}],"autores-libros":[{"ID":164240,"post_author":"3","post_date":"2022-10-14 17:45:29","post_date_gmt":"2022-10-14 15:45:29","post_content":"","post_title":"MARTHA DAVIS","post_excerpt":"","post_status":"publish","comment_status":"closed","ping_status":"closed","post_password":"","post_name":"martha-davis","to_ping":"","pinged":"","post_modified":"2022-10-14 17:45:29","post_modified_gmt":"2022-10-14 15:45:29","post_content_filtered":"","post_parent":0,"guid":"http:\/\/dev.claret.cat\/autor\/martha-davis\/","menu_order":0,"post_type":"autor","post_mime_type":"","comment_count":"0","filter":"raw"},{"ID":154878,"post_author":"3","post_date":"2022-10-14 15:08:23","post_date_gmt":"2022-10-14 13:08:23","post_content":"","post_title":"ELIZABETH ROBBINS ESHELMAN","post_excerpt":"","post_status":"publish","comment_status":"closed","ping_status":"closed","post_password":"","post_name":"elizabeth-robbins-eshelman","to_ping":"","pinged":"","post_modified":"2022-10-14 15:08:23","post_modified_gmt":"2022-10-14 13:08:23","post_content_filtered":"","post_parent":0,"guid":"http:\/\/dev.claret.cat\/autor\/elizabeth-robbins-eshelman\/","menu_order":0,"post_type":"autor","post_mime_type":"","comment_count":"0","filter":"raw"},{"ID":164483,"post_author":"3","post_date":"2022-10-14 17:47:26","post_date_gmt":"2022-10-14 15:47:26","post_content":"","post_title":"MATTHEW MCKAY","post_excerpt":"","post_status":"publish","comment_status":"closed","ping_status":"closed","post_password":"","post_name":"matthew-mckay","to_ping":"","pinged":"","post_modified":"2022-10-14 17:47:26","post_modified_gmt":"2022-10-14 15:47:26","post_content_filtered":"","post_parent":0,"guid":"http:\/\/dev.claret.cat\/autor\/matthew-mckay\/","menu_order":0,"post_type":"autor","post_mime_type":"","comment_count":"0","filter":"raw"}],"autor":"MCKAY, MATTHEW \/ MARTHA DAVIS \/ ELIZABETH ROBBINS ESHELMAN","codart":"841678837","libros-coleccion":"Desarrollo personal","ediciones":"1","encuadernacion":"R\u00fastica","fecha_de_publicacion":"01\/02\/2020","novedad":"1","paginas":"419","subtitulo":"EJERCICIOS SENCILLOS PARA CALMAR EL CUERPO Y LA MENTE Y ACABAR CON EL ESTR\u00c9S DEL","orden":"0","portada":"0","idioma":"spa"},"aioseo_notices":[],"_links":{"self":[{"href":"https:\/\/www.claret.cat\/es\/wp-json\/wp\/v2\/product\/115963","targetHints":{"allow":["GET"]}}],"collection":[{"href":"https:\/\/www.claret.cat\/es\/wp-json\/wp\/v2\/product"}],"about":[{"href":"https:\/\/www.claret.cat\/es\/wp-json\/wp\/v2\/types\/product"}],"wp:featuredmedia":[{"embeddable":true,"href":"https:\/\/www.claret.cat\/es\/wp-json\/wp\/v2\/media\/115964"}],"wp:attachment":[{"href":"https:\/\/www.claret.cat\/es\/wp-json\/wp\/v2\/media?parent=115963"}],"wp:term":[{"taxonomy":"product_brand","embeddable":true,"href":"https:\/\/www.claret.cat\/es\/wp-json\/wp\/v2\/product_brand?post=115963"},{"taxonomy":"product_cat","embeddable":true,"href":"https:\/\/www.claret.cat\/es\/wp-json\/wp\/v2\/product_cat?post=115963"},{"taxonomy":"product_tag","embeddable":true,"href":"https:\/\/www.claret.cat\/es\/wp-json\/wp\/v2\/product_tag?post=115963"}],"curies":[{"name":"wp","href":"https:\/\/api.w.org\/{rel}","templated":true}]}}