{"id":115966,"date":"2022-10-12T15:10:12","date_gmt":"2022-10-12T13:10:12","guid":{"rendered":"http:\/\/dev.claret.cat\/producte\/persecucion\/"},"modified":"2023-01-28T10:57:07","modified_gmt":"2023-01-28T09:57:07","slug":"persecucion-9788417109776","status":"publish","type":"product","link":"https:\/\/www.claret.cat\/es\/libro\/persecucion-9788417109776\/","title":{"rendered":"PERSECUCION"},"content":{"rendered":"<p>Cuando era una ni\u00f1a, Abby ten\u00eda una pesadilla recurrente en la que deambulaba por una pradera cubierta de cr\u00e1neos y huesos humanos. La Abby adulta cree haber dejado atr\u00e1s sus demonios hasta que, la v\u00edspera de su boda, el sue\u00f1o regresa y la fuerza a afrontar los oscuros secretos de su pasado, que le ha ocultado a su futuro marido, Willem. Al d\u00eda siguiente -menos de veinticuatro horas despu\u00e9s de contraer matrimonio-, Abby es atropellada por un autob\u00fas. Mientras su mujer convalece en el hospital, Willem intenta averiguar si su mujer ha sido v\u00edctima de un accidente involuntario o, por el contrario, se ha lanzado contra el veh\u00edculo de forma premeditada.<\/p>\n","protected":false},"excerpt":{"rendered":"<p>OATES JOYCE CAROL<\/p>\n","protected":false},"featured_media":115967,"template":"","meta":{"_acf_changed":false,"om_disable_all_campaigns":false,"rs_blank_template":"","rs_page_bg_color":"","slide_template_v7":"","inline_featured_image":false,"_monsterinsights_skip_tracking":false,"_monsterinsights_sitenote_active":false,"_monsterinsights_sitenote_note":"","_monsterinsights_sitenote_category":0},"product_brand":[],"product_cat":[127],"product_tag":[],"class_list":{"0":"post-115966","1":"product","2":"type-product","3":"status-publish","4":"has-post-thumbnail","6":"product_cat-novella-contemporania","8":"first","9":"instock","10":"taxable","11":"shipping-taxable","12":"purchasable","13":"product-type-simple"},"acf":{"autor":"OATES JOYCE CAROL","codart":"841710977","libros-coleccion":"GATOPARDO","ediciones":"1","encuadernacion":"R\u00fastica","fecha_de_publicacion":"01\/02\/2020","novedad":"1","paginas":"220","subtitulo":"","orden":"0","portada":"0","idioma":"spa","editorial":[{"ID":148200,"post_author":"3","post_date":"2022-10-14 11:56:24","post_date_gmt":"2022-10-14 09:56:24","post_content":"","post_title":"GATOPARDO EDICIONES","post_excerpt":"","post_status":"publish","comment_status":"closed","ping_status":"closed","post_password":"","post_name":"gatopardo-ediciones","to_ping":"","pinged":"","post_modified":"2022-10-14 11:56:24","post_modified_gmt":"2022-10-14 09:56:24","post_content_filtered":"","post_parent":0,"guid":"http:\/\/dev.claret.cat\/editorial\/gatopardo-ediciones\/","menu_order":0,"post_type":"editorial","post_mime_type":"","comment_count":"0","filter":"raw"}],"autores-libros":[{"ID":166080,"post_author":"3","post_date":"2022-10-14 18:00:16","post_date_gmt":"2022-10-14 16:00:16","post_content":"","post_title":"OATES JOYCE CAROL","post_excerpt":"","post_status":"publish","comment_status":"closed","ping_status":"closed","post_password":"","post_name":"oates-joyce-carol","to_ping":"","pinged":"","post_modified":"2022-10-14 18:00:16","post_modified_gmt":"2022-10-14 16:00:16","post_content_filtered":"","post_parent":0,"guid":"http:\/\/dev.claret.cat\/autor\/oates-joyce-carol\/","menu_order":0,"post_type":"autor","post_mime_type":"","comment_count":"0","filter":"raw"}]},"aioseo_notices":[],"_links":{"self":[{"href":"https:\/\/www.claret.cat\/es\/wp-json\/wp\/v2\/product\/115966","targetHints":{"allow":["GET"]}}],"collection":[{"href":"https:\/\/www.claret.cat\/es\/wp-json\/wp\/v2\/product"}],"about":[{"href":"https:\/\/www.claret.cat\/es\/wp-json\/wp\/v2\/types\/product"}],"wp:featuredmedia":[{"embeddable":true,"href":"https:\/\/www.claret.cat\/es\/wp-json\/wp\/v2\/media\/115967"}],"wp:attachment":[{"href":"https:\/\/www.claret.cat\/es\/wp-json\/wp\/v2\/media?parent=115966"}],"wp:term":[{"taxonomy":"product_brand","embeddable":true,"href":"https:\/\/www.claret.cat\/es\/wp-json\/wp\/v2\/product_brand?post=115966"},{"taxonomy":"product_cat","embeddable":true,"href":"https:\/\/www.claret.cat\/es\/wp-json\/wp\/v2\/product_cat?post=115966"},{"taxonomy":"product_tag","embeddable":true,"href":"https:\/\/www.claret.cat\/es\/wp-json\/wp\/v2\/product_tag?post=115966"}],"curies":[{"name":"wp","href":"https:\/\/api.w.org\/{rel}","templated":true}]}}