{"id":11610,"date":"2022-09-30T20:07:48","date_gmt":"2022-09-30T18:07:48","guid":{"rendered":"http:\/\/dev.claret.cat\/producte\/camisa-de-foc-versio-2018\/"},"modified":"2025-01-31T23:31:44","modified_gmt":"2025-01-31T22:31:44","slug":"camisa-de-foc-versio-2018-9788417181420","status":"publish","type":"product","link":"https:\/\/www.claret.cat\/es\/libro\/camisa-de-foc-versio-2018-9788417181420\/","title":{"rendered":"CAMISA DE FOC (VERSI\u00d3 2018)"},"content":{"rendered":"<p>Una novel\u00b7la de terror sorprenent, esgarrifosa, allunyada dels mons de ficci\u00f3 rom\u00e0ntics i dels universos paradis\u00edacs. Som davant una Lady Frankenstain del segle XXI.<br \/>Amb el record persistent d&#8217;un primer amor misteriosament desaparegut, quan la protagonista coneix un home hi cerca una obsessi\u00f3. Com \u00e9s en realitat la delicada,c\u00e0ndida, per\u00f2 tamb\u00e9 intel\u00b7ligent i maligna dona-d&#8217;ombra-cansada? La hist\u00f2ria se centra en una jove, d&#8217;uns trenta anys, ingressada en un psiqui\u00e0tric, malalta d&#8217;amor i de desig, que ha assassinat i trossejat diversos homes. Amb fragments de tots ells ha reconstru\u00eft el rostre del seu misteri\u00f3s amant, George G. El cas crida l&#8217;atenci\u00f3 d&#8217;un psiquiatre, que pren l&#8217;expedient per estudiar-lo.<\/p>\n","protected":false},"excerpt":{"rendered":"<p>CARRERAS, ANNA<\/p>\n","protected":false},"featured_media":70256,"template":"","meta":{"_acf_changed":false,"om_disable_all_campaigns":false,"rs_blank_template":"","rs_page_bg_color":"","slide_template_v7":"","inline_featured_image":false,"_monsterinsights_skip_tracking":false,"_monsterinsights_sitenote_active":false,"_monsterinsights_sitenote_note":"","_monsterinsights_sitenote_category":0},"product_brand":[],"product_cat":[87,353],"product_tag":[],"class_list":{"0":"post-11610","1":"product","2":"type-product","3":"status-publish","4":"has-post-thumbnail","6":"product_cat-literatura","7":"product_cat-literatura-2_humanidades","9":"first","10":"instock","11":"taxable","12":"shipping-taxable","13":"purchasable","14":"product-type-simple"},"acf":{"autor":"CARRERAS, ANNA","codart":"841718142","libros-coleccion":"PORT BO","ediciones":"1","encuadernacion":"R\u00fastica","fecha_de_publicacion":"27\/06\/2018","novedad":"1","paginas":"272","subtitulo":"","orden":"0","portada":"0","idioma":"cat","editorial":[{"ID":148565,"post_author":"3","post_date":"2022-10-14 11:59:14","post_date_gmt":"2022-10-14 09:59:14","post_content":"","post_title":"NAVONA.TERAPIAS VERDES","post_excerpt":"","post_status":"publish","comment_status":"closed","ping_status":"closed","post_password":"","post_name":"navona-terapias-verdes","to_ping":"","pinged":"","post_modified":"2022-10-14 11:59:14","post_modified_gmt":"2022-10-14 09:59:14","post_content_filtered":"","post_parent":0,"guid":"http:\/\/dev.claret.cat\/editorial\/navona-terapias-verdes\/","menu_order":0,"post_type":"editorial","post_mime_type":"","comment_count":"0","filter":"raw"}],"autores-libros":[{"ID":150543,"post_author":"3","post_date":"2022-10-14 14:33:48","post_date_gmt":"2022-10-14 12:33:48","post_content":"","post_title":"ANNA CARRERAS","post_excerpt":"","post_status":"publish","comment_status":"closed","ping_status":"closed","post_password":"","post_name":"anna-carreras","to_ping":"","pinged":"","post_modified":"2022-10-14 14:33:48","post_modified_gmt":"2022-10-14 12:33:48","post_content_filtered":"","post_parent":0,"guid":"http:\/\/dev.claret.cat\/autor\/anna-carreras\/","menu_order":0,"post_type":"autor","post_mime_type":"","comment_count":"0","filter":"raw"}]},"aioseo_notices":[],"_links":{"self":[{"href":"https:\/\/www.claret.cat\/es\/wp-json\/wp\/v2\/product\/11610","targetHints":{"allow":["GET"]}}],"collection":[{"href":"https:\/\/www.claret.cat\/es\/wp-json\/wp\/v2\/product"}],"about":[{"href":"https:\/\/www.claret.cat\/es\/wp-json\/wp\/v2\/types\/product"}],"wp:featuredmedia":[{"embeddable":true,"href":"https:\/\/www.claret.cat\/es\/wp-json\/wp\/v2\/media\/70256"}],"wp:attachment":[{"href":"https:\/\/www.claret.cat\/es\/wp-json\/wp\/v2\/media?parent=11610"}],"wp:term":[{"taxonomy":"product_brand","embeddable":true,"href":"https:\/\/www.claret.cat\/es\/wp-json\/wp\/v2\/product_brand?post=11610"},{"taxonomy":"product_cat","embeddable":true,"href":"https:\/\/www.claret.cat\/es\/wp-json\/wp\/v2\/product_cat?post=11610"},{"taxonomy":"product_tag","embeddable":true,"href":"https:\/\/www.claret.cat\/es\/wp-json\/wp\/v2\/product_tag?post=11610"}],"curies":[{"name":"wp","href":"https:\/\/api.w.org\/{rel}","templated":true}]}}