{"id":116116,"date":"2022-10-12T15:12:18","date_gmt":"2022-10-12T13:12:18","guid":{"rendered":"http:\/\/dev.claret.cat\/producte\/que-no-te-enganen\/"},"modified":"2023-01-28T09:42:09","modified_gmt":"2023-01-28T08:42:09","slug":"que-no-te-enganen-9788417886592","status":"publish","type":"product","link":"https:\/\/www.claret.cat\/es\/libro\/que-no-te-enganen-9788417886592\/","title":{"rendered":"QUE NO TE ENGA\u00d1EN"},"content":{"rendered":"<p>\u00bfEst\u00e1s pensando en pedir una hipoteca? \u00bfCrees que deber\u00edas contratar un seguro? \u00bfQuieres acabar con las comisiones que te cobra el banco? \u00bfTienes la sensaci\u00f3n de que gastas mucho en el s\u00faper?<br \/> Aunque nuestro fuerte no sean las finanzas, en alg\u00fan momento de nuestra vida todos debemos tomar decisiones sobre nuestra situaci\u00f3n econ\u00f3mica: desde solicitar una hipoteca para adquirir una vivienda, contratar productos financieros para mejorar la<br \/> rentabilidad de nuestros ahorros o negociar mejores condiciones con el banco, hasta el simple hecho de ir a hacer la compra al supermercado de la esquina.<br \/> Que no te enga\u00f1en es una gu\u00eda pr\u00e1ctica tanto para j\u00f3venes como para los no iniciados en temas de econom\u00eda que quieran comprender mejor el mundo econ\u00f3mico y financiero, y deseen tomar las riendas de sus finanzas personales.<\/p>\n","protected":false},"excerpt":{"rendered":"<p>JIM\u00c9NEZ LARGO, I\u00d1AKI<\/p>\n","protected":false},"featured_media":116117,"template":"","meta":{"_acf_changed":false,"om_disable_all_campaigns":false,"rs_blank_template":"","rs_page_bg_color":"","slide_template_v7":"","inline_featured_image":false,"_monsterinsights_skip_tracking":false,"_monsterinsights_sitenote_active":false,"_monsterinsights_sitenote_note":"","_monsterinsights_sitenote_category":0},"product_brand":[],"product_cat":[162],"product_tag":[],"class_list":{"0":"post-116116","1":"product","2":"type-product","3":"status-publish","4":"has-post-thumbnail","6":"product_cat-economica-i-politica","8":"first","9":"instock","10":"taxable","11":"shipping-taxable","12":"purchasable","13":"product-type-simple"},"acf":{"editorial":[{"ID":6331,"post_author":"3","post_date":"2022-07-28 17:49:53","post_date_gmt":"2022-07-28 15:49:53","post_content":"","post_title":"PLATAFORMA EDITORIAL","post_excerpt":"","post_status":"publish","comment_status":"closed","ping_status":"closed","post_password":"","post_name":"plataforma-editorial","to_ping":"","pinged":"","post_modified":"2022-07-28 17:49:53","post_modified_gmt":"2022-07-28 15:49:53","post_content_filtered":"","post_parent":0,"guid":"http:\/\/dev.claret.cat\/editorial\/plataforma-editorial\/","menu_order":0,"post_type":"editorial","post_mime_type":"","comment_count":"0","filter":"raw"}],"autor":"JIM\u00c9NEZ LARGO, I\u00d1AKI","codart":"841788659","libros-coleccion":"PLATAFORMA ACTUAL","ediciones":"1","encuadernacion":"R\u00fastica","fecha_de_publicacion":"01\/02\/2020","novedad":"1","paginas":"200","subtitulo":"","orden":"0","portada":"0","idioma":"spa","autores-libros":[{"ID":157952,"post_author":"3","post_date":"2022-10-14 15:32:58","post_date_gmt":"2022-10-14 13:32:58","post_content":"","post_title":"I\u00d1AKI JIM\u00c9NEZ LARGO","post_excerpt":"","post_status":"publish","comment_status":"closed","ping_status":"closed","post_password":"","post_name":"inaki-jimenez-largo","to_ping":"","pinged":"","post_modified":"2022-10-14 15:32:58","post_modified_gmt":"2022-10-14 13:32:58","post_content_filtered":"","post_parent":0,"guid":"http:\/\/dev.claret.cat\/autor\/inaki-jimenez-largo\/","menu_order":0,"post_type":"autor","post_mime_type":"","comment_count":"0","filter":"raw"}]},"aioseo_notices":[],"_links":{"self":[{"href":"https:\/\/www.claret.cat\/es\/wp-json\/wp\/v2\/product\/116116","targetHints":{"allow":["GET"]}}],"collection":[{"href":"https:\/\/www.claret.cat\/es\/wp-json\/wp\/v2\/product"}],"about":[{"href":"https:\/\/www.claret.cat\/es\/wp-json\/wp\/v2\/types\/product"}],"wp:featuredmedia":[{"embeddable":true,"href":"https:\/\/www.claret.cat\/es\/wp-json\/wp\/v2\/media\/116117"}],"wp:attachment":[{"href":"https:\/\/www.claret.cat\/es\/wp-json\/wp\/v2\/media?parent=116116"}],"wp:term":[{"taxonomy":"product_brand","embeddable":true,"href":"https:\/\/www.claret.cat\/es\/wp-json\/wp\/v2\/product_brand?post=116116"},{"taxonomy":"product_cat","embeddable":true,"href":"https:\/\/www.claret.cat\/es\/wp-json\/wp\/v2\/product_cat?post=116116"},{"taxonomy":"product_tag","embeddable":true,"href":"https:\/\/www.claret.cat\/es\/wp-json\/wp\/v2\/product_tag?post=116116"}],"curies":[{"name":"wp","href":"https:\/\/api.w.org\/{rel}","templated":true}]}}