{"id":11613,"date":"2022-09-30T20:07:50","date_gmt":"2022-09-30T18:07:50","guid":{"rendered":"http:\/\/dev.claret.cat\/producte\/nova-york-es-una-finestra-sense-cortines\/"},"modified":"2025-01-31T23:27:52","modified_gmt":"2025-01-31T22:27:52","slug":"nova-york-es-una-finestra-sense-cortines-9788417181437","status":"publish","type":"product","link":"https:\/\/www.claret.cat\/es\/libro\/nova-york-es-una-finestra-sense-cortines-9788417181437\/","title":{"rendered":"NOVA YORK \u00c9S UNA FINESTRA SENSE CORTINES"},"content":{"rendered":"<p>Paolo Cognetti, l&#8217;autor de &#8216;Les vuit muntanyes&#8217;, ens obre Nova York de bat a bat.<br \/>Vaig pensar que podia agafar totes les hist\u00f2ries mai explicades, totes les trames inventades d&#8217;un \u00e9sser hum\u00e0, tots els personatges i els llocs, i posar-les juntes per formar un m\u00f3n, i vaig pensar que si aquest m\u00f3n hagu\u00e9s tingut una capital&#8230;b\u00e9, jo hi havia acabat al bell mig. Em trobava a la capital de la imaginaci\u00f3.<\/p>\n","protected":false},"excerpt":{"rendered":"<p>PAOLO COGNETTI<\/p>\n","protected":false},"featured_media":70136,"template":"","meta":{"_acf_changed":false,"om_disable_all_campaigns":false,"rs_blank_template":"","rs_page_bg_color":"","slide_template_v7":"","inline_featured_image":false,"_monsterinsights_skip_tracking":false,"_monsterinsights_sitenote_active":false,"_monsterinsights_sitenote_note":"","_monsterinsights_sitenote_category":0},"product_brand":[],"product_cat":[562,113],"product_tag":[],"class_list":{"0":"post-11613","1":"product","2":"type-product","3":"status-publish","4":"has-post-thumbnail","6":"product_cat-literatura-de-viajes","7":"product_cat-literatura-de-viatges","9":"first","10":"instock","11":"taxable","12":"shipping-taxable","13":"purchasable","14":"product-type-simple"},"acf":{"autor":"PAOLO COGNETTI","codart":"841718143","libros-coleccion":"PORT BO","ediciones":"1","encuadernacion":"Carton\u00e9","fecha_de_publicacion":"01\/08\/2018","novedad":"1","paginas":"184","subtitulo":"","orden":"0","portada":"0","idioma":"cat","editorial":[{"ID":148565,"post_author":"3","post_date":"2022-10-14 11:59:14","post_date_gmt":"2022-10-14 09:59:14","post_content":"","post_title":"NAVONA.TERAPIAS VERDES","post_excerpt":"","post_status":"publish","comment_status":"closed","ping_status":"closed","post_password":"","post_name":"navona-terapias-verdes","to_ping":"","pinged":"","post_modified":"2022-10-14 11:59:14","post_modified_gmt":"2022-10-14 09:59:14","post_content_filtered":"","post_parent":0,"guid":"http:\/\/dev.claret.cat\/editorial\/navona-terapias-verdes\/","menu_order":0,"post_type":"editorial","post_mime_type":"","comment_count":"0","filter":"raw"}],"autores-libros":[{"ID":166546,"post_author":"3","post_date":"2022-10-14 18:04:08","post_date_gmt":"2022-10-14 16:04:08","post_content":"","post_title":"PAOLO  COGNETTI","post_excerpt":"","post_status":"publish","comment_status":"closed","ping_status":"closed","post_password":"","post_name":"paolo-cognetti","to_ping":"","pinged":"","post_modified":"2022-10-14 18:04:08","post_modified_gmt":"2022-10-14 16:04:08","post_content_filtered":"","post_parent":0,"guid":"http:\/\/dev.claret.cat\/autor\/paolo-cognetti\/","menu_order":0,"post_type":"autor","post_mime_type":"","comment_count":"0","filter":"raw"}]},"aioseo_notices":[],"_links":{"self":[{"href":"https:\/\/www.claret.cat\/es\/wp-json\/wp\/v2\/product\/11613","targetHints":{"allow":["GET"]}}],"collection":[{"href":"https:\/\/www.claret.cat\/es\/wp-json\/wp\/v2\/product"}],"about":[{"href":"https:\/\/www.claret.cat\/es\/wp-json\/wp\/v2\/types\/product"}],"wp:featuredmedia":[{"embeddable":true,"href":"https:\/\/www.claret.cat\/es\/wp-json\/wp\/v2\/media\/70136"}],"wp:attachment":[{"href":"https:\/\/www.claret.cat\/es\/wp-json\/wp\/v2\/media?parent=11613"}],"wp:term":[{"taxonomy":"product_brand","embeddable":true,"href":"https:\/\/www.claret.cat\/es\/wp-json\/wp\/v2\/product_brand?post=11613"},{"taxonomy":"product_cat","embeddable":true,"href":"https:\/\/www.claret.cat\/es\/wp-json\/wp\/v2\/product_cat?post=11613"},{"taxonomy":"product_tag","embeddable":true,"href":"https:\/\/www.claret.cat\/es\/wp-json\/wp\/v2\/product_tag?post=11613"}],"curies":[{"name":"wp","href":"https:\/\/api.w.org\/{rel}","templated":true}]}}