{"id":116143,"date":"2022-10-12T15:12:41","date_gmt":"2022-10-12T13:12:41","guid":{"rendered":"http:\/\/dev.claret.cat\/producte\/la-semana-santa-en-juegos\/"},"modified":"2024-05-23T06:03:20","modified_gmt":"2024-05-23T04:03:20","slug":"la-semana-santa-en-juegos-9788490239766","status":"publish","type":"product","link":"https:\/\/www.claret.cat\/es\/libro\/la-semana-santa-en-juegos-9788490239766\/","title":{"rendered":"LA SEMANA SANTA EN JUEGOS"},"content":{"rendered":"<p>En una sociedad de poca cultura religiosa generalizada, esta obra es una aportaci\u00f3n cultural sobre las cuestiones esenciales de los d\u00edas de la Semana Santa y del Triduo Pascual.<br \/>La pedagog\u00eda que esconde es de tipo l\u00fadico-participativo. El catequista tiene perfectamente especificado lo que se busca, lo que precisa, la temporalizaci\u00f3n de las acciones que se proponen, los diferentes p\u00fablicos con los que la actividad puede ser trabajada. Se facilita, as\u00ed, su desarrollo. De todas maneras, ning\u00fan animador tiene que sentirse obligado a seguir las indicaciones. Al contrario, es bueno que, a partir de lo que se propone, surjan elementos de adaptaci\u00f3n a la realidad ,de creatividad .<br \/>Vivir la Semana Santa, los d\u00edas m\u00e1s significativos del misterio de Jesucristo, no es sencillo para un cristiano. Todo invita a pasar unas &#8216;vacaciones de primavera&#8217; salpicadas de procesiones.<br \/>Un nivel inicial para comprender el contenido de los d\u00edas centrales del cristianismo es conocer los hechos de la vida de Cristo tal como los evangelios nos lo narran y la liturgia lo celebra.<\/p>\n","protected":false},"excerpt":{"rendered":"<p>ESCUDERO, JOS\u00c9 MAR\u00cdA<\/p>\n","protected":false},"featured_media":359609,"template":"","meta":{"_acf_changed":false,"om_disable_all_campaigns":false,"rs_blank_template":"","rs_page_bg_color":"","slide_template_v7":"","inline_featured_image":false,"_monsterinsights_skip_tracking":false,"_monsterinsights_sitenote_active":false,"_monsterinsights_sitenote_note":"","_monsterinsights_sitenote_category":0},"product_brand":[],"product_cat":[90,540],"product_tag":[],"class_list":{"0":"post-116143","1":"product","2":"type-product","3":"status-publish","4":"has-post-thumbnail","6":"product_cat-altres","7":"product_cat-otros","9":"first","10":"instock","11":"taxable","12":"shipping-taxable","13":"purchasable","14":"product-type-simple"},"acf":{"editorial":[{"ID":6155,"post_author":"3","post_date":"2022-07-28 17:46:04","post_date_gmt":"2022-07-28 15:46:04","post_content":"","post_title":"Central Catequ\u00edstica Salesiana","post_excerpt":"","post_status":"publish","comment_status":"closed","ping_status":"closed","post_password":"","post_name":"central-catequistica-salesiana","to_ping":"","pinged":"","post_modified":"2022-07-28 17:46:04","post_modified_gmt":"2022-07-28 15:46:04","post_content_filtered":"","post_parent":0,"guid":"http:\/\/dev.claret.cat\/editorial\/central-catequistica-salesiana\/","menu_order":0,"post_type":"editorial","post_mime_type":"","comment_count":"0","filter":"raw"}],"autores-libros":[{"ID":8363,"post_author":"3","post_date":"2022-09-30 09:48:01","post_date_gmt":"2022-09-30 07:48:01","post_content":"","post_title":"JOS\u00c9 MARIA ESCUDERO","post_excerpt":"","post_status":"publish","comment_status":"closed","ping_status":"closed","post_password":"","post_name":"jose-maria-escudero","to_ping":"","pinged":"","post_modified":"2022-09-30 09:48:01","post_modified_gmt":"2022-09-30 07:48:01","post_content_filtered":"","post_parent":0,"guid":"http:\/\/dev.claret.cat\/autor\/jose-maria-escudero\/","menu_order":0,"post_type":"autor","post_mime_type":"","comment_count":"0","filter":"raw"}],"autor":"ESCUDERO, JOS\u00c9 MAR\u00cdA","codart":"849023976","libros-coleccion":"","ediciones":"1","encuadernacion":"R\u00fastica","fecha_de_publicacion":"12\/02\/2020","novedad":"1","paginas":"124","subtitulo":"RECURSOS DE PASTORAL","orden":"0","portada":"0","idioma":"spa"},"aioseo_notices":[],"_links":{"self":[{"href":"https:\/\/www.claret.cat\/es\/wp-json\/wp\/v2\/product\/116143","targetHints":{"allow":["GET"]}}],"collection":[{"href":"https:\/\/www.claret.cat\/es\/wp-json\/wp\/v2\/product"}],"about":[{"href":"https:\/\/www.claret.cat\/es\/wp-json\/wp\/v2\/types\/product"}],"wp:featuredmedia":[{"embeddable":true,"href":"https:\/\/www.claret.cat\/es\/wp-json\/wp\/v2\/media\/359609"}],"wp:attachment":[{"href":"https:\/\/www.claret.cat\/es\/wp-json\/wp\/v2\/media?parent=116143"}],"wp:term":[{"taxonomy":"product_brand","embeddable":true,"href":"https:\/\/www.claret.cat\/es\/wp-json\/wp\/v2\/product_brand?post=116143"},{"taxonomy":"product_cat","embeddable":true,"href":"https:\/\/www.claret.cat\/es\/wp-json\/wp\/v2\/product_cat?post=116143"},{"taxonomy":"product_tag","embeddable":true,"href":"https:\/\/www.claret.cat\/es\/wp-json\/wp\/v2\/product_tag?post=116143"}],"curies":[{"name":"wp","href":"https:\/\/api.w.org\/{rel}","templated":true}]}}