{"id":116152,"date":"2022-10-12T15:12:48","date_gmt":"2022-10-12T13:12:48","guid":{"rendered":"http:\/\/dev.claret.cat\/producte\/formacion-profesional-salesiana\/"},"modified":"2024-06-28T12:25:43","modified_gmt":"2024-06-28T10:25:43","slug":"formacion-profesional-salesiana-9788490239759","status":"publish","type":"product","link":"https:\/\/www.claret.cat\/es\/libro\/formacion-profesional-salesiana-9788490239759\/","title":{"rendered":"FORMACI\u00d3N PROFESIONAL SALESIANA"},"content":{"rendered":"<p>Muchas familias piensan que la decisi\u00f3n de su hijo de matricularse en la formaci\u00f3n profesional (FP) es una especie de fracaso. Tienen la sensaci\u00f3n de que all\u00ed van a parar los que no valen para otra cosa. En cuanto a los profesores, tampoco se animan a trabajar en este nivel educativo, prefieren quedarse en la ense\u00f1anza general.<br \/> \u00a1Y, sin embargo, es posible realizarse en la formaci\u00f3n profesional! Tenemos que decir no a esta l\u00f3gica del fracaso insoslayable y romper con las caricaturas, subraya Jean-Marie Petitclerc en la introducci\u00f3n de este conjunto de testimonios valientes.<br \/> Desde esta realidad, qu\u00e9 bueno es ver a todo un equipo de profesores, educadores y animadores, que escriban y hablen bien de esta formaci\u00f3n tan infravalorada. Para ellos, despu\u00e9s de muchos a\u00f1os de experiencia en un \u00abliceo\u00bb profesional de Francia, esta educaci\u00f3n es una verdadera oportunidad para miles de j\u00f3venes y sus familias. Y si este equipo tiene como base pedag\u00f3gica la formaci\u00f3n integral de la persona siguiendo el Sistema Preventivo que nos dej\u00f3 Don Bosco, mejor todav\u00eda.<br \/> Escuch\u00e9mosles hablar con entusiasmo sobre su profesi\u00f3n. S\u00ed, es posible realizarse, \u00absalvar vidas\u00bb en una escuela de formaci\u00f3n profesional siguiendo el estilo de Don Bosco.<\/p>\n","protected":false},"excerpt":{"rendered":"<p>PETITCLERC, JEAN-MARIE<\/p>\n","protected":false},"featured_media":972498,"template":"","meta":{"_acf_changed":false,"om_disable_all_campaigns":false,"rs_blank_template":"","rs_page_bg_color":"","slide_template_v7":"","inline_featured_image":false,"_monsterinsights_skip_tracking":false,"_monsterinsights_sitenote_active":false,"_monsterinsights_sitenote_note":"","_monsterinsights_sitenote_category":0},"product_brand":[],"product_cat":[90,540],"product_tag":[],"class_list":{"0":"post-116152","1":"product","2":"type-product","3":"status-publish","4":"has-post-thumbnail","6":"product_cat-altres","7":"product_cat-otros","9":"first","10":"outofstock","11":"taxable","12":"shipping-taxable","13":"purchasable","14":"product-type-simple"},"acf":{"editorial":[{"ID":6155,"post_author":"3","post_date":"2022-07-28 17:46:04","post_date_gmt":"2022-07-28 15:46:04","post_content":"","post_title":"Central Catequ\u00edstica Salesiana","post_excerpt":"","post_status":"publish","comment_status":"closed","ping_status":"closed","post_password":"","post_name":"central-catequistica-salesiana","to_ping":"","pinged":"","post_modified":"2022-07-28 17:46:04","post_modified_gmt":"2022-07-28 15:46:04","post_content_filtered":"","post_parent":0,"guid":"http:\/\/dev.claret.cat\/editorial\/central-catequistica-salesiana\/","menu_order":0,"post_type":"editorial","post_mime_type":"","comment_count":"0","filter":"raw"}],"autor":"PETITCLERC, JEAN-MARIE","codart":"849023975","libros-coleccion":"Don Bosco","ediciones":"1","encuadernacion":"R\u00fastica","fecha_de_publicacion":"12\/02\/2020","novedad":"1","paginas":"172","subtitulo":"UNA OPORTUNIDAD CON EL ESTILO DE DON BOSCO","orden":"0","portada":"0","idioma":"spa","autores-libros":[{"ID":158908,"post_author":"3","post_date":"2022-10-14 15:40:33","post_date_gmt":"2022-10-14 13:40:33","post_content":"","post_title":"JEAN-MARIE PETITCLERC","post_excerpt":"","post_status":"publish","comment_status":"closed","ping_status":"closed","post_password":"","post_name":"jean-marie-petitclerc","to_ping":"","pinged":"","post_modified":"2022-10-14 15:40:33","post_modified_gmt":"2022-10-14 13:40:33","post_content_filtered":"","post_parent":0,"guid":"http:\/\/dev.claret.cat\/autor\/jean-marie-petitclerc\/","menu_order":0,"post_type":"autor","post_mime_type":"","comment_count":"0","filter":"raw"}]},"aioseo_notices":[],"_links":{"self":[{"href":"https:\/\/www.claret.cat\/es\/wp-json\/wp\/v2\/product\/116152","targetHints":{"allow":["GET"]}}],"collection":[{"href":"https:\/\/www.claret.cat\/es\/wp-json\/wp\/v2\/product"}],"about":[{"href":"https:\/\/www.claret.cat\/es\/wp-json\/wp\/v2\/types\/product"}],"wp:featuredmedia":[{"embeddable":true,"href":"https:\/\/www.claret.cat\/es\/wp-json\/wp\/v2\/media\/972498"}],"wp:attachment":[{"href":"https:\/\/www.claret.cat\/es\/wp-json\/wp\/v2\/media?parent=116152"}],"wp:term":[{"taxonomy":"product_brand","embeddable":true,"href":"https:\/\/www.claret.cat\/es\/wp-json\/wp\/v2\/product_brand?post=116152"},{"taxonomy":"product_cat","embeddable":true,"href":"https:\/\/www.claret.cat\/es\/wp-json\/wp\/v2\/product_cat?post=116152"},{"taxonomy":"product_tag","embeddable":true,"href":"https:\/\/www.claret.cat\/es\/wp-json\/wp\/v2\/product_tag?post=116152"}],"curies":[{"name":"wp","href":"https:\/\/api.w.org\/{rel}","templated":true}]}}