{"id":116332,"date":"2022-10-12T15:15:18","date_gmt":"2022-10-12T13:15:18","guid":{"rendered":"http:\/\/dev.claret.cat\/producte\/el-castella-la-llengua-del-costat\/"},"modified":"2024-02-05T13:51:40","modified_gmt":"2024-02-05T12:51:40","slug":"el-castella-la-llengua-del-costat-9788498094626","status":"publish","type":"product","link":"https:\/\/www.claret.cat\/es\/libro\/el-castella-la-llengua-del-costat-9788498094626\/","title":{"rendered":"EL CASTELL\u00c0, LA LLENGUA DEL COSTAT"},"content":{"rendered":"<p>Arreu de Catalunya, ara mateix, milions de catalans parlen en castell\u00e0. Per\u00f2 ens sobta molt que un<br \/>catalanoparlant no s\u00e0piga castell\u00e0. Hem oblidat que el castell\u00e0 era la llengua del costat. De fet, de<br \/>vegades sembla que h\u00e0gim oblidat que s\u00f3n dues lleng\u00fces diferents. Com es va introduir el castell\u00e0 a<br \/>Catalunya? Com els nostres rebesavis el van aprendre quan no hi havia Tele5, COPE, ni les s\u00e8ries de<br \/>Netflix? Aquest llibre aborda de manera amena i divertida el paper del castell\u00e0 dels segles XV a les<br \/>portes del XX, amb la definitiva escolaritzaci\u00f3 universal en castell\u00e0. L&#8217;extensi\u00f3 del castell\u00e0 a Catalunya<br \/>t\u00e9 una hist\u00f2ria complexa que es pot explicar amb rigor i humor. Quines viv\u00e8ncies tenien els catalans<br \/>amb la llengua del costat?<\/p>\n","protected":false},"excerpt":{"rendered":"<p>GOM\u00c0 RIBAS, ENRIC<\/p>\n","protected":false},"featured_media":116333,"template":"","meta":{"_acf_changed":false,"om_disable_all_campaigns":false,"rs_blank_template":"","rs_page_bg_color":"","slide_template_v7":"","inline_featured_image":false,"_monsterinsights_skip_tracking":false,"_monsterinsights_sitenote_active":false,"_monsterinsights_sitenote_note":"","_monsterinsights_sitenote_category":0},"product_brand":[],"product_cat":[430,153],"product_tag":[],"class_list":{"0":"post-116332","1":"product","2":"type-product","3":"status-publish","4":"has-post-thumbnail","6":"product_cat-cataluna","7":"product_cat-catalunya","9":"first","10":"instock","11":"taxable","12":"shipping-taxable","13":"purchasable","14":"product-type-simple"},"acf":{"editorial":[{"ID":148023,"post_author":"3","post_date":"2022-10-14 11:55:02","post_date_gmt":"2022-10-14 09:55:02","post_content":"","post_title":"Editorial P\u00f2rtic","post_excerpt":"","post_status":"publish","comment_status":"closed","ping_status":"closed","post_password":"","post_name":"editorial-portic","to_ping":"","pinged":"","post_modified":"2022-10-14 11:55:02","post_modified_gmt":"2022-10-14 09:55:02","post_content_filtered":"","post_parent":0,"guid":"http:\/\/dev.claret.cat\/editorial\/editorial-portic\/","menu_order":0,"post_type":"editorial","post_mime_type":"","comment_count":"0","filter":"raw"}],"autor":"GOM\u00c0 RIBAS, ENRIC","codart":"849809462","libros-coleccion":"P.VISIONS","ediciones":"1","encuadernacion":"R\u00fastica","fecha_de_publicacion":"01\/02\/2020","novedad":"1","paginas":"212","subtitulo":"","orden":"0","portada":"0","idioma":"cat","autores-libros":[{"ID":155108,"post_author":"3","post_date":"2022-10-14 15:10:14","post_date_gmt":"2022-10-14 13:10:14","post_content":"","post_title":"ENRIC GOM\u00c0 RIBAS","post_excerpt":"","post_status":"publish","comment_status":"closed","ping_status":"closed","post_password":"","post_name":"enric-goma-ribas","to_ping":"","pinged":"","post_modified":"2022-10-14 15:10:14","post_modified_gmt":"2022-10-14 13:10:14","post_content_filtered":"","post_parent":0,"guid":"http:\/\/dev.claret.cat\/autor\/enric-goma-ribas\/","menu_order":0,"post_type":"autor","post_mime_type":"","comment_count":"0","filter":"raw"}]},"aioseo_notices":[],"_links":{"self":[{"href":"https:\/\/www.claret.cat\/es\/wp-json\/wp\/v2\/product\/116332","targetHints":{"allow":["GET"]}}],"collection":[{"href":"https:\/\/www.claret.cat\/es\/wp-json\/wp\/v2\/product"}],"about":[{"href":"https:\/\/www.claret.cat\/es\/wp-json\/wp\/v2\/types\/product"}],"wp:featuredmedia":[{"embeddable":true,"href":"https:\/\/www.claret.cat\/es\/wp-json\/wp\/v2\/media\/116333"}],"wp:attachment":[{"href":"https:\/\/www.claret.cat\/es\/wp-json\/wp\/v2\/media?parent=116332"}],"wp:term":[{"taxonomy":"product_brand","embeddable":true,"href":"https:\/\/www.claret.cat\/es\/wp-json\/wp\/v2\/product_brand?post=116332"},{"taxonomy":"product_cat","embeddable":true,"href":"https:\/\/www.claret.cat\/es\/wp-json\/wp\/v2\/product_cat?post=116332"},{"taxonomy":"product_tag","embeddable":true,"href":"https:\/\/www.claret.cat\/es\/wp-json\/wp\/v2\/product_tag?post=116332"}],"curies":[{"name":"wp","href":"https:\/\/api.w.org\/{rel}","templated":true}]}}