{"id":116518,"date":"2022-10-12T15:18:07","date_gmt":"2022-10-12T13:18:07","guid":{"rendered":"http:\/\/dev.claret.cat\/producte\/ha-enterrado-la-ciencia-a-dios-2\/"},"modified":"2024-05-24T04:41:20","modified_gmt":"2024-05-24T02:41:20","slug":"ha-enterrado-la-ciencia-a-dios-9788432152122","status":"publish","type":"product","link":"https:\/\/www.claret.cat\/es\/libro\/ha-enterrado-la-ciencia-a-dios-9788432152122\/","title":{"rendered":"\u00bfHA ENTERRADO LA CIENCIA A DIOS?"},"content":{"rendered":"<p>\u00bfPor qu\u00e9 existe algo en vez de nada? M\u00e1s en concreto, \u00bfpor qu\u00e9 existe el universo? \u00bfDe d\u00f3nde vino y hacia d\u00f3nde va, si es que se encamina a alg\u00fan sitio? \u00bfConstituye la realidad \u00faltima o hay un &#8216;m\u00e1s all\u00e1&#8217;? \u00bfSe puede preguntar por el significado de toda la realidad, o ten\u00eda raz\u00f3n Bertrand cuando dijo que \u00abel universo est\u00e1 ah\u00ed y no hay m\u00e1s\u00bb?<\/p>\n<p> Aunque la ciencia con todo su poder no puede lidiar con algunas de las preguntas fundamentales que hemos hecho, el universo contiene ciertas pistas sobre nuestra relaci\u00f3n con \u00e9l, pistas que son accesibles cient\u00edficamente. La inteligibilidad racional del universo, por ejemplo, apunta a la existencia de una Mente responsable tanto del universo como de nuestras mentes.<\/p>\n","protected":false},"excerpt":{"rendered":"<p>LENNOX, JOHN C.<\/p>\n","protected":false},"featured_media":344356,"template":"","meta":{"_acf_changed":false,"om_disable_all_campaigns":false,"rs_blank_template":"","rs_page_bg_color":"","slide_template_v7":"","inline_featured_image":false,"_monsterinsights_skip_tracking":false,"_monsterinsights_sitenote_active":false,"_monsterinsights_sitenote_note":"","_monsterinsights_sitenote_category":0},"product_brand":[],"product_cat":[90,540],"product_tag":[],"class_list":{"0":"post-116518","1":"product","2":"type-product","3":"status-publish","4":"has-post-thumbnail","6":"product_cat-altres","7":"product_cat-otros","9":"first","10":"instock","11":"taxable","12":"shipping-taxable","13":"purchasable","14":"product-type-simple"},"acf":{"editorial":[{"ID":6348,"post_author":"3","post_date":"2022-07-28 17:50:16","post_date_gmt":"2022-07-28 15:50:16","post_content":"","post_title":"Rialp","post_excerpt":"","post_status":"publish","comment_status":"closed","ping_status":"closed","post_password":"","post_name":"rialp","to_ping":"","pinged":"","post_modified":"2022-07-28 17:50:16","post_modified_gmt":"2022-07-28 15:50:16","post_content_filtered":"","post_parent":0,"guid":"http:\/\/dev.claret.cat\/editorial\/rialp\/","menu_order":0,"post_type":"editorial","post_mime_type":"","comment_count":"0","filter":"raw"}],"autor":"LENNOX, JOHN C.","codart":"843215212","libros-coleccion":"Pensamiento Actual","ediciones":"1","encuadernacion":"R\u00fastica","fecha_de_publicacion":"10\/02\/2020","novedad":"1","paginas":"278","subtitulo":"","orden":"0","portada":"0","idioma":"spa","autores-libros":[{"ID":159621,"post_author":"3","post_date":"2022-10-14 15:46:21","post_date_gmt":"2022-10-14 13:46:21","post_content":"","post_title":"JOHN C. LENNOX","post_excerpt":"","post_status":"publish","comment_status":"closed","ping_status":"closed","post_password":"","post_name":"john-c-lennox","to_ping":"","pinged":"","post_modified":"2022-10-14 15:46:21","post_modified_gmt":"2022-10-14 13:46:21","post_content_filtered":"","post_parent":0,"guid":"http:\/\/dev.claret.cat\/autor\/john-c-lennox\/","menu_order":0,"post_type":"autor","post_mime_type":"","comment_count":"0","filter":"raw"}]},"aioseo_notices":[],"_links":{"self":[{"href":"https:\/\/www.claret.cat\/es\/wp-json\/wp\/v2\/product\/116518","targetHints":{"allow":["GET"]}}],"collection":[{"href":"https:\/\/www.claret.cat\/es\/wp-json\/wp\/v2\/product"}],"about":[{"href":"https:\/\/www.claret.cat\/es\/wp-json\/wp\/v2\/types\/product"}],"wp:featuredmedia":[{"embeddable":true,"href":"https:\/\/www.claret.cat\/es\/wp-json\/wp\/v2\/media\/344356"}],"wp:attachment":[{"href":"https:\/\/www.claret.cat\/es\/wp-json\/wp\/v2\/media?parent=116518"}],"wp:term":[{"taxonomy":"product_brand","embeddable":true,"href":"https:\/\/www.claret.cat\/es\/wp-json\/wp\/v2\/product_brand?post=116518"},{"taxonomy":"product_cat","embeddable":true,"href":"https:\/\/www.claret.cat\/es\/wp-json\/wp\/v2\/product_cat?post=116518"},{"taxonomy":"product_tag","embeddable":true,"href":"https:\/\/www.claret.cat\/es\/wp-json\/wp\/v2\/product_tag?post=116518"}],"curies":[{"name":"wp","href":"https:\/\/api.w.org\/{rel}","templated":true}]}}