{"id":116587,"date":"2022-10-12T15:19:08","date_gmt":"2022-10-12T13:19:08","guid":{"rendered":"http:\/\/dev.claret.cat\/producte\/mysterion-y-sacramentum-evolucion-en-oriente-y-occidente\/"},"modified":"2024-05-23T03:12:08","modified_gmt":"2024-05-23T01:12:08","slug":"mysterion-y-sacramentum-evolucion-en-oriente-y-occidente-9788491652915","status":"publish","type":"product","link":"https:\/\/www.claret.cat\/es\/libro\/mysterion-y-sacramentum-evolucion-en-oriente-y-occidente-9788491652915\/","title":{"rendered":"MYSTERION Y SACRAMENTUM. EVOLUCI\u00d3N EN ORIENTE Y OCCIDENTE"},"content":{"rendered":"<p>El autor va m\u00e1s all\u00e1 de la simple visi\u00f3n de lo que significan estos t\u00e9rminos a primera vista y los hace revivir a lo largo de la historia de la Iglesia: desde el mundo cl\u00e1sico, hasta el movimiento ecum\u00e9nico del siglo pasado. Jos\u00e9 Manuel Fern\u00e1ndez Rodr\u00edguez (Granada, 1977) es laico, profesor de educaci\u00f3n f\u00edsica y de religi\u00f3n, licenciado en estudios eclesi\u00e1sticos y en teolog\u00eda hist\u00f3rico-dogm\u00e1tica, y Doctor en theologia por la Facultad de Teolog\u00eda de Granada. Actualmente, imparte clases de religi\u00f3n en varios institutos p\u00fablicos de educaci\u00f3n secundaria y bachillerato de Granada (archidi\u00f3cesis de Granada), dependientes de la Junta de Andaluc\u00eda. Tiene varias obras publicadas y publica art\u00edculos de distintas tem\u00e1ticas en diferentes revistas de teolog\u00eda, liturgia e historia de diversa difusi\u00f3n. Perito evaluador para art\u00edculos de las revistas (indexadas): Theologica Xaveriana y Di\u00e1logo ecum\u00e9nico; y miembro perteneciente al Consejo de Redacci\u00f3n de esta \u00faltima revista.<\/p>\n","protected":false},"excerpt":{"rendered":"<p>FERN\u00c1NDEZ RODR\u00cdGUEZ, JOS\u00c9 MANUEL<\/p>\n","protected":false},"featured_media":361354,"template":"","meta":{"_acf_changed":false,"om_disable_all_campaigns":false,"rs_blank_template":"","rs_page_bg_color":"","slide_template_v7":"","inline_featured_image":false,"_monsterinsights_skip_tracking":false,"_monsterinsights_sitenote_active":false,"_monsterinsights_sitenote_note":"","_monsterinsights_sitenote_category":0},"product_brand":[],"product_cat":[90,540],"product_tag":[],"class_list":{"0":"post-116587","1":"product","2":"type-product","3":"status-publish","4":"has-post-thumbnail","6":"product_cat-altres","7":"product_cat-otros","9":"first","10":"instock","11":"taxable","12":"shipping-taxable","13":"purchasable","14":"product-type-simple"},"acf":{"editorial":[{"ID":6172,"post_author":"3","post_date":"2022-07-28 17:46:27","post_date_gmt":"2022-07-28 15:46:27","post_content":"","post_title":"CPL","post_excerpt":"","post_status":"publish","comment_status":"closed","ping_status":"closed","post_password":"","post_name":"cpl","to_ping":"","pinged":"","post_modified":"2022-07-28 17:46:27","post_modified_gmt":"2022-07-28 15:46:27","post_content_filtered":"","post_parent":0,"guid":"http:\/\/dev.claret.cat\/editorial\/cpl\/","menu_order":0,"post_type":"editorial","post_mime_type":"","comment_count":"0","filter":"raw"}],"autor":"FERN\u00c1NDEZ RODR\u00cdGUEZ, JOS\u00c9 MANUEL","codart":"849165291","libros-coleccion":"","ediciones":"1","encuadernacion":"R\u00fastica","fecha_de_publicacion":"07\/02\/2020","novedad":"1","paginas":"168","subtitulo":"","orden":"0","portada":"0","idioma":"spa","autores-libros":[{"ID":160402,"post_author":"3","post_date":"2022-10-14 15:52:47","post_date_gmt":"2022-10-14 13:52:47","post_content":"","post_title":"JOS\u00c9 MANUEL FERN\u00c1NDEZ RODR\u00cdGUEZ","post_excerpt":"","post_status":"publish","comment_status":"closed","ping_status":"closed","post_password":"","post_name":"jose-manuel-fernandez-rodriguez","to_ping":"","pinged":"","post_modified":"2022-10-14 15:52:47","post_modified_gmt":"2022-10-14 13:52:47","post_content_filtered":"","post_parent":0,"guid":"http:\/\/dev.claret.cat\/autor\/jose-manuel-fernandez-rodriguez\/","menu_order":0,"post_type":"autor","post_mime_type":"","comment_count":"0","filter":"raw"}]},"aioseo_notices":[],"_links":{"self":[{"href":"https:\/\/www.claret.cat\/es\/wp-json\/wp\/v2\/product\/116587","targetHints":{"allow":["GET"]}}],"collection":[{"href":"https:\/\/www.claret.cat\/es\/wp-json\/wp\/v2\/product"}],"about":[{"href":"https:\/\/www.claret.cat\/es\/wp-json\/wp\/v2\/types\/product"}],"wp:featuredmedia":[{"embeddable":true,"href":"https:\/\/www.claret.cat\/es\/wp-json\/wp\/v2\/media\/361354"}],"wp:attachment":[{"href":"https:\/\/www.claret.cat\/es\/wp-json\/wp\/v2\/media?parent=116587"}],"wp:term":[{"taxonomy":"product_brand","embeddable":true,"href":"https:\/\/www.claret.cat\/es\/wp-json\/wp\/v2\/product_brand?post=116587"},{"taxonomy":"product_cat","embeddable":true,"href":"https:\/\/www.claret.cat\/es\/wp-json\/wp\/v2\/product_cat?post=116587"},{"taxonomy":"product_tag","embeddable":true,"href":"https:\/\/www.claret.cat\/es\/wp-json\/wp\/v2\/product_tag?post=116587"}],"curies":[{"name":"wp","href":"https:\/\/api.w.org\/{rel}","templated":true}]}}