{"id":1166,"date":"2022-07-27T15:48:53","date_gmt":"2022-07-27T13:48:53","guid":{"rendered":"http:\/\/dev.claret.cat\/producto\/la-hija-de-jairo-9788497155328\/"},"modified":"2025-01-04T19:40:34","modified_gmt":"2025-01-04T18:40:34","slug":"la-hija-de-jairo-9788497155328","status":"publish","type":"product","link":"https:\/\/www.claret.cat\/es\/libro\/la-hija-de-jairo-9788497155328\/","title":{"rendered":"LA HIJA DE JAIRO"},"content":{"rendered":"<p>\u00abCafarna\u00fam, mi peque\u00f1a ciudad frente al mar, con sus calles estrechas, el mercado, sus fuentes y encrucijadas\u2026 La sinagoga en el centro, la casa de mis padres, con varios patios y estancias para mi familia y los criados\u2026 La aduana, en la que los publicanos cobraban los impuestos; y el caravasar, en el que se deten\u00edan mercaderes y viajeros. Algo m\u00e1s alejado, el acuartelamiento de la guarnici\u00f3n romana, mandada por un centuri\u00f3n.<\/p>\n<p> \u00bbY el mar de Galilea. Azul. Brillante. Lleno de vida. Arrullado por la brisa y azotado por las tempestades. El que ve\u00edan mis ojos todas las ma\u00f1anas y en el que se perd\u00edan admirando su belleza mientras alababa a Yahv\u00e9, creador de aquel paraje que sosegaba mi alma y animaba mi esp\u00edritu.<\/p>\n<p> \u00bbMis padres hubieran deseado un ni\u00f1o, pero se conformaron conmigo. Muy pronto los defraud\u00e9 en lo que se refiere a ser una buena jud\u00eda: no era una ni\u00f1a d\u00f3cil, no me dejaba sujetar por las tradiciones\u2026 A los diez a\u00f1os comenc\u00e9 a escuchar las conversaciones que los visitantes manten\u00edan con mi padre, algo prohibido para cualquiera, y m\u00e1s para una mujer. Mi curiosidad me llev\u00f3 a adquirir una capacidad de observaci\u00f3n que me ha servido a lo largo de mi vida.<\/p>\n<p> \u00bbPoco antes de cumplir doce a\u00f1os, un acontecimiento cambi\u00f3 mi vida. Por aquellos d\u00edas lleg\u00f3 a Cafarna\u00fam un hombre. Dec\u00edan que se trataba de un artesano o un carpintero, alguien sin relevancia. Su nombre era Jes\u00fas, hijo de Jos\u00e9, y ven\u00eda de una peque\u00f1a aldea del interior llamada Nazaret\u2026\u00bb.<\/p>\n","protected":false},"excerpt":{"rendered":"<p>MUNCHARAZ ROSSI, ANA<\/p>\n","protected":false},"featured_media":388181,"template":"","meta":{"_acf_changed":false,"om_disable_all_campaigns":false,"rs_blank_template":"","rs_page_bg_color":"","slide_template_v7":"","inline_featured_image":false,"_monsterinsights_skip_tracking":false,"_monsterinsights_sitenote_active":false,"_monsterinsights_sitenote_note":"","_monsterinsights_sitenote_category":0},"product_brand":[],"product_cat":[92,542],"product_tag":[],"class_list":{"0":"post-1166","1":"product","2":"type-product","3":"status-publish","4":"has-post-thumbnail","6":"product_cat-vida-religiosa","7":"product_cat-vida-religiosa-1_espiritualidad-spa","9":"first","10":"instock","11":"taxable","12":"shipping-taxable","13":"purchasable","14":"product-type-simple"},"acf":{"autor":"MUNCHARAZ ROSSI, ANA","codart":"849715532","ediciones":"1","encuadernacion":"R\u00fastica","fecha_de_publicacion":"27\/06\/2022","novedad":"1","paginas":"376","subtitulo":"","orden":"0","portada":"0","idioma":"spa","libros-coleccion":"NOVELA HISTORICA","autores-libros":[{"ID":5233,"post_author":"3","post_date":"2022-07-28 17:19:41","post_date_gmt":"2022-07-28 15:19:41","post_content":"","post_title":"ANA MUNCHARAZ ROSSI","post_excerpt":"","post_status":"publish","comment_status":"closed","ping_status":"closed","post_password":"","post_name":"ana-muncharaz-rossi","to_ping":"","pinged":"","post_modified":"2022-07-28 17:19:41","post_modified_gmt":"2022-07-28 15:19:41","post_content_filtered":"","post_parent":0,"guid":"http:\/\/dev.claret.cat\/autor\/ana-muncharaz-rossi\/","menu_order":0,"post_type":"autor","post_mime_type":"","comment_count":"0","filter":"raw"}],"editorial":[{"ID":6157,"post_author":"3","post_date":"2022-07-28 17:46:07","post_date_gmt":"2022-07-28 15:46:07","post_content":"","post_title":"Ciudad Nueva","post_excerpt":"","post_status":"publish","comment_status":"closed","ping_status":"closed","post_password":"","post_name":"ciudad-nueva","to_ping":"","pinged":"","post_modified":"2022-07-28 17:46:07","post_modified_gmt":"2022-07-28 15:46:07","post_content_filtered":"","post_parent":0,"guid":"http:\/\/dev.claret.cat\/editorial\/ciudad-nueva\/","menu_order":0,"post_type":"editorial","post_mime_type":"","comment_count":"0","filter":"raw"}]},"aioseo_notices":[],"_links":{"self":[{"href":"https:\/\/www.claret.cat\/es\/wp-json\/wp\/v2\/product\/1166","targetHints":{"allow":["GET"]}}],"collection":[{"href":"https:\/\/www.claret.cat\/es\/wp-json\/wp\/v2\/product"}],"about":[{"href":"https:\/\/www.claret.cat\/es\/wp-json\/wp\/v2\/types\/product"}],"wp:featuredmedia":[{"embeddable":true,"href":"https:\/\/www.claret.cat\/es\/wp-json\/wp\/v2\/media\/388181"}],"wp:attachment":[{"href":"https:\/\/www.claret.cat\/es\/wp-json\/wp\/v2\/media?parent=1166"}],"wp:term":[{"taxonomy":"product_brand","embeddable":true,"href":"https:\/\/www.claret.cat\/es\/wp-json\/wp\/v2\/product_brand?post=1166"},{"taxonomy":"product_cat","embeddable":true,"href":"https:\/\/www.claret.cat\/es\/wp-json\/wp\/v2\/product_cat?post=1166"},{"taxonomy":"product_tag","embeddable":true,"href":"https:\/\/www.claret.cat\/es\/wp-json\/wp\/v2\/product_tag?post=1166"}],"curies":[{"name":"wp","href":"https:\/\/api.w.org\/{rel}","templated":true}]}}