{"id":116602,"date":"2022-10-12T15:19:22","date_gmt":"2022-10-12T13:19:22","guid":{"rendered":"http:\/\/dev.claret.cat\/producte\/1793\/"},"modified":"2023-01-28T18:26:32","modified_gmt":"2023-01-28T17:26:32","slug":"1793-9788498389852","status":"publish","type":"product","link":"https:\/\/www.claret.cat\/es\/libro\/1793-9788498389852\/","title":{"rendered":"1793"},"content":{"rendered":"<p>El fen\u00f3meno de ventas que ha revolucionado el thriller hist\u00f3rico Premiado en Suecia como Mejor Libro del A\u00f1o y considerado mejor debut por la Academia Sueca de Novela Negra en 2017, 1793  es un apasionante thriller hist\u00f3rico que se ha convertido en un fen\u00f3meno de ventas en toda Europa.<br \/>Un a\u00f1o despu\u00e9s de la muerte del rey Gustavo III, los vientos de la  Revoluci\u00f3n francesa llegan incluso a Suecia, donde la tensi\u00f3n es  palpable en todo el pa\u00eds, convertido en un nido de conspiraciones,  suspicacias y recelos. En esta atm\u00f3sfera irrespirable, Mickel Cardell,  un veterano de la guerra contra Rusia, descubre un cuerpo atrozmente  mutilado en un lago de Estocolmo. Un abogado tuberculoso, el sagaz e  incorruptible Cecil Winge, se hace cargo de las pesquisas, pero el  tiempo apremia: su salud es precaria, la monarqu\u00eda hace aguas y las  revueltas est\u00e1n a la orden del d\u00eda. Winge y Cardell se ver\u00e1n inmersos en  un mundo de truhanes y ladrones, ricos y pobres, piadosos y pecadores,  mercenarios y meretrices. Juntos se enfrentar\u00e1n al mal y a la corrupci\u00f3n  que anidan en la sociedad sueca para esclarecer la misteriosa verdad escondida tras ese terrible crimen. Intenso, descarnado y febril, 1793 insufla vida a las calles  abarrotadas, los suntuosos palacios y los rincones m\u00e1s sombr\u00edos de la  capital sueca a finales del siglo XVIII, y nos ofrece una sorprendente  visi\u00f3n de los delitos que cometemos en nombre de la justicia y los sacrificios que hacemos para sobrevivir. La cr\u00edtica ha dicho&#8230;<br \/>\u00abMaravillosamente escrita y bien construida, esta novela nos arrastra, con las descripciones de lugares y personajes, a un viaje que no termina hasta que se ha le\u00eddo la \u00faltima escena.\u00bb<br \/>De Standaard \u00abApasionante, perturbadora, inteligente y hermosa.\u00bb<br \/>Fredrik Backman \u00abUna novela dura, violenta, compleja, fascinante. [&#8230;] El mejor thriller hist\u00f3rico que he le\u00eddo en los \u00faltimos veinte a\u00f1os.\u00bb<br \/>A. J. Finn \u00abEn su debut novel\u00edstico, Natt och Dag examina los efectos de un brutal  asesinato y a sus investigadores, y explora las causas psicol\u00f3gicas del  crimen. Escalofriante y profunda, implacable, muy bien escrita, es casi imposible dejarla.\u00bb<br \/>Kirkus Reviews  \u00abUna primera novela magistral.\u00bb<br \/>Publishers Weekly  \u00abEste apasionante thriller hist\u00f3rico anuncia la llegada de un nuevo talento europeo. Una novela v\u00edvida y absorbente.\u00bb<br \/>The Observer \u00abAbsolutamente impresionante.\u00bb<br \/>Dagens Nyheter \u00abUn tour de force literario, un libro inteligente e intrigante que el lector recordar\u00e1 mucho despu\u00e9s de haberlo le\u00eddo.\u00bb<br \/>Verdens Gang<\/p>\n","protected":false},"excerpt":{"rendered":"<p>NATT OCH DAG, NIKLAS<\/p>\n","protected":false},"featured_media":116603,"template":"","meta":{"_acf_changed":false,"om_disable_all_campaigns":false,"rs_blank_template":"","rs_page_bg_color":"","slide_template_v7":"","inline_featured_image":false,"_monsterinsights_skip_tracking":false,"_monsterinsights_sitenote_active":false,"_monsterinsights_sitenote_note":"","_monsterinsights_sitenote_category":0},"product_brand":[],"product_cat":[127],"product_tag":[],"class_list":{"0":"post-116602","1":"product","2":"type-product","3":"status-publish","4":"has-post-thumbnail","6":"product_cat-novella-contemporania","8":"first","9":"instock","10":"taxable","11":"shipping-taxable","12":"purchasable","13":"product-type-simple"},"acf":{"editorial":[{"ID":6352,"post_author":"3","post_date":"2022-07-28 17:50:21","post_date_gmt":"2022-07-28 15:50:21","post_content":"","post_title":"SALAMANDRA","post_excerpt":"","post_status":"publish","comment_status":"closed","ping_status":"closed","post_password":"","post_name":"salamandra","to_ping":"","pinged":"","post_modified":"2022-07-28 17:50:21","post_modified_gmt":"2022-07-28 15:50:21","post_content_filtered":"","post_parent":0,"guid":"http:\/\/dev.claret.cat\/editorial\/salamandra\/","menu_order":0,"post_type":"editorial","post_mime_type":"","comment_count":"0","filter":"raw"}],"autores-libros":[{"ID":5892,"post_author":"3","post_date":"2022-07-28 17:33:44","post_date_gmt":"2022-07-28 15:33:44","post_content":"","post_title":"NIKLAS NATT OCH DAG","post_excerpt":"","post_status":"publish","comment_status":"closed","ping_status":"closed","post_password":"","post_name":"niklas-natt-och-dag","to_ping":"","pinged":"","post_modified":"2022-07-28 17:33:44","post_modified_gmt":"2022-07-28 15:33:44","post_content_filtered":"","post_parent":0,"guid":"http:\/\/dev.claret.cat\/autor\/niklas-natt-och-dag\/","menu_order":0,"post_type":"autor","post_mime_type":"","comment_count":"0","filter":"raw"}],"autor":"NATT OCH DAG, NIKLAS","codart":"849838985","libros-coleccion":"Narrativa","ediciones":"1","encuadernacion":"R\u00fastica","fecha_de_publicacion":"01\/01\/2020","novedad":"1","paginas":"426","subtitulo":"","orden":"0","portada":"0","idioma":"spa"},"aioseo_notices":[],"_links":{"self":[{"href":"https:\/\/www.claret.cat\/es\/wp-json\/wp\/v2\/product\/116602","targetHints":{"allow":["GET"]}}],"collection":[{"href":"https:\/\/www.claret.cat\/es\/wp-json\/wp\/v2\/product"}],"about":[{"href":"https:\/\/www.claret.cat\/es\/wp-json\/wp\/v2\/types\/product"}],"wp:featuredmedia":[{"embeddable":true,"href":"https:\/\/www.claret.cat\/es\/wp-json\/wp\/v2\/media\/116603"}],"wp:attachment":[{"href":"https:\/\/www.claret.cat\/es\/wp-json\/wp\/v2\/media?parent=116602"}],"wp:term":[{"taxonomy":"product_brand","embeddable":true,"href":"https:\/\/www.claret.cat\/es\/wp-json\/wp\/v2\/product_brand?post=116602"},{"taxonomy":"product_cat","embeddable":true,"href":"https:\/\/www.claret.cat\/es\/wp-json\/wp\/v2\/product_cat?post=116602"},{"taxonomy":"product_tag","embeddable":true,"href":"https:\/\/www.claret.cat\/es\/wp-json\/wp\/v2\/product_tag?post=116602"}],"curies":[{"name":"wp","href":"https:\/\/api.w.org\/{rel}","templated":true}]}}