{"id":116791,"date":"2022-10-12T15:22:14","date_gmt":"2022-10-12T13:22:14","guid":{"rendered":"http:\/\/dev.claret.cat\/producte\/50-grimpades-facils-pel-pirineu-catala\/"},"modified":"2023-01-28T16:47:58","modified_gmt":"2023-01-28T15:47:58","slug":"50-grimpades-facils-pel-pirineu-catala-9788490349069","status":"publish","type":"product","link":"https:\/\/www.claret.cat\/es\/libro\/50-grimpades-facils-pel-pirineu-catala-9788490349069\/","title":{"rendered":"50 GRIMPADES F\u00c0CILS PEL PIRINEU CATAL\u00c0"},"content":{"rendered":"<p>Grimpar, a part de ser atractiu, t\u00e9 alguna cosa de m\u00e0gic. \u00c9s com un retorn als avantpassats m\u00e9s llunyans, als hom\u00ednids que es movien amb les quatre extremitats. Quan grimpem per assolir un cim sembla que siguem m\u00e9s a prop del cel. Nom\u00e9s grimpant s&#8217;arriba a la majoria dels cims del Pirineu central, inclosos els m\u00edtics tresmils. Al Pirineu catal\u00e0 n&#8217;hi ha menys, i una bona part s\u00f3n assequibles a peu per itineraris normals, per\u00f2 hi ha altres rutes que requereixen grimpada fins i tot en sectors que no s\u00f3n d&#8217;alta muntanya, com a l&#8217;Albera o l&#8217;Alta Garrotxa, a m\u00e9s de serres exteriors del Prepirineu. Dominant la grimpada f\u00e0cil, superant passos puntuals de segon i de tercer grau, acostumant-nos a trams aeris i perdent la por, ens mourem sense problemes pels 50 itineraris que oferim del Pirineu catal\u00e0 i la resta de la serralada.<\/p>\n","protected":false},"excerpt":{"rendered":"<p>FIGUERA I ABADAL , MANEL<\/p>\n","protected":false},"featured_media":320621,"template":"","meta":{"_acf_changed":false,"om_disable_all_campaigns":false,"rs_blank_template":"","rs_page_bg_color":"","slide_template_v7":"","inline_featured_image":false,"_monsterinsights_skip_tracking":false,"_monsterinsights_sitenote_active":false,"_monsterinsights_sitenote_note":"","_monsterinsights_sitenote_category":0},"product_brand":[],"product_cat":[557,107],"product_tag":[],"class_list":{"0":"post-116791","1":"product","2":"type-product","3":"status-publish","4":"has-post-thumbnail","6":"product_cat-guias-de-viaje","7":"product_cat-guies-de-viatge","9":"first","10":"instock","11":"taxable","12":"shipping-taxable","13":"purchasable","14":"product-type-simple"},"acf":{"editorial":[{"ID":6171,"post_author":"3","post_date":"2022-07-28 17:46:25","post_date_gmt":"2022-07-28 15:46:25","post_content":"","post_title":"COSSETANIA EDICIONS","post_excerpt":"","post_status":"publish","comment_status":"closed","ping_status":"closed","post_password":"","post_name":"cossetania-edicions","to_ping":"","pinged":"","post_modified":"2022-07-28 17:46:25","post_modified_gmt":"2022-07-28 15:46:25","post_content_filtered":"","post_parent":0,"guid":"http:\/\/dev.claret.cat\/editorial\/cossetania-edicions\/","menu_order":0,"post_type":"editorial","post_mime_type":"","comment_count":"0","filter":"raw"}],"autor":"FIGUERA I ABADAL , MANEL","codart":"849034906","libros-coleccion":"Azimut","ediciones":"1","encuadernacion":"R\u00fastica","fecha_de_publicacion":"01\/02\/2020","novedad":"1","paginas":"324","subtitulo":"","orden":"0","portada":"0","idioma":"cat","autores-libros":[{"ID":163075,"post_author":"3","post_date":"2022-10-14 17:36:07","post_date_gmt":"2022-10-14 15:36:07","post_content":"","post_title":"MANEL FIGUERA I ABADAL","post_excerpt":"","post_status":"publish","comment_status":"closed","ping_status":"closed","post_password":"","post_name":"manel-figuera-i-abadal","to_ping":"","pinged":"","post_modified":"2022-10-14 17:36:07","post_modified_gmt":"2022-10-14 15:36:07","post_content_filtered":"","post_parent":0,"guid":"http:\/\/dev.claret.cat\/autor\/manel-figuera-i-abadal\/","menu_order":0,"post_type":"autor","post_mime_type":"","comment_count":"0","filter":"raw"}]},"aioseo_notices":[],"_links":{"self":[{"href":"https:\/\/www.claret.cat\/es\/wp-json\/wp\/v2\/product\/116791","targetHints":{"allow":["GET"]}}],"collection":[{"href":"https:\/\/www.claret.cat\/es\/wp-json\/wp\/v2\/product"}],"about":[{"href":"https:\/\/www.claret.cat\/es\/wp-json\/wp\/v2\/types\/product"}],"wp:featuredmedia":[{"embeddable":true,"href":"https:\/\/www.claret.cat\/es\/wp-json\/wp\/v2\/media\/320621"}],"wp:attachment":[{"href":"https:\/\/www.claret.cat\/es\/wp-json\/wp\/v2\/media?parent=116791"}],"wp:term":[{"taxonomy":"product_brand","embeddable":true,"href":"https:\/\/www.claret.cat\/es\/wp-json\/wp\/v2\/product_brand?post=116791"},{"taxonomy":"product_cat","embeddable":true,"href":"https:\/\/www.claret.cat\/es\/wp-json\/wp\/v2\/product_cat?post=116791"},{"taxonomy":"product_tag","embeddable":true,"href":"https:\/\/www.claret.cat\/es\/wp-json\/wp\/v2\/product_tag?post=116791"}],"curies":[{"name":"wp","href":"https:\/\/api.w.org\/{rel}","templated":true}]}}