{"id":116911,"date":"2022-10-12T15:23:53","date_gmt":"2022-10-12T13:23:53","guid":{"rendered":"http:\/\/dev.claret.cat\/producte\/el-misterios-lladre-de-formatges\/"},"modified":"2025-10-20T20:06:36","modified_gmt":"2025-10-20T18:06:36","slug":"el-misterios-lladre-de-formatges-9788418134135","status":"publish","type":"product","link":"https:\/\/www.claret.cat\/es\/libro\/el-misterios-lladre-de-formatges-9788418134135\/","title":{"rendered":"EL MISTERI\u00d3S LLADRE DE FORMATGES"},"content":{"rendered":"<p>I per qu\u00e8 he de marxar a la Gran Bretanya, on es produeix un fam\u00f3s formatge que justament es diu Stilton? I qu\u00e8 hi tinc a veure jo amb un misteri\u00f3s rosegador que ha robat totes les peces de formatge&#8230; &#8216;Stilton&#8217;?<\/p>\n","protected":false},"excerpt":{"rendered":"<p>STILTON, GERONIMO<\/p>\n","protected":false},"featured_media":116912,"template":"","meta":{"_acf_changed":false,"om_disable_all_campaigns":false,"rs_blank_template":"","rs_page_bg_color":"","slide_template_v7":"","inline_featured_image":false,"_monsterinsights_skip_tracking":false,"_monsterinsights_sitenote_active":false,"_monsterinsights_sitenote_note":"","_monsterinsights_sitenote_category":0},"product_brand":[],"product_cat":[132,362],"product_tag":[],"class_list":{"0":"post-116911","1":"product","2":"type-product","3":"status-publish","4":"has-post-thumbnail","6":"product_cat-lectures-per-preadolescents-6-12-anys","7":"product_cat-libros-preadolescentes-6-12-anos","9":"first","10":"instock","11":"taxable","12":"shipping-taxable","13":"purchasable","14":"product-type-simple"},"acf":{"editorial":[{"ID":6249,"post_author":"3","post_date":"2022-07-28 17:48:09","post_date_gmt":"2022-07-28 15:48:09","post_content":"","post_title":"Estrella Polar","post_excerpt":"","post_status":"publish","comment_status":"closed","ping_status":"closed","post_password":"","post_name":"estrella-polar","to_ping":"","pinged":"","post_modified":"2022-07-28 17:48:09","post_modified_gmt":"2022-07-28 15:48:09","post_content_filtered":"","post_parent":0,"guid":"http:\/\/dev.claret.cat\/editorial\/estrella-polar\/","menu_order":0,"post_type":"editorial","post_mime_type":"","comment_count":"0","filter":"raw"}],"autores-libros":[{"ID":5510,"post_author":"3","post_date":"2022-07-28 17:25:32","post_date_gmt":"2022-07-28 15:25:32","post_content":"","post_title":"GERONIMO STILTON","post_excerpt":"","post_status":"publish","comment_status":"closed","ping_status":"closed","post_password":"","post_name":"geronimo-stilton","to_ping":"","pinged":"","post_modified":"2022-07-28 17:25:32","post_modified_gmt":"2022-07-28 15:25:32","post_content_filtered":"","post_parent":0,"guid":"http:\/\/dev.claret.cat\/autor\/geronimo-stilton\/","menu_order":0,"post_type":"autor","post_mime_type":"","comment_count":"0","filter":"raw"}],"autor":"STILTON, GERONIMO","codart":"841813413","libros-coleccion":"GERONIMO STILTON. ELS GROCS","ediciones":"1","encuadernacion":"R\u00fastica","fecha_de_publicacion":"01\/02\/2020","novedad":"1","paginas":"128","subtitulo":"","orden":"0","portada":"0","idioma":"cat","booktrailer":"","resenas":""},"aioseo_notices":[],"_links":{"self":[{"href":"https:\/\/www.claret.cat\/es\/wp-json\/wp\/v2\/product\/116911","targetHints":{"allow":["GET"]}}],"collection":[{"href":"https:\/\/www.claret.cat\/es\/wp-json\/wp\/v2\/product"}],"about":[{"href":"https:\/\/www.claret.cat\/es\/wp-json\/wp\/v2\/types\/product"}],"wp:featuredmedia":[{"embeddable":true,"href":"https:\/\/www.claret.cat\/es\/wp-json\/wp\/v2\/media\/116912"}],"wp:attachment":[{"href":"https:\/\/www.claret.cat\/es\/wp-json\/wp\/v2\/media?parent=116911"}],"wp:term":[{"taxonomy":"product_brand","embeddable":true,"href":"https:\/\/www.claret.cat\/es\/wp-json\/wp\/v2\/product_brand?post=116911"},{"taxonomy":"product_cat","embeddable":true,"href":"https:\/\/www.claret.cat\/es\/wp-json\/wp\/v2\/product_cat?post=116911"},{"taxonomy":"product_tag","embeddable":true,"href":"https:\/\/www.claret.cat\/es\/wp-json\/wp\/v2\/product_tag?post=116911"}],"curies":[{"name":"wp","href":"https:\/\/api.w.org\/{rel}","templated":true}]}}